{"id":1238,"date":"2025-03-26T15:49:43","date_gmt":"2025-03-26T15:49:43","guid":{"rendered":"https:\/\/nucleojoalheria.org\/?page_id=1238"},"modified":"2025-04-06T14:09:19","modified_gmt":"2025-04-06T17:09:19","slug":"nucleo-ocupa","status":"publish","type":"page","link":"https:\/\/nucleojoalheria.org\/en\/nucleo-ocupa\/","title":{"rendered":"N\u00facleo Occupies"},"content":{"rendered":"<div data-elementor-type=\"wp-page\" data-elementor-id=\"1238\" class=\"elementor elementor-1238\" data-elementor-post-type=\"page\">\n\t\t\t\t<div class=\"elementor-element elementor-element-ba8178d e-con-full e-flex e-con e-parent\" data-id=\"ba8178d\" data-element_type=\"container\" data-e-type=\"container\" data-settings=\"{&quot;background_background&quot;:&quot;classic&quot;,&quot;jet_parallax_layout_list&quot;:[]}\">\n\t\t<div class=\"elementor-element elementor-element-2eafe68 e-con-full e-flex e-con e-child\" data-id=\"2eafe68\" data-element_type=\"container\" data-e-type=\"container\" data-settings=\"{&quot;background_background&quot;:&quot;classic&quot;,&quot;jet_parallax_layout_list&quot;:[]}\">\n\t\t\t\t<\/div>\n\t\t<div class=\"elementor-element elementor-element-fa80699 e-con-full e-flex e-con e-child\" data-id=\"fa80699\" data-element_type=\"container\" data-e-type=\"container\" data-settings=\"{&quot;background_background&quot;:&quot;classic&quot;,&quot;jet_parallax_layout_list&quot;:[]}\">\n\t\t\t\t<div class=\"elementor-element elementor-element-2251bfb elementor-widget elementor-widget-heading\" data-id=\"2251bfb\" data-element_type=\"widget\" data-e-type=\"widget\" data-widget_type=\"heading.default\">\n\t\t\t\t\t<h2 class=\"elementor-heading-title elementor-size-default\">GALERIA N\u00daCLEO OCUPA\n<\/h2>\t\t\t\t<\/div>\n\t\t\t\t<div class=\"elementor-element elementor-element-990a861 elementor-widget elementor-widget-text-editor\" data-id=\"990a861\" data-element_type=\"widget\" data-e-type=\"widget\" data-widget_type=\"text-editor.default\">\n\t\t\t\t\t\t\t\t\t<p>Ocupa espa\u00e7os urbanos por per\u00edodos tempor\u00e1rios.<\/p><p>Interven\u00e7\u00e3o ordenada por artistas joalheiros contempor\u00e2neos que buscam novas possibilidades para comercializar, propagar e propiciar ao p\u00fablico consumidor joalheria contempor\u00e2nea<\/p>\t\t\t\t\t\t\t\t<\/div>\n\t\t\t\t<\/div>\n\t\t\t\t<\/div>\n\t\t<div class=\"elementor-element elementor-element-315517f e-con-full e-flex e-con e-parent\" data-id=\"315517f\" data-element_type=\"container\" data-e-type=\"container\" data-settings=\"{&quot;jet_parallax_layout_list&quot;:[]}\">\n\t\t\t\t<div class=\"elementor-element elementor-element-d7476c4 elementor-widget elementor-widget-gallery\" data-id=\"d7476c4\" data-element_type=\"widget\" data-e-type=\"widget\" data-settings=\"{&quot;gallery_layout&quot;:&quot;masonry&quot;,&quot;lazyload&quot;:&quot;yes&quot;,&quot;columns&quot;:4,&quot;columns_tablet&quot;:2,&quot;columns_mobile&quot;:1,&quot;gap&quot;:{&quot;unit&quot;:&quot;px&quot;,&quot;size&quot;:10,&quot;sizes&quot;:[]},&quot;gap_tablet&quot;:{&quot;unit&quot;:&quot;px&quot;,&quot;size&quot;:10,&quot;sizes&quot;:[]},&quot;gap_mobile&quot;:{&quot;unit&quot;:&quot;px&quot;,&quot;size&quot;:10,&quot;sizes&quot;:[]},&quot;link_to&quot;:&quot;file&quot;,&quot;overlay_background&quot;:&quot;yes&quot;,&quot;content_hover_animation&quot;:&quot;fade-in&quot;}\" data-widget_type=\"gallery.default\">\n\t\t\t\t\t\t\t<div class=\"elementor-gallery__container\">\n\t\t\t\t\t\t\t<a class=\"e-gallery-item elementor-gallery-item elementor-animated-content\" href=\"https:\/\/nucleojoalheria.org\/wp-content\/uploads\/2025\/03\/daef45_68eafa218c2843d981bd382848d44ecamv2.avif\" data-elementor-open-lightbox=\"yes\" data-elementor-lightbox-slideshow=\"d7476c4\" data-elementor-lightbox-title=\"daef45_68eafa218c2843d981bd382848d44eca~mv2\" data-e-action-hash=\"#elementor-action%3Aaction%3Dlightbox%26settings%3DeyJpZCI6MTI1MSwidXJsIjoiaHR0cHM6XC9cL251Y2xlb2pvYWxoZXJpYS5vcmdcL3dwLWNvbnRlbnRcL3VwbG9hZHNcLzIwMjVcLzAzXC9kYWVmNDVfNjhlYWZhMjE4YzI4NDNkOTgxYmQzODI4NDhkNDRlY2FtdjIuYXZpZiIsInNsaWRlc2hvdyI6ImQ3NDc2YzQifQ%3D%3D\">\n\t\t\t\t\t<div class=\"e-gallery-image elementor-gallery-item__image\" data-thumbnail=\"https:\/\/nucleojoalheria.org\/wp-content\/uploads\/2025\/03\/daef45_68eafa218c2843d981bd382848d44ecamv2.avif\" data-width=\"521\" data-height=\"749\" aria-label=\"\" role=\"img\" ><\/div>\n\t\t\t\t\t\t\t\t\t\t\t<div class=\"elementor-gallery-item__overlay\"><\/div>\n\t\t\t\t\t\t\t\t\t\t\t\t\t\t<\/a>\n\t\t\t\t\t\t\t<a class=\"e-gallery-item elementor-gallery-item elementor-animated-content\" href=\"https:\/\/nucleojoalheria.org\/wp-content\/uploads\/2025\/03\/daef45_443caefefbaf45238faf33021a165b6dmv2.avif\" data-elementor-open-lightbox=\"yes\" data-elementor-lightbox-slideshow=\"d7476c4\" data-elementor-lightbox-title=\"daef45_443caefefbaf45238faf33021a165b6d~mv2\" data-e-action-hash=\"#elementor-action%3Aaction%3Dlightbox%26settings%3DeyJpZCI6MTI1MiwidXJsIjoiaHR0cHM6XC9cL251Y2xlb2pvYWxoZXJpYS5vcmdcL3dwLWNvbnRlbnRcL3VwbG9hZHNcLzIwMjVcLzAzXC9kYWVmNDVfNDQzY2FlZmVmYmFmNDUyMzhmYWYzMzAyMWExNjViNmRtdjIuYXZpZiIsInNsaWRlc2hvdyI6ImQ3NDc2YzQifQ%3D%3D\">\n\t\t\t\t\t<div class=\"e-gallery-image elementor-gallery-item__image\" data-thumbnail=\"https:\/\/nucleojoalheria.org\/wp-content\/uploads\/2025\/03\/daef45_443caefefbaf45238faf33021a165b6dmv2.avif\" data-width=\"650\" data-height=\"749\" aria-label=\"\" role=\"img\" ><\/div>\n\t\t\t\t\t\t\t\t\t\t\t<div class=\"elementor-gallery-item__overlay\"><\/div>\n\t\t\t\t\t\t\t\t\t\t\t\t\t\t<\/a>\n\t\t\t\t\t\t\t<a class=\"e-gallery-item elementor-gallery-item elementor-animated-content\" href=\"https:\/\/nucleojoalheria.org\/wp-content\/uploads\/2025\/03\/daef45_158a9423357a46b1aa28e85cdfc4eb70mv2.avif\" data-elementor-open-lightbox=\"yes\" data-elementor-lightbox-slideshow=\"d7476c4\" data-elementor-lightbox-title=\"daef45_158a9423357a46b1aa28e85cdfc4eb70~mv2\" data-e-action-hash=\"#elementor-action%3Aaction%3Dlightbox%26settings%3DeyJpZCI6MTI1MywidXJsIjoiaHR0cHM6XC9cL251Y2xlb2pvYWxoZXJpYS5vcmdcL3dwLWNvbnRlbnRcL3VwbG9hZHNcLzIwMjVcLzAzXC9kYWVmNDVfMTU4YTk0MjMzNTdhNDZiMWFhMjhlODVjZGZjNGViNzBtdjIuYXZpZiIsInNsaWRlc2hvdyI6ImQ3NDc2YzQifQ%3D%3D\">\n\t\t\t\t\t<div class=\"e-gallery-image elementor-gallery-item__image\" data-thumbnail=\"https:\/\/nucleojoalheria.org\/wp-content\/uploads\/2025\/03\/daef45_158a9423357a46b1aa28e85cdfc4eb70mv2.avif\" data-width=\"567\" data-height=\"749\" aria-label=\"\" role=\"img\" ><\/div>\n\t\t\t\t\t\t\t\t\t\t\t<div class=\"elementor-gallery-item__overlay\"><\/div>\n\t\t\t\t\t\t\t\t\t\t\t\t\t\t<\/a>\n\t\t\t\t\t\t\t<a class=\"e-gallery-item elementor-gallery-item elementor-animated-content\" href=\"https:\/\/nucleojoalheria.org\/wp-content\/uploads\/2025\/03\/daef45_86b5b991c4424e41bdc63b594dda8a0fmv2.avif\" data-elementor-open-lightbox=\"yes\" data-elementor-lightbox-slideshow=\"d7476c4\" data-elementor-lightbox-title=\"daef45_86b5b991c4424e41bdc63b594dda8a0f~mv2\" data-e-action-hash=\"#elementor-action%3Aaction%3Dlightbox%26settings%3DeyJpZCI6MTI1NCwidXJsIjoiaHR0cHM6XC9cL251Y2xlb2pvYWxoZXJpYS5vcmdcL3dwLWNvbnRlbnRcL3VwbG9hZHNcLzIwMjVcLzAzXC9kYWVmNDVfODZiNWI5OTFjNDQyNGU0MWJkYzYzYjU5NGRkYThhMGZtdjIuYXZpZiIsInNsaWRlc2hvdyI6ImQ3NDc2YzQifQ%3D%3D\">\n\t\t\t\t\t<div class=\"e-gallery-image elementor-gallery-item__image\" data-thumbnail=\"https:\/\/nucleojoalheria.org\/wp-content\/uploads\/2025\/03\/daef45_86b5b991c4424e41bdc63b594dda8a0fmv2.avif\" data-width=\"1088\" data-height=\"749\" aria-label=\"\" role=\"img\" ><\/div>\n\t\t\t\t\t\t\t\t\t\t\t<div class=\"elementor-gallery-item__overlay\"><\/div>\n\t\t\t\t\t\t\t\t\t\t\t\t\t\t<\/a>\n\t\t\t\t\t\t\t<a class=\"e-gallery-item elementor-gallery-item elementor-animated-content\" href=\"https:\/\/nucleojoalheria.org\/wp-content\/uploads\/2025\/03\/daef45_06a7588f44d249e3ad8c9605cceabc3bmv2.avif\" data-elementor-open-lightbox=\"yes\" data-elementor-lightbox-slideshow=\"d7476c4\" data-elementor-lightbox-title=\"daef45_06a7588f44d249e3ad8c9605cceabc3b~mv2\" data-e-action-hash=\"#elementor-action%3Aaction%3Dlightbox%26settings%3DeyJpZCI6MTI1NSwidXJsIjoiaHR0cHM6XC9cL251Y2xlb2pvYWxoZXJpYS5vcmdcL3dwLWNvbnRlbnRcL3VwbG9hZHNcLzIwMjVcLzAzXC9kYWVmNDVfMDZhNzU4OGY0NGQyNDllM2FkOGM5NjA1Y2NlYWJjM2JtdjIuYXZpZiIsInNsaWRlc2hvdyI6ImQ3NDc2YzQifQ%3D%3D\">\n\t\t\t\t\t<div class=\"e-gallery-image elementor-gallery-item__image\" data-thumbnail=\"https:\/\/nucleojoalheria.org\/wp-content\/uploads\/2025\/03\/daef45_06a7588f44d249e3ad8c9605cceabc3bmv2.avif\" data-width=\"587\" data-height=\"748\" aria-label=\"\" role=\"img\" ><\/div>\n\t\t\t\t\t\t\t\t\t\t\t<div class=\"elementor-gallery-item__overlay\"><\/div>\n\t\t\t\t\t\t\t\t\t\t\t\t\t\t<\/a>\n\t\t\t\t\t\t\t<a class=\"e-gallery-item elementor-gallery-item elementor-animated-content\" href=\"https:\/\/nucleojoalheria.org\/wp-content\/uploads\/2025\/03\/daef45_65c90b1a7d5f42059b6369e66ae456a5mv2.avif\" data-elementor-open-lightbox=\"yes\" data-elementor-lightbox-slideshow=\"d7476c4\" data-elementor-lightbox-title=\"daef45_65c90b1a7d5f42059b6369e66ae456a5~mv2\" data-e-action-hash=\"#elementor-action%3Aaction%3Dlightbox%26settings%3DeyJpZCI6MTI1NiwidXJsIjoiaHR0cHM6XC9cL251Y2xlb2pvYWxoZXJpYS5vcmdcL3dwLWNvbnRlbnRcL3VwbG9hZHNcLzIwMjVcLzAzXC9kYWVmNDVfNjVjOTBiMWE3ZDVmNDIwNTliNjM2OWU2NmFlNDU2YTVtdjIuYXZpZiIsInNsaWRlc2hvdyI6ImQ3NDc2YzQifQ%3D%3D\">\n\t\t\t\t\t<div class=\"e-gallery-image elementor-gallery-item__image\" data-thumbnail=\"https:\/\/nucleojoalheria.org\/wp-content\/uploads\/2025\/03\/daef45_65c90b1a7d5f42059b6369e66ae456a5mv2.avif\" data-width=\"652\" data-height=\"716\" aria-label=\"\" role=\"img\" ><\/div>\n\t\t\t\t\t\t\t\t\t\t\t<div class=\"elementor-gallery-item__overlay\"><\/div>\n\t\t\t\t\t\t\t\t\t\t\t\t\t\t<\/a>\n\t\t\t\t\t<\/div>\n\t\t\t\t\t<\/div>\n\t\t\t\t<\/div>\n\t\t\t\t<\/div>","protected":false},"excerpt":{"rendered":"<p>GALERIA N\u00daCLEO OCUPA Ocupa espa\u00e7os urbanos por per\u00edodos tempor\u00e1rios. Interven\u00e7\u00e3o ordenada por artistas joalheiros contempor\u00e2neos que buscam novas possibilidades para comercializar, propagar e propiciar ao p\u00fablico consumidor joalheria contempor\u00e2nea<\/p>","protected":false},"author":65,"featured_media":0,"parent":0,"menu_order":0,"comment_status":"closed","ping_status":"closed","template":"","meta":{"footnotes":""},"class_list":["post-1238","page","type-page","status-publish","hentry"],"_links":{"self":[{"href":"https:\/\/nucleojoalheria.org\/en\/wp-json\/wp\/v2\/pages\/1238","targetHints":{"allow":["GET"]}}],"collection":[{"href":"https:\/\/nucleojoalheria.org\/en\/wp-json\/wp\/v2\/pages"}],"about":[{"href":"https:\/\/nucleojoalheria.org\/en\/wp-json\/wp\/v2\/types\/page"}],"author":[{"embeddable":true,"href":"https:\/\/nucleojoalheria.org\/en\/wp-json\/wp\/v2\/users\/65"}],"replies":[{"embeddable":true,"href":"https:\/\/nucleojoalheria.org\/en\/wp-json\/wp\/v2\/comments?post=1238"}],"version-history":[{"count":0,"href":"https:\/\/nucleojoalheria.org\/en\/wp-json\/wp\/v2\/pages\/1238\/revisions"}],"wp:attachment":[{"href":"https:\/\/nucleojoalheria.org\/en\/wp-json\/wp\/v2\/media?parent=1238"}],"curies":[{"name":"wp","href":"https:\/\/api.w.org\/{rel}","templated":true}]}}