{"id":370,"date":"2025-02-02T17:05:45","date_gmt":"2025-02-02T17:05:45","guid":{"rendered":"https:\/\/nucleojoalheria.org\/cart\/"},"modified":"2026-02-08T01:19:39","modified_gmt":"2026-02-08T04:19:39","slug":"carrinho","status":"publish","type":"page","link":"https:\/\/nucleojoalheria.org\/en\/carrinho\/","title":{"rendered":"Carrinho"},"content":{"rendered":"<div data-elementor-type=\"wp-page\" data-elementor-id=\"370\" class=\"elementor elementor-370\" data-elementor-post-type=\"page\">\n\t\t\t\t<div class=\"elementor-element elementor-element-d1906eb animated-fast e-flex e-con-boxed e-con e-parent\" data-id=\"d1906eb\" data-element_type=\"container\" data-e-type=\"container\" data-settings=\"{&quot;jet_parallax_layout_list&quot;:[],&quot;background_background&quot;:&quot;classic&quot;,&quot;animation&quot;:&quot;none&quot;,&quot;animation_delay&quot;:&quot;600&quot;}\">\n\t\t\t\t\t<div class=\"e-con-inner\">\n\t\t\t\t\t<\/div>\n\t\t\t\t<\/div>\n\t\t<div class=\"elementor-element elementor-element-6fa79636 e-con-full e-flex e-con e-parent\" data-id=\"6fa79636\" data-element_type=\"container\" data-e-type=\"container\" data-settings=\"{&quot;jet_parallax_layout_list&quot;:[]}\">\n\t\t\t\t<\/div>\n\t\t\t\t<\/div>","protected":false},"excerpt":{"rendered":"<p>Cliente correspondeu \u00e0 \u00e1rea &#8220;Brasil&#8221; Remover item Imagem de miniatura Produto Pre\u00e7o Quantidade Subtotal &times; Anel \u00c0 Flor da Pele (G) &#82;&#36;&nbsp;532,00 Anel \u00c0 Flor da Pele (G) quantity &#8211; + &#82;&#36;&nbsp;1.064,00 Aplicar cupom Total no carrinho Subtotal &#82;&#36;&nbsp;1.064,00 Remessa 1 Loggi Express (11 a 12 dias \u00fateis): &#82;&#36;&nbsp;41,74 Correios PAC (10 a 11 dias [&hellip;]<\/p>\n","protected":false},"author":65,"featured_media":0,"parent":0,"menu_order":0,"comment_status":"closed","ping_status":"closed","template":"elementor_header_footer","meta":{"footnotes":""},"class_list":["post-370","page","type-page","status-publish","hentry"],"_links":{"self":[{"href":"https:\/\/nucleojoalheria.org\/en\/wp-json\/wp\/v2\/pages\/370","targetHints":{"allow":["GET"]}}],"collection":[{"href":"https:\/\/nucleojoalheria.org\/en\/wp-json\/wp\/v2\/pages"}],"about":[{"href":"https:\/\/nucleojoalheria.org\/en\/wp-json\/wp\/v2\/types\/page"}],"author":[{"embeddable":true,"href":"https:\/\/nucleojoalheria.org\/en\/wp-json\/wp\/v2\/users\/65"}],"replies":[{"embeddable":true,"href":"https:\/\/nucleojoalheria.org\/en\/wp-json\/wp\/v2\/comments?post=370"}],"version-history":[{"count":0,"href":"https:\/\/nucleojoalheria.org\/en\/wp-json\/wp\/v2\/pages\/370\/revisions"}],"wp:attachment":[{"href":"https:\/\/nucleojoalheria.org\/en\/wp-json\/wp\/v2\/media?parent=370"}],"curies":[{"name":"wp","href":"https:\/\/api.w.org\/{rel}","templated":true}]}}