{"id":372,"date":"2025-02-02T17:05:45","date_gmt":"2025-02-02T17:05:45","guid":{"rendered":"https:\/\/nucleojoalheria.org\/my-account\/"},"modified":"2026-02-20T21:21:57","modified_gmt":"2026-02-21T00:21:57","slug":"minha-conta","status":"publish","type":"page","link":"https:\/\/nucleojoalheria.org\/en\/minha-conta\/","title":{"rendered":"My Account"},"content":{"rendered":"<div data-elementor-type=\"wp-page\" data-elementor-id=\"372\" class=\"elementor elementor-372\" data-elementor-post-type=\"page\">\n\t\t\t\t<div class=\"elementor-element elementor-element-c9ca9dc e-con-full e-flex e-con e-parent\" data-id=\"c9ca9dc\" data-element_type=\"container\" data-e-type=\"container\" data-settings=\"{&quot;background_background&quot;:&quot;classic&quot;,&quot;jet_parallax_layout_list&quot;:[]}\">\n\t\t\t\t<div class=\"elementor-element elementor-element-391cd23 elementor-widget elementor-widget-heading\" data-id=\"391cd23\" data-element_type=\"widget\" data-e-type=\"widget\" data-widget_type=\"heading.default\">\n\t\t\t\t\t<h1 class=\"elementor-heading-title elementor-size-default\">My Account<\/h1>\t\t\t\t<\/div>\n\t\t\t\t<\/div>\n\t\t<div class=\"elementor-element elementor-element-60126ca3 e-con-full e-flex e-con e-parent\" data-id=\"60126ca3\" data-element_type=\"container\" data-e-type=\"container\" data-settings=\"{&quot;jet_parallax_layout_list&quot;:[]}\">\n\t\t\t\t<div class=\"elementor-element elementor-element-3d3b3d9 elementor-hidden-tablet elementor-hidden-mobile e-my-account-tabs-vertical elementor-widget elementor-widget-woocommerce-my-account\" data-id=\"3d3b3d9\" data-element_type=\"widget\" data-e-type=\"widget\" data-settings=\"{&quot;customize_dashboard_check&quot;:&quot;yes&quot;}\" data-widget_type=\"woocommerce-my-account.default\">\n\t\t\t\t\t<div class=\"e-my-account-tab e-my-account-tab__\">\t\t\t<div class=\"woocommerce\"><\/div>\t\t<\/div>\n\t\t\t\t\t\t<\/div>\n\t\t\t\t<div class=\"elementor-element elementor-element-509d251 elementor-hidden-desktop e-my-account-tabs-vertical elementor-widget elementor-widget-woocommerce-my-account\" data-id=\"509d251\" data-element_type=\"widget\" data-e-type=\"widget\" data-settings=\"{&quot;customize_dashboard_check&quot;:&quot;yes&quot;}\" data-widget_type=\"woocommerce-my-account.default\">\n\t\t\t\t\t<div class=\"e-my-account-tab e-my-account-tab__\">\t\t\t<div class=\"woocommerce\"><\/div>\t\t<\/div>\n\t\t\t\t\t\t<\/div>\n\t\t\t\t<\/div>\n\t\t\t\t<\/div>","protected":false},"excerpt":{"rendered":"<p>Minha Conta Painel Pedidos Endere\u00e7os M\u00e9todos de pagamento Detalhes da conta Sair Ol\u00e1, Allexei Vaz (n\u00e3o \u00e9 Allexei Vaz? Sair) A partir do painel de controle de sua conta, voc\u00ea pode ver suas compras recentes, gerenciar seus endere\u00e7os de entrega e cobran\u00e7a, e editar sua senha e detalhes da conta. Meus Cursos Pedidos Endere\u00e7os M\u00e9todos [&hellip;]<\/p>\n","protected":false},"author":65,"featured_media":0,"parent":0,"menu_order":0,"comment_status":"closed","ping_status":"closed","template":"elementor_header_footer","meta":{"footnotes":""},"class_list":["post-372","page","type-page","status-publish","hentry"],"_links":{"self":[{"href":"https:\/\/nucleojoalheria.org\/en\/wp-json\/wp\/v2\/pages\/372","targetHints":{"allow":["GET"]}}],"collection":[{"href":"https:\/\/nucleojoalheria.org\/en\/wp-json\/wp\/v2\/pages"}],"about":[{"href":"https:\/\/nucleojoalheria.org\/en\/wp-json\/wp\/v2\/types\/page"}],"author":[{"embeddable":true,"href":"https:\/\/nucleojoalheria.org\/en\/wp-json\/wp\/v2\/users\/65"}],"replies":[{"embeddable":true,"href":"https:\/\/nucleojoalheria.org\/en\/wp-json\/wp\/v2\/comments?post=372"}],"version-history":[{"count":0,"href":"https:\/\/nucleojoalheria.org\/en\/wp-json\/wp\/v2\/pages\/372\/revisions"}],"wp:attachment":[{"href":"https:\/\/nucleojoalheria.org\/en\/wp-json\/wp\/v2\/media?parent=372"}],"curies":[{"name":"wp","href":"https:\/\/api.w.org\/{rel}","templated":true}]}}