{"id":2687,"date":"2025-06-18T20:09:59","date_gmt":"2025-06-18T23:09:59","guid":{"rendered":"https:\/\/nucleojoalheria.org\/?post_type=product&#038;p=2687"},"modified":"2025-06-18T21:59:41","modified_gmt":"2025-06-19T00:59:41","slug":"pulseira-rachaduras-1","status":"publish","type":"product","link":"https:\/\/nucleojoalheria.org\/en\/product\/pulseira-rachaduras-1\/","title":{"rendered":"Pulseira Rachaduras 1"},"content":{"rendered":"<p data-sourcepos=\"1:1-1:218\"><strong>Pulseira Rachaduras I<\/strong><\/p>\n<p data-sourcepos=\"1:1-1:218\">da artista Carmen Ciancio<\/p>\n<p data-sourcepos=\"1:1-1:218\">Uma pe\u00e7a de joalheria autoral que explora a materialidade de forma inovadora<\/p>\n<p data-sourcepos=\"1:1-1:218\">Combinando <strong>feltro, couro e a\u00e7o<\/strong> para formar uma pe\u00e7a de forte impacto visual e t\u00e1til<\/p>\n<p data-sourcepos=\"3:1-3:219\">A estrutura destaca-se por sua complexidade e volume, com elementos que se projetam e criam uma silhueta org\u00e2nica. As cores, que v\u00e3o dos tons terrosos a vibrantes vermelhos, adicionam dinamismo \u00e0 composi\u00e7\u00e3o.<\/p>\n<p data-sourcepos=\"5:1-5:140\">Vestir esta cria\u00e7\u00e3o \u00e9 engajar-se em um processo criativo, uma extens\u00e3o da pr\u00f3pria individualidade. \u00c9 uma pe\u00e7a pensada para quem busca a singularidade, a experimenta\u00e7\u00e3o e a eleva\u00e7\u00e3o da vestimenta a um patamar de express\u00e3o art\u00edstica profunda.<\/p>","protected":false},"excerpt":{"rendered":"<p>Uma escultura para vestir elaborada em feltro, couro e a\u00e7o pela artista joalheira Carmen Ciancio<\/p>","protected":false},"featured_media":2688,"comment_status":"closed","ping_status":"closed","template":"","meta":[],"product_brand":[],"product_cat":[120,108,111,96,93,105,97],"product_tag":[131,122,133,126,129,123,130,125,128,132,119,124,121,127],"artista-joalheira":[58],"class_list":{"0":"post-2687","1":"product","2":"type-product","3":"status-publish","4":"has-post-thumbnail","6":"product_cat-couro","7":"product_cat-materiais-alternativos","8":"product_cat-multiplas-materialidades","9":"product_cat-objetos-usaveis-wearable-art","10":"product_cat-pulseiras","11":"product_cat-tecido-fios","12":"product_cat-texteis-pecas-em-tecido","13":"product_tag-arte-vestivel","14":"product_tag-bracelete","15":"product_tag-carmen-ciancio","16":"product_tag-colecao-de-joias","17":"product_tag-joalheria-contemporanea","18":"product_tag-joia","19":"product_tag-joia-arte","20":"product_tag-joia-colecionavel","21":"product_tag-joyeria","22":"product_tag-nucleo","23":"product_tag-nucleo-joalheria","24":"product_tag-obra-vestivel","25":"product_tag-pulseira","26":"product_tag-wearable-art","27":"artista-joalheira-carmen-ciancio","29":"first","30":"instock","31":"shipping-taxable","32":"purchasable","33":"product-type-simple"},"_links":{"self":[{"href":"https:\/\/nucleojoalheria.org\/en\/wp-json\/wp\/v2\/product\/2687","targetHints":{"allow":["GET"]}}],"collection":[{"href":"https:\/\/nucleojoalheria.org\/en\/wp-json\/wp\/v2\/product"}],"about":[{"href":"https:\/\/nucleojoalheria.org\/en\/wp-json\/wp\/v2\/types\/product"}],"replies":[{"embeddable":true,"href":"https:\/\/nucleojoalheria.org\/en\/wp-json\/wp\/v2\/comments?post=2687"}],"wp:featuredmedia":[{"embeddable":true,"href":"https:\/\/nucleojoalheria.org\/en\/wp-json\/wp\/v2\/media\/2688"}],"wp:attachment":[{"href":"https:\/\/nucleojoalheria.org\/en\/wp-json\/wp\/v2\/media?parent=2687"}],"wp:term":[{"taxonomy":"product_brand","embeddable":true,"href":"https:\/\/nucleojoalheria.org\/en\/wp-json\/wp\/v2\/product_brand?post=2687"},{"taxonomy":"product_cat","embeddable":true,"href":"https:\/\/nucleojoalheria.org\/en\/wp-json\/wp\/v2\/product_cat?post=2687"},{"taxonomy":"product_tag","embeddable":true,"href":"https:\/\/nucleojoalheria.org\/en\/wp-json\/wp\/v2\/product_tag?post=2687"},{"taxonomy":"artista-joalheira","embeddable":true,"href":"https:\/\/nucleojoalheria.org\/en\/wp-json\/wp\/v2\/artista-joalheira?post=2687"}],"curies":[{"name":"wp","href":"https:\/\/api.w.org\/{rel}","templated":true}]}}