{"id":2692,"date":"2025-06-18T20:28:57","date_gmt":"2025-06-18T23:28:57","guid":{"rendered":"https:\/\/nucleojoalheria.org\/?post_type=product&#038;p=2692"},"modified":"2025-06-18T22:00:20","modified_gmt":"2025-06-19T01:00:20","slug":"pulseira-noturno","status":"publish","type":"product","link":"https:\/\/nucleojoalheria.org\/en\/product\/pulseira-noturno\/","title":{"rendered":"Pulseira Noturno"},"content":{"rendered":"<p data-sourcepos=\"11:1-11:242\">A pulseira <strong>Noturno<\/strong>, da artista Carmen Ciancio, \u00e9 uma pe\u00e7a de design arrojado que funciona como uma escultura para o pulso.<\/p>\n<p data-sourcepos=\"11:1-11:242\">Sua constru\u00e7\u00e3o \u00e9 uma fus\u00e3o de <strong>feltro<\/strong>, <strong>couro<\/strong> e <strong>metal<\/strong>, resultando em uma superf\u00edcie rica em texturas e uma forma distintiva.<\/p>\n<p data-sourcepos=\"13:1-13:174\">Sua paleta de cores, inspirada na noite, combina tons de preto, vermelho e roxo, criando um visual de profundidade.<\/p>\n<p data-sourcepos=\"13:1-13:174\">O <strong>fecho de \u00edm\u00e3<\/strong> oferece praticidade e seguran\u00e7a no uso.<\/p>\n<p data-sourcepos=\"15:1-15:180\">&#8216;Noturno&#8217; \u00e9 uma pe\u00e7a que se prop\u00f5e a ser uma extens\u00e3o da express\u00e3o individual, ideal para quem busca design autoral e novas materialidades. Uma pe\u00e7a feita para quem busca incorporar uma dimens\u00e3o art\u00edstica \u00e0 sua personalidade, destacando-se pela originalidade dos materiais e da concep\u00e7\u00e3o.<\/p>","protected":false},"excerpt":{"rendered":"<p data-sourcepos=\"5:1-5:170\">Obra de arte vest\u00edvel em feltro, couro e metal, com fecho magn\u00e9tico. Design autoral que explora formas e texturas.<\/p>","protected":false},"featured_media":2693,"comment_status":"closed","ping_status":"closed","template":"","meta":[],"product_brand":[],"product_cat":[120,111,96,93,109,105,97],"product_tag":[131,122,133,126,129,123,130,125,128,132,119,124,121,127],"artista-joalheira":[58],"class_list":{"0":"post-2692","1":"product","2":"type-product","3":"status-publish","4":"has-post-thumbnail","6":"product_cat-couro","7":"product_cat-multiplas-materialidades","8":"product_cat-objetos-usaveis-wearable-art","9":"product_cat-pulseiras","10":"product_cat-reciclados-reutilizados","11":"product_cat-tecido-fios","12":"product_cat-texteis-pecas-em-tecido","13":"product_tag-arte-vestivel","14":"product_tag-bracelete","15":"product_tag-carmen-ciancio","16":"product_tag-colecao-de-joias","17":"product_tag-joalheria-contemporanea","18":"product_tag-joia","19":"product_tag-joia-arte","20":"product_tag-joia-colecionavel","21":"product_tag-joyeria","22":"product_tag-nucleo","23":"product_tag-nucleo-joalheria","24":"product_tag-obra-vestivel","25":"product_tag-pulseira","26":"product_tag-wearable-art","27":"artista-joalheira-carmen-ciancio","29":"first","30":"instock","31":"shipping-taxable","32":"purchasable","33":"product-type-simple"},"_links":{"self":[{"href":"https:\/\/nucleojoalheria.org\/en\/wp-json\/wp\/v2\/product\/2692","targetHints":{"allow":["GET"]}}],"collection":[{"href":"https:\/\/nucleojoalheria.org\/en\/wp-json\/wp\/v2\/product"}],"about":[{"href":"https:\/\/nucleojoalheria.org\/en\/wp-json\/wp\/v2\/types\/product"}],"replies":[{"embeddable":true,"href":"https:\/\/nucleojoalheria.org\/en\/wp-json\/wp\/v2\/comments?post=2692"}],"wp:featuredmedia":[{"embeddable":true,"href":"https:\/\/nucleojoalheria.org\/en\/wp-json\/wp\/v2\/media\/2693"}],"wp:attachment":[{"href":"https:\/\/nucleojoalheria.org\/en\/wp-json\/wp\/v2\/media?parent=2692"}],"wp:term":[{"taxonomy":"product_brand","embeddable":true,"href":"https:\/\/nucleojoalheria.org\/en\/wp-json\/wp\/v2\/product_brand?post=2692"},{"taxonomy":"product_cat","embeddable":true,"href":"https:\/\/nucleojoalheria.org\/en\/wp-json\/wp\/v2\/product_cat?post=2692"},{"taxonomy":"product_tag","embeddable":true,"href":"https:\/\/nucleojoalheria.org\/en\/wp-json\/wp\/v2\/product_tag?post=2692"},{"taxonomy":"artista-joalheira","embeddable":true,"href":"https:\/\/nucleojoalheria.org\/en\/wp-json\/wp\/v2\/artista-joalheira?post=2692"}],"curies":[{"name":"wp","href":"https:\/\/api.w.org\/{rel}","templated":true}]}}