{"id":2703,"date":"2025-06-18T22:10:53","date_gmt":"2025-06-19T01:10:53","guid":{"rendered":"https:\/\/nucleojoalheria.org\/?post_type=product&#038;p=2703"},"modified":"2025-06-18T22:16:29","modified_gmt":"2025-06-19T01:16:29","slug":"anel-euforia","status":"publish","type":"product","link":"https:\/\/nucleojoalheria.org\/en\/product\/anel-euforia\/","title":{"rendered":"Anel Euforia"},"content":{"rendered":"<p>O Anel <strong>Euforia<\/strong>, da artista joalheira Carmen Ciancio, \u00e9 uma pe\u00e7a que fala por si, um ponto de converg\u00eancia entre arte e corpo.<\/p>\n<p>Sua presen\u00e7a no dedo \u00e9 um convite \u00e0 contempla\u00e7\u00e3o e um testemunho da singularidade, desenhada para indiv\u00edduos que encontram express\u00e3o e significado no design aut\u00eantico e nas texturas tang\u00edveis.<\/p>","protected":false},"excerpt":{"rendered":"<p>Feltro e Couro se encontram em um design escultural que celebra a complexidade das formas naturais.<\/p>","protected":false},"featured_media":2704,"comment_status":"closed","ping_status":"closed","template":"","meta":[],"product_brand":[],"product_cat":[91,111,96,98,105,97],"product_tag":[114,131,133,126,129,123,130,125,128,132,119,124,137,127],"artista-joalheira":[58],"class_list":{"0":"post-2703","1":"product","2":"type-product","3":"status-publish","4":"has-post-thumbnail","6":"product_cat-aneis","7":"product_cat-multiplas-materialidades","8":"product_cat-objetos-usaveis-wearable-art","9":"product_cat-objetos-esculturas","10":"product_cat-tecido-fios","11":"product_cat-texteis-pecas-em-tecido","12":"product_tag-anel","13":"product_tag-arte-vestivel","14":"product_tag-carmen-ciancio","15":"product_tag-colecao-de-joias","16":"product_tag-joalheria-contemporanea","17":"product_tag-joia","18":"product_tag-joia-arte","19":"product_tag-joia-colecionavel","20":"product_tag-joyeria","21":"product_tag-nucleo","22":"product_tag-nucleo-joalheria","23":"product_tag-obra-vestivel","24":"product_tag-ring","25":"product_tag-wearable-art","26":"artista-joalheira-carmen-ciancio","28":"first","29":"instock","30":"shipping-taxable","31":"purchasable","32":"product-type-simple"},"_links":{"self":[{"href":"https:\/\/nucleojoalheria.org\/en\/wp-json\/wp\/v2\/product\/2703","targetHints":{"allow":["GET"]}}],"collection":[{"href":"https:\/\/nucleojoalheria.org\/en\/wp-json\/wp\/v2\/product"}],"about":[{"href":"https:\/\/nucleojoalheria.org\/en\/wp-json\/wp\/v2\/types\/product"}],"replies":[{"embeddable":true,"href":"https:\/\/nucleojoalheria.org\/en\/wp-json\/wp\/v2\/comments?post=2703"}],"wp:featuredmedia":[{"embeddable":true,"href":"https:\/\/nucleojoalheria.org\/en\/wp-json\/wp\/v2\/media\/2704"}],"wp:attachment":[{"href":"https:\/\/nucleojoalheria.org\/en\/wp-json\/wp\/v2\/media?parent=2703"}],"wp:term":[{"taxonomy":"product_brand","embeddable":true,"href":"https:\/\/nucleojoalheria.org\/en\/wp-json\/wp\/v2\/product_brand?post=2703"},{"taxonomy":"product_cat","embeddable":true,"href":"https:\/\/nucleojoalheria.org\/en\/wp-json\/wp\/v2\/product_cat?post=2703"},{"taxonomy":"product_tag","embeddable":true,"href":"https:\/\/nucleojoalheria.org\/en\/wp-json\/wp\/v2\/product_tag?post=2703"},{"taxonomy":"artista-joalheira","embeddable":true,"href":"https:\/\/nucleojoalheria.org\/en\/wp-json\/wp\/v2\/artista-joalheira?post=2703"}],"curies":[{"name":"wp","href":"https:\/\/api.w.org\/{rel}","templated":true}]}}