{"id":2774,"date":"2025-06-19T11:56:00","date_gmt":"2025-06-19T14:56:00","guid":{"rendered":"https:\/\/nucleojoalheria.org\/?post_type=product&#038;p=2774"},"modified":"2025-06-19T14:52:44","modified_gmt":"2025-06-19T17:52:44","slug":"colar-moldi","status":"publish","type":"product","link":"https:\/\/nucleojoalheria.org\/en\/product\/colar-moldi\/","title":{"rendered":"Colar Mold\u00ed"},"content":{"rendered":"<p data-sourcepos=\"13:1-13:360\">O colar <strong>Mold\u00ed<\/strong> se apresenta como uma cole\u00e7\u00e3o de instantes criativos, unidos em uma \u00fanica pe\u00e7a pela artista joalheira A Cuadr\u00f3. Cada m\u00f3dulo, constru\u00eddo em <strong>madeira<\/strong> e adornado com <strong>bordado<\/strong> expressivo, funciona como uma c\u00e9lula de um organismo art\u00edstico maior.<\/p>\n<p data-sourcepos=\"15:1-15:402\">A beleza de <strong>Mold\u00ed<\/strong> reside na sua natureza din\u00e2mica: os elementos se movem sutilmente, interagindo uns com os outros e com quem o veste. \u00c9 como portar um jardim secreto de cria\u00e7\u00f5es t\u00eaxteis, onde cada detalhe convida a uma nova descoberta.<\/p>\n<p data-sourcepos=\"15:1-15:402\">Este colar \u00e9 para aqueles que apreciam a arte em sua multiplicidade e que escolhem acess\u00f3rios que contam hist\u00f3rias atrav\u00e9s de uma linguagem visual rica e pessoal.<\/p>","protected":false},"excerpt":{"rendered":"<p>Uma narrativa visual em madeira e bordado. Cada m\u00f3dulo revela uma obra, tecendo uma hist\u00f3ria de texturas e cores ao redor do pesco\u00e7o.<\/p>","protected":false},"featured_media":2776,"comment_status":"closed","ping_status":"closed","template":"","meta":[],"product_brand":[116],"product_cat":[101,92,104,96,98,105,97],"product_tag":[131,140,118,126,142,129,123,130,125,128,141,143,132,119,124,127],"artista-joalheira":[60],"class_list":{"0":"post-2774","1":"product","2":"type-product","3":"status-publish","4":"has-post-thumbnail","6":"product_brand-nucleo-joalheria","7":"product_cat-cobre-latao-bronze","8":"product_cat-colares","9":"product_cat-madeira","10":"product_cat-objetos-usaveis-wearable-art","11":"product_cat-objetos-esculturas","12":"product_cat-tecido-fios","13":"product_cat-texteis-pecas-em-tecido","14":"product_tag-arte-vestivel","15":"product_tag-bordado","16":"product_tag-colar","17":"product_tag-colecao-de-joias","18":"product_tag-cuadro","19":"product_tag-joalheria-contemporanea","20":"product_tag-joia","21":"product_tag-joia-arte","22":"product_tag-joia-colecionavel","23":"product_tag-joyeria","24":"product_tag-madeira","25":"product_tag-necklace","26":"product_tag-nucleo","27":"product_tag-nucleo-joalheria","28":"product_tag-obra-vestivel","29":"product_tag-wearable-art","30":"artista-joalheira-cuadro","32":"first","33":"instock","34":"shipping-taxable","35":"purchasable","36":"product-type-simple"},"_links":{"self":[{"href":"https:\/\/nucleojoalheria.org\/en\/wp-json\/wp\/v2\/product\/2774","targetHints":{"allow":["GET"]}}],"collection":[{"href":"https:\/\/nucleojoalheria.org\/en\/wp-json\/wp\/v2\/product"}],"about":[{"href":"https:\/\/nucleojoalheria.org\/en\/wp-json\/wp\/v2\/types\/product"}],"replies":[{"embeddable":true,"href":"https:\/\/nucleojoalheria.org\/en\/wp-json\/wp\/v2\/comments?post=2774"}],"wp:featuredmedia":[{"embeddable":true,"href":"https:\/\/nucleojoalheria.org\/en\/wp-json\/wp\/v2\/media\/2776"}],"wp:attachment":[{"href":"https:\/\/nucleojoalheria.org\/en\/wp-json\/wp\/v2\/media?parent=2774"}],"wp:term":[{"taxonomy":"product_brand","embeddable":true,"href":"https:\/\/nucleojoalheria.org\/en\/wp-json\/wp\/v2\/product_brand?post=2774"},{"taxonomy":"product_cat","embeddable":true,"href":"https:\/\/nucleojoalheria.org\/en\/wp-json\/wp\/v2\/product_cat?post=2774"},{"taxonomy":"product_tag","embeddable":true,"href":"https:\/\/nucleojoalheria.org\/en\/wp-json\/wp\/v2\/product_tag?post=2774"},{"taxonomy":"artista-joalheira","embeddable":true,"href":"https:\/\/nucleojoalheria.org\/en\/wp-json\/wp\/v2\/artista-joalheira?post=2774"}],"curies":[{"name":"wp","href":"https:\/\/api.w.org\/{rel}","templated":true}]}}