{"id":2902,"date":"2025-06-19T16:21:24","date_gmt":"2025-06-19T19:21:24","guid":{"rendered":"https:\/\/nucleojoalheria.org\/?post_type=product&#038;p=2902"},"modified":"2025-06-27T17:47:28","modified_gmt":"2025-06-27T20:47:28","slug":"brinco-fragmentada-alma-ii","status":"publish","type":"product","link":"https:\/\/nucleojoalheria.org\/en\/product\/brinco-fragmentada-alma-ii\/","title":{"rendered":"Brinco Fragmentada Alma II"},"content":{"rendered":"<p><span style=\"font-weight: 400\">Artista resgata pe\u00e7as antigas que cont\u00eam identidade hist\u00f3rica atrav\u00e9s de marcas do tempo (porcelanas fragmentadas) e as une na transmiss\u00e3o de pinturas amalgamando o contempor\u00e2neo com sentimentos que perpetuam em diferentes d\u00e9cadas da vida.<\/span><\/p>\n<p>Alma reflete o tempo na cultura e vis\u00e3o, unidas em uma pe\u00e7a, como uma pessoa e sua ancestralidade.<\/p>\n<p>Pe\u00e7a unit\u00e1ria.<\/p>","protected":false},"excerpt":{"rendered":"<p>Pe\u00e7a unit\u00e1ria.<\/p>","protected":false},"featured_media":2913,"comment_status":"closed","ping_status":"closed","template":"","meta":[],"product_brand":[116],"product_cat":[94,174,172],"product_tag":[170,131,138,175,126,139,164,129,130,125,128,132,119,127],"artista-joalheira":[163],"class_list":{"0":"post-2902","1":"product","2":"type-product","3":"status-publish","4":"has-post-thumbnail","6":"product_brand-nucleo-joalheria","7":"product_cat-brincos","8":"product_cat-colagem","9":"product_cat-porcelana","10":"product_tag-art-jewel","11":"product_tag-arte-vestivel","12":"product_tag-brinco","13":"product_tag-colagem","14":"product_tag-colecao-de-joias","15":"product_tag-earrings","16":"product_tag-fernanda-sozzi","17":"product_tag-joalheria-contemporanea","18":"product_tag-joia-arte","19":"product_tag-joia-colecionavel","20":"product_tag-joyeria","21":"product_tag-nucleo","22":"product_tag-nucleo-joalheria","23":"product_tag-wearable-art","24":"artista-joalheira-fernanda-sozzi","26":"first","27":"instock","28":"shipping-taxable","29":"purchasable","30":"product-type-simple"},"_links":{"self":[{"href":"https:\/\/nucleojoalheria.org\/en\/wp-json\/wp\/v2\/product\/2902","targetHints":{"allow":["GET"]}}],"collection":[{"href":"https:\/\/nucleojoalheria.org\/en\/wp-json\/wp\/v2\/product"}],"about":[{"href":"https:\/\/nucleojoalheria.org\/en\/wp-json\/wp\/v2\/types\/product"}],"replies":[{"embeddable":true,"href":"https:\/\/nucleojoalheria.org\/en\/wp-json\/wp\/v2\/comments?post=2902"}],"wp:featuredmedia":[{"embeddable":true,"href":"https:\/\/nucleojoalheria.org\/en\/wp-json\/wp\/v2\/media\/2913"}],"wp:attachment":[{"href":"https:\/\/nucleojoalheria.org\/en\/wp-json\/wp\/v2\/media?parent=2902"}],"wp:term":[{"taxonomy":"product_brand","embeddable":true,"href":"https:\/\/nucleojoalheria.org\/en\/wp-json\/wp\/v2\/product_brand?post=2902"},{"taxonomy":"product_cat","embeddable":true,"href":"https:\/\/nucleojoalheria.org\/en\/wp-json\/wp\/v2\/product_cat?post=2902"},{"taxonomy":"product_tag","embeddable":true,"href":"https:\/\/nucleojoalheria.org\/en\/wp-json\/wp\/v2\/product_tag?post=2902"},{"taxonomy":"artista-joalheira","embeddable":true,"href":"https:\/\/nucleojoalheria.org\/en\/wp-json\/wp\/v2\/artista-joalheira?post=2902"}],"curies":[{"name":"wp","href":"https:\/\/api.w.org\/{rel}","templated":true}]}}