{"id":2919,"date":"2025-06-19T16:26:56","date_gmt":"2025-06-19T19:26:56","guid":{"rendered":"https:\/\/nucleojoalheria.org\/?post_type=product&#038;p=2919"},"modified":"2025-06-27T17:47:06","modified_gmt":"2025-06-27T20:47:06","slug":"brinco-6","status":"publish","type":"product","link":"https:\/\/nucleojoalheria.org\/en\/product\/brinco-6\/","title":{"rendered":"Brinco Fragmentada Alma"},"content":{"rendered":"<p><span style=\"font-weight: 400\">Artista resgata pe\u00e7as antigas que cont\u00eam identidade hist\u00f3rica atrav\u00e9s de marcas do tempo (porcelanas fragmentadas) e as une na transmiss\u00e3o de pinturas amalgamando o contempor\u00e2neo com sentimentos que perpetuam em diferentes d\u00e9cadas da vida.<\/span><\/p>\n<p>Alma reflete o tempo na cultura e vis\u00e3o, unidas em uma pe\u00e7a, como uma pessoa e sua ancestralidade.<\/p>\n<p>Unit\u00e1ria.<\/p>\n<p>Valor referente \u00e0 uma pe\u00e7a.<\/p>","protected":false},"excerpt":{"rendered":"<p>Na tem\u00e1tica da constru\u00e7\u00e3o da alma, ligada a ancestralidade.<\/p>","protected":false},"featured_media":2920,"comment_status":"closed","ping_status":"closed","template":"","meta":[],"product_brand":[116],"product_cat":[94,98,172,109],"product_tag":[170,131,138,139,164,169,129,123,130,125,128,132,119,127],"artista-joalheira":[163],"class_list":{"0":"post-2919","1":"product","2":"type-product","3":"status-publish","4":"has-post-thumbnail","6":"product_brand-nucleo-joalheria","7":"product_cat-brincos","8":"product_cat-objetos-esculturas","9":"product_cat-porcelana","10":"product_cat-reciclados-reutilizados","11":"product_tag-art-jewel","12":"product_tag-arte-vestivel","13":"product_tag-brinco","14":"product_tag-earrings","15":"product_tag-fernanda-sozzi","16":"product_tag-jewelry","17":"product_tag-joalheria-contemporanea","18":"product_tag-joia","19":"product_tag-joia-arte","20":"product_tag-joia-colecionavel","21":"product_tag-joyeria","22":"product_tag-nucleo","23":"product_tag-nucleo-joalheria","24":"product_tag-wearable-art","25":"artista-joalheira-fernanda-sozzi","27":"first","28":"instock","29":"shipping-taxable","30":"purchasable","31":"product-type-simple"},"_links":{"self":[{"href":"https:\/\/nucleojoalheria.org\/en\/wp-json\/wp\/v2\/product\/2919","targetHints":{"allow":["GET"]}}],"collection":[{"href":"https:\/\/nucleojoalheria.org\/en\/wp-json\/wp\/v2\/product"}],"about":[{"href":"https:\/\/nucleojoalheria.org\/en\/wp-json\/wp\/v2\/types\/product"}],"replies":[{"embeddable":true,"href":"https:\/\/nucleojoalheria.org\/en\/wp-json\/wp\/v2\/comments?post=2919"}],"wp:featuredmedia":[{"embeddable":true,"href":"https:\/\/nucleojoalheria.org\/en\/wp-json\/wp\/v2\/media\/2920"}],"wp:attachment":[{"href":"https:\/\/nucleojoalheria.org\/en\/wp-json\/wp\/v2\/media?parent=2919"}],"wp:term":[{"taxonomy":"product_brand","embeddable":true,"href":"https:\/\/nucleojoalheria.org\/en\/wp-json\/wp\/v2\/product_brand?post=2919"},{"taxonomy":"product_cat","embeddable":true,"href":"https:\/\/nucleojoalheria.org\/en\/wp-json\/wp\/v2\/product_cat?post=2919"},{"taxonomy":"product_tag","embeddable":true,"href":"https:\/\/nucleojoalheria.org\/en\/wp-json\/wp\/v2\/product_tag?post=2919"},{"taxonomy":"artista-joalheira","embeddable":true,"href":"https:\/\/nucleojoalheria.org\/en\/wp-json\/wp\/v2\/artista-joalheira?post=2919"}],"curies":[{"name":"wp","href":"https:\/\/api.w.org\/{rel}","templated":true}]}}