{"id":2927,"date":"2025-06-19T16:30:20","date_gmt":"2025-06-19T19:30:20","guid":{"rendered":"https:\/\/nucleojoalheria.org\/?post_type=product&#038;p=2927"},"modified":"2025-06-27T17:43:11","modified_gmt":"2025-06-27T20:43:11","slug":"brinco-pescadora","status":"publish","type":"product","link":"https:\/\/nucleojoalheria.org\/en\/product\/brinco-pescadora\/","title":{"rendered":"Brinco Pescadora"},"content":{"rendered":"<p>Quando sonhamos com peixes eles nos trazem uma mensagem de sorte e felicidade, artista colocou a simbologia na forma de um brinco para se carregar al\u00e9m dos sonhos.<\/p>\n<p><span style=\"font-weight: 400\">O trabalho da artista joalheira Fernanda Sozzi resgata pe\u00e7as antigas que cont\u00eam identidade hist\u00f3rica atrav\u00e9s de marcas do tempo e as une na transmiss\u00e3o de pinturas amalgamando o contempor\u00e2neo com sentimentos que perpetuam em diferentes d\u00e9cadas da vida.<\/span><\/p>","protected":false},"excerpt":{"rendered":"<p>No sonhar de se tornar felicidade aos ouvidos.<\/p>","protected":false},"featured_media":2929,"comment_status":"closed","ping_status":"closed","template":"","meta":[],"product_brand":[116],"product_cat":[94,101],"product_tag":[170,131,138,126,164,168,169,129,123,130,125,128,132,119,124,127],"artista-joalheira":[163],"class_list":{"0":"post-2927","1":"product","2":"type-product","3":"status-publish","4":"has-post-thumbnail","6":"product_brand-nucleo-joalheria","7":"product_cat-brincos","8":"product_cat-cobre-latao-bronze","9":"product_tag-art-jewel","10":"product_tag-arte-vestivel","11":"product_tag-brinco","12":"product_tag-colecao-de-joias","13":"product_tag-fernanda-sozzi","14":"product_tag-handpainted","15":"product_tag-jewelry","16":"product_tag-joalheria-contemporanea","17":"product_tag-joia","18":"product_tag-joia-arte","19":"product_tag-joia-colecionavel","20":"product_tag-joyeria","21":"product_tag-nucleo","22":"product_tag-nucleo-joalheria","23":"product_tag-obra-vestivel","24":"product_tag-wearable-art","25":"artista-joalheira-fernanda-sozzi","27":"first","28":"instock","29":"shipping-taxable","30":"purchasable","31":"product-type-simple"},"_links":{"self":[{"href":"https:\/\/nucleojoalheria.org\/en\/wp-json\/wp\/v2\/product\/2927","targetHints":{"allow":["GET"]}}],"collection":[{"href":"https:\/\/nucleojoalheria.org\/en\/wp-json\/wp\/v2\/product"}],"about":[{"href":"https:\/\/nucleojoalheria.org\/en\/wp-json\/wp\/v2\/types\/product"}],"replies":[{"embeddable":true,"href":"https:\/\/nucleojoalheria.org\/en\/wp-json\/wp\/v2\/comments?post=2927"}],"wp:featuredmedia":[{"embeddable":true,"href":"https:\/\/nucleojoalheria.org\/en\/wp-json\/wp\/v2\/media\/2929"}],"wp:attachment":[{"href":"https:\/\/nucleojoalheria.org\/en\/wp-json\/wp\/v2\/media?parent=2927"}],"wp:term":[{"taxonomy":"product_brand","embeddable":true,"href":"https:\/\/nucleojoalheria.org\/en\/wp-json\/wp\/v2\/product_brand?post=2927"},{"taxonomy":"product_cat","embeddable":true,"href":"https:\/\/nucleojoalheria.org\/en\/wp-json\/wp\/v2\/product_cat?post=2927"},{"taxonomy":"product_tag","embeddable":true,"href":"https:\/\/nucleojoalheria.org\/en\/wp-json\/wp\/v2\/product_tag?post=2927"},{"taxonomy":"artista-joalheira","embeddable":true,"href":"https:\/\/nucleojoalheria.org\/en\/wp-json\/wp\/v2\/artista-joalheira?post=2927"}],"curies":[{"name":"wp","href":"https:\/\/api.w.org\/{rel}","templated":true}]}}