{"id":2939,"date":"2025-06-19T16:47:03","date_gmt":"2025-06-19T19:47:03","guid":{"rendered":"https:\/\/nucleojoalheria.org\/?post_type=product&#038;p=2939"},"modified":"2025-08-21T17:23:58","modified_gmt":"2025-08-21T20:23:58","slug":"chocker-croacia","status":"publish","type":"product","link":"https:\/\/nucleojoalheria.org\/en\/product\/chocker-croacia\/","title":{"rendered":"Chocker Croacia"},"content":{"rendered":"<p>Chocker Croacia. Artista Paula Schnapp. T\u00e9cnica modelagem em Cera + Fundi\u00e7\u00e3o. Material Prata 950, Coral e Pedras Apatita e Turmalina.<\/p>","protected":false},"excerpt":{"rendered":"<p>Pe\u00e7a \u00fanica e singular, a Chocker Croacia da artista joalheira Paula Schnapp, foi elaborada em Prata 950, Coral e pedras Apatita e Turmalina com as t\u00e9cnicas de modelagem em cera e fundi\u00e7\u00e3o.<\/p>","protected":false},"featured_media":2940,"comment_status":"closed","ping_status":"closed","template":"","meta":[],"product_brand":[116],"product_cat":[92,111,96,110,103,100],"product_tag":[180,170,131,183,118,126,181,182,169,129,128,132,124,178,179,150,127],"artista-joalheira":[71],"class_list":{"0":"post-2939","1":"product","2":"type-product","3":"status-publish","4":"has-post-thumbnail","6":"product_brand-nucleo-joalheria","7":"product_cat-colares","8":"product_cat-multiplas-materialidades","9":"product_cat-objetos-usaveis-wearable-art","10":"product_cat-organicos-naturais","11":"product_cat-pedra-mineral","12":"product_cat-prata","13":"product_tag-apatita-turmalina","14":"product_tag-art-jewel","15":"product_tag-arte-vestivel","16":"product_tag-chocker","17":"product_tag-colar","18":"product_tag-colecao-de-joias","19":"product_tag-coral","20":"product_tag-coral-vermelho","21":"product_tag-jewelry","22":"product_tag-joalheria-contemporanea","23":"product_tag-joyeria","24":"product_tag-nucleo","25":"product_tag-obra-vestivel","26":"product_tag-paula-schnapp","27":"product_tag-pedra-natural","28":"product_tag-prata950","29":"product_tag-wearable-art","30":"artista-joalheira-paula-schanapp","32":"first","33":"instock","34":"shipping-taxable","35":"purchasable","36":"product-type-simple"},"_links":{"self":[{"href":"https:\/\/nucleojoalheria.org\/en\/wp-json\/wp\/v2\/product\/2939","targetHints":{"allow":["GET"]}}],"collection":[{"href":"https:\/\/nucleojoalheria.org\/en\/wp-json\/wp\/v2\/product"}],"about":[{"href":"https:\/\/nucleojoalheria.org\/en\/wp-json\/wp\/v2\/types\/product"}],"replies":[{"embeddable":true,"href":"https:\/\/nucleojoalheria.org\/en\/wp-json\/wp\/v2\/comments?post=2939"}],"wp:featuredmedia":[{"embeddable":true,"href":"https:\/\/nucleojoalheria.org\/en\/wp-json\/wp\/v2\/media\/2940"}],"wp:attachment":[{"href":"https:\/\/nucleojoalheria.org\/en\/wp-json\/wp\/v2\/media?parent=2939"}],"wp:term":[{"taxonomy":"product_brand","embeddable":true,"href":"https:\/\/nucleojoalheria.org\/en\/wp-json\/wp\/v2\/product_brand?post=2939"},{"taxonomy":"product_cat","embeddable":true,"href":"https:\/\/nucleojoalheria.org\/en\/wp-json\/wp\/v2\/product_cat?post=2939"},{"taxonomy":"product_tag","embeddable":true,"href":"https:\/\/nucleojoalheria.org\/en\/wp-json\/wp\/v2\/product_tag?post=2939"},{"taxonomy":"artista-joalheira","embeddable":true,"href":"https:\/\/nucleojoalheria.org\/en\/wp-json\/wp\/v2\/artista-joalheira?post=2939"}],"curies":[{"name":"wp","href":"https:\/\/api.w.org\/{rel}","templated":true}]}}