{"id":2958,"date":"2025-06-19T17:00:05","date_gmt":"2025-06-19T20:00:05","guid":{"rendered":"https:\/\/nucleojoalheria.org\/?post_type=product&#038;p=2958"},"modified":"2025-08-21T17:03:53","modified_gmt":"2025-08-21T20:03:53","slug":"brinco-croacia","status":"publish","type":"product","link":"https:\/\/nucleojoalheria.org\/en\/product\/brinco-croacia\/","title":{"rendered":"Brinco Croacia"},"content":{"rendered":"<p>Brinco Croacia. Artista Paula Schnapp. T\u00e9cnica Modelagem Cera + Fundi\u00e7\u00e3o. Material Prata 950 e pedras Apatita e Turmalina.<\/p>","protected":false},"excerpt":{"rendered":"<p>Brinco Croacia, pe\u00e7a \u00fanica, da artista joalheira Paula Schnapp. Elaborado em Prata 950 e pedras Apatita e Turmalina com a t\u00e9cnica de modelagem em cera e fundi\u00e7\u00e3o.<\/p>","protected":false},"featured_media":2960,"comment_status":"closed","ping_status":"closed","template":"","meta":[],"product_brand":[116],"product_cat":[94,103,100],"product_tag":[170,131,138,126,139,169,129,178,187,179,149,150],"artista-joalheira":[71],"class_list":{"0":"post-2958","1":"product","2":"type-product","3":"status-publish","4":"has-post-thumbnail","6":"product_brand-nucleo-joalheria","7":"product_cat-brincos","8":"product_cat-pedra-mineral","9":"product_cat-prata","10":"product_tag-art-jewel","11":"product_tag-arte-vestivel","12":"product_tag-brinco","13":"product_tag-colecao-de-joias","14":"product_tag-earrings","15":"product_tag-jewelry","16":"product_tag-joalheria-contemporanea","17":"product_tag-paula-schnapp","18":"product_tag-pedra","19":"product_tag-pedra-natural","20":"product_tag-prata","21":"product_tag-prata950","22":"artista-joalheira-paula-schanapp","24":"first","25":"instock","26":"shipping-taxable","27":"purchasable","28":"product-type-simple"},"_links":{"self":[{"href":"https:\/\/nucleojoalheria.org\/en\/wp-json\/wp\/v2\/product\/2958","targetHints":{"allow":["GET"]}}],"collection":[{"href":"https:\/\/nucleojoalheria.org\/en\/wp-json\/wp\/v2\/product"}],"about":[{"href":"https:\/\/nucleojoalheria.org\/en\/wp-json\/wp\/v2\/types\/product"}],"replies":[{"embeddable":true,"href":"https:\/\/nucleojoalheria.org\/en\/wp-json\/wp\/v2\/comments?post=2958"}],"wp:featuredmedia":[{"embeddable":true,"href":"https:\/\/nucleojoalheria.org\/en\/wp-json\/wp\/v2\/media\/2960"}],"wp:attachment":[{"href":"https:\/\/nucleojoalheria.org\/en\/wp-json\/wp\/v2\/media?parent=2958"}],"wp:term":[{"taxonomy":"product_brand","embeddable":true,"href":"https:\/\/nucleojoalheria.org\/en\/wp-json\/wp\/v2\/product_brand?post=2958"},{"taxonomy":"product_cat","embeddable":true,"href":"https:\/\/nucleojoalheria.org\/en\/wp-json\/wp\/v2\/product_cat?post=2958"},{"taxonomy":"product_tag","embeddable":true,"href":"https:\/\/nucleojoalheria.org\/en\/wp-json\/wp\/v2\/product_tag?post=2958"},{"taxonomy":"artista-joalheira","embeddable":true,"href":"https:\/\/nucleojoalheria.org\/en\/wp-json\/wp\/v2\/artista-joalheira?post=2958"}],"curies":[{"name":"wp","href":"https:\/\/api.w.org\/{rel}","templated":true}]}}