{"id":2971,"date":"2025-06-19T17:02:14","date_gmt":"2025-06-19T20:02:14","guid":{"rendered":"https:\/\/nucleojoalheria.org\/?post_type=product&#038;p=2971"},"modified":"2025-08-21T16:53:52","modified_gmt":"2025-08-21T19:53:52","slug":"anel-tricolor","status":"publish","type":"product","link":"https:\/\/nucleojoalheria.org\/en\/product\/anel-tricolor\/","title":{"rendered":"Anel Tricolor"},"content":{"rendered":"<p>Anel Tricolor<\/p>\n<p>Artista: Paula Schnapp<\/p>\n<p>T\u00e9cnica: Cera e Fundi\u00e7\u00e3o<\/p>\n<p>Material: Prata 950 e Pedras Apatita e Turmalina<\/p>","protected":false},"excerpt":{"rendered":"<p>Pe\u00e7a \u00danica. Anel Tricolor da artista joalheira Paula Schnapp, elaborado com a t\u00e9cnica da modelagem em cera e fundi\u00e7\u00e3o. Feito com Prata 950 e pedras Apatita e Turmalina.<\/p>","protected":false},"featured_media":2965,"comment_status":"closed","ping_status":"closed","template":"","meta":[],"product_brand":[116],"product_cat":[91,103,100],"product_tag":[114,170,131,169,129,125,128,178,179,149,150,127],"artista-joalheira":[71],"class_list":{"0":"post-2971","1":"product","2":"type-product","3":"status-publish","4":"has-post-thumbnail","6":"product_brand-nucleo-joalheria","7":"product_cat-aneis","8":"product_cat-pedra-mineral","9":"product_cat-prata","10":"product_tag-anel","11":"product_tag-art-jewel","12":"product_tag-arte-vestivel","13":"product_tag-jewelry","14":"product_tag-joalheria-contemporanea","15":"product_tag-joia-colecionavel","16":"product_tag-joyeria","17":"product_tag-paula-schnapp","18":"product_tag-pedra-natural","19":"product_tag-prata","20":"product_tag-prata950","21":"product_tag-wearable-art","22":"artista-joalheira-paula-schanapp","24":"first","25":"instock","26":"shipping-taxable","27":"purchasable","28":"product-type-simple"},"_links":{"self":[{"href":"https:\/\/nucleojoalheria.org\/en\/wp-json\/wp\/v2\/product\/2971","targetHints":{"allow":["GET"]}}],"collection":[{"href":"https:\/\/nucleojoalheria.org\/en\/wp-json\/wp\/v2\/product"}],"about":[{"href":"https:\/\/nucleojoalheria.org\/en\/wp-json\/wp\/v2\/types\/product"}],"replies":[{"embeddable":true,"href":"https:\/\/nucleojoalheria.org\/en\/wp-json\/wp\/v2\/comments?post=2971"}],"wp:featuredmedia":[{"embeddable":true,"href":"https:\/\/nucleojoalheria.org\/en\/wp-json\/wp\/v2\/media\/2965"}],"wp:attachment":[{"href":"https:\/\/nucleojoalheria.org\/en\/wp-json\/wp\/v2\/media?parent=2971"}],"wp:term":[{"taxonomy":"product_brand","embeddable":true,"href":"https:\/\/nucleojoalheria.org\/en\/wp-json\/wp\/v2\/product_brand?post=2971"},{"taxonomy":"product_cat","embeddable":true,"href":"https:\/\/nucleojoalheria.org\/en\/wp-json\/wp\/v2\/product_cat?post=2971"},{"taxonomy":"product_tag","embeddable":true,"href":"https:\/\/nucleojoalheria.org\/en\/wp-json\/wp\/v2\/product_tag?post=2971"},{"taxonomy":"artista-joalheira","embeddable":true,"href":"https:\/\/nucleojoalheria.org\/en\/wp-json\/wp\/v2\/artista-joalheira?post=2971"}],"curies":[{"name":"wp","href":"https:\/\/api.w.org\/{rel}","templated":true}]}}