{"id":2972,"date":"2025-06-19T17:18:08","date_gmt":"2025-06-19T20:18:08","guid":{"rendered":"https:\/\/nucleojoalheria.org\/?post_type=product&#038;p=2972"},"modified":"2025-06-27T17:34:41","modified_gmt":"2025-06-27T20:34:41","slug":"anel-rose","status":"publish","type":"product","link":"https:\/\/nucleojoalheria.org\/en\/product\/anel-rose\/","title":{"rendered":"Anel Rose"},"content":{"rendered":"<p><span style=\"font-weight: 400\">As j\u00f3ias do artista joalheiro Pohl s\u00e3o como as pessoas, singulares em suas caracter\u00edsticas e incompar\u00e1veis em sua ess\u00eancia.<\/span><\/p>\n<p>Com est\u00e9tica singular e t\u00e9cnica o artista cria pe\u00e7as \u00fanicas que inspiram pot\u00eancia.<\/p>","protected":false},"excerpt":{"rendered":"<p><span style=\"font-weight: 400\">As j\u00f3ias s\u00e3o como as pessoas, singulares em suas caracter\u00edsticas e incompar\u00e1veis em sua ess\u00eancia.<\/span><\/p>","protected":false},"featured_media":2986,"comment_status":"closed","ping_status":"closed","template":"","meta":[],"product_brand":[116],"product_cat":[91,101,102,103],"product_tag":[114,170,131,189,169,129,123,130,125,128,132,119,124,115,190,188,137],"artista-joalheira":[73],"class_list":{"0":"post-2972","1":"product","2":"type-product","3":"status-publish","4":"has-post-thumbnail","6":"product_brand-nucleo-joalheria","7":"product_cat-aneis","8":"product_cat-cobre-latao-bronze","9":"product_cat-ouro","10":"product_cat-pedra-mineral","11":"product_tag-anel","12":"product_tag-art-jewel","13":"product_tag-arte-vestivel","14":"product_tag-bronze","15":"product_tag-jewelry","16":"product_tag-joalheria-contemporanea","17":"product_tag-joia","18":"product_tag-joia-arte","19":"product_tag-joia-colecionavel","20":"product_tag-joyeria","21":"product_tag-nucleo","22":"product_tag-nucleo-joalheria","23":"product_tag-obra-vestivel","24":"product_tag-ouro","25":"product_tag-ouro-18k","26":"product_tag-pohl","27":"product_tag-ring","28":"artista-joalheira-pohl","30":"first","31":"instock","32":"shipping-taxable","33":"purchasable","34":"product-type-simple"},"_links":{"self":[{"href":"https:\/\/nucleojoalheria.org\/en\/wp-json\/wp\/v2\/product\/2972","targetHints":{"allow":["GET"]}}],"collection":[{"href":"https:\/\/nucleojoalheria.org\/en\/wp-json\/wp\/v2\/product"}],"about":[{"href":"https:\/\/nucleojoalheria.org\/en\/wp-json\/wp\/v2\/types\/product"}],"replies":[{"embeddable":true,"href":"https:\/\/nucleojoalheria.org\/en\/wp-json\/wp\/v2\/comments?post=2972"}],"wp:featuredmedia":[{"embeddable":true,"href":"https:\/\/nucleojoalheria.org\/en\/wp-json\/wp\/v2\/media\/2986"}],"wp:attachment":[{"href":"https:\/\/nucleojoalheria.org\/en\/wp-json\/wp\/v2\/media?parent=2972"}],"wp:term":[{"taxonomy":"product_brand","embeddable":true,"href":"https:\/\/nucleojoalheria.org\/en\/wp-json\/wp\/v2\/product_brand?post=2972"},{"taxonomy":"product_cat","embeddable":true,"href":"https:\/\/nucleojoalheria.org\/en\/wp-json\/wp\/v2\/product_cat?post=2972"},{"taxonomy":"product_tag","embeddable":true,"href":"https:\/\/nucleojoalheria.org\/en\/wp-json\/wp\/v2\/product_tag?post=2972"},{"taxonomy":"artista-joalheira","embeddable":true,"href":"https:\/\/nucleojoalheria.org\/en\/wp-json\/wp\/v2\/artista-joalheira?post=2972"}],"curies":[{"name":"wp","href":"https:\/\/api.w.org\/{rel}","templated":true}]}}