{"id":3019,"date":"2025-06-19T18:07:17","date_gmt":"2025-06-19T21:07:17","guid":{"rendered":"https:\/\/nucleojoalheria.org\/?post_type=product&#038;p=3019"},"modified":"2025-06-27T17:23:38","modified_gmt":"2025-06-27T20:23:38","slug":"anel-forma-p","status":"publish","type":"product","link":"https:\/\/nucleojoalheria.org\/en\/product\/anel-forma-p\/","title":{"rendered":"Anel Forma (P)"},"content":{"rendered":"<p>Formas simples, org\u00e2nicas e com presen\u00e7a.<\/p>\n<p>O trabalho da artista joalheira Helena Guimar\u00e3es fala sobre<span style=\"font-weight: 400\"> experimentar a vida com liberdade e poesia atrav\u00e9s da joalheria.<\/span><\/p>\n<p>Dispon\u00edvel em tr\u00eas tamanhos P, M e G.<\/p>\n<p>Anuncio referente ao tamanho P.<\/p>\n<p>Conhe\u00e7a outras pe\u00e7as da artista na plataforma do N\u00facleo.<\/p>","protected":false},"excerpt":{"rendered":"<p>Formas simples, org\u00e2nicas e com presen\u00e7a.<\/p>","protected":false},"featured_media":3024,"comment_status":"closed","ping_status":"closed","template":"","meta":[],"product_brand":[116],"product_cat":[91,100],"product_tag":[114,170,131,126,194,149,151,150,137],"artista-joalheira":[63],"class_list":{"0":"post-3019","1":"product","2":"type-product","3":"status-publish","4":"has-post-thumbnail","6":"product_brand-nucleo-joalheria","7":"product_cat-aneis","8":"product_cat-prata","9":"product_tag-anel","10":"product_tag-art-jewel","11":"product_tag-arte-vestivel","12":"product_tag-colecao-de-joias","13":"product_tag-helena-guimaraes","14":"product_tag-prata","15":"product_tag-prata-950k","16":"product_tag-prata950","17":"product_tag-ring","18":"artista-joalheira-helena-guimaraes","20":"first","21":"instock","22":"shipping-taxable","23":"purchasable","24":"product-type-simple"},"_links":{"self":[{"href":"https:\/\/nucleojoalheria.org\/en\/wp-json\/wp\/v2\/product\/3019","targetHints":{"allow":["GET"]}}],"collection":[{"href":"https:\/\/nucleojoalheria.org\/en\/wp-json\/wp\/v2\/product"}],"about":[{"href":"https:\/\/nucleojoalheria.org\/en\/wp-json\/wp\/v2\/types\/product"}],"replies":[{"embeddable":true,"href":"https:\/\/nucleojoalheria.org\/en\/wp-json\/wp\/v2\/comments?post=3019"}],"wp:featuredmedia":[{"embeddable":true,"href":"https:\/\/nucleojoalheria.org\/en\/wp-json\/wp\/v2\/media\/3024"}],"wp:attachment":[{"href":"https:\/\/nucleojoalheria.org\/en\/wp-json\/wp\/v2\/media?parent=3019"}],"wp:term":[{"taxonomy":"product_brand","embeddable":true,"href":"https:\/\/nucleojoalheria.org\/en\/wp-json\/wp\/v2\/product_brand?post=3019"},{"taxonomy":"product_cat","embeddable":true,"href":"https:\/\/nucleojoalheria.org\/en\/wp-json\/wp\/v2\/product_cat?post=3019"},{"taxonomy":"product_tag","embeddable":true,"href":"https:\/\/nucleojoalheria.org\/en\/wp-json\/wp\/v2\/product_tag?post=3019"},{"taxonomy":"artista-joalheira","embeddable":true,"href":"https:\/\/nucleojoalheria.org\/en\/wp-json\/wp\/v2\/artista-joalheira?post=3019"}],"curies":[{"name":"wp","href":"https:\/\/api.w.org\/{rel}","templated":true}]}}