{"id":3034,"date":"2025-06-19T18:16:40","date_gmt":"2025-06-19T21:16:40","guid":{"rendered":"https:\/\/nucleojoalheria.org\/?post_type=product&#038;p=3034"},"modified":"2025-06-27T17:18:54","modified_gmt":"2025-06-27T20:18:54","slug":"anel-cor-p","status":"publish","type":"product","link":"https:\/\/nucleojoalheria.org\/en\/product\/anel-cor-p\/","title":{"rendered":"Anel Cor (P)"},"content":{"rendered":"<p>O trabalho da artista joalheira Helena Guimar\u00e3es fala sobre<span style=\"font-weight: 400\"> experimentar a vida com liberdade e poesia atrav\u00e9s da joalheria.<\/span><\/p>\n<p>Os an\u00e9is Cor prop\u00f5e a sutileza da cor em uma pe\u00e7a elegante e divertida.<\/p>","protected":false},"excerpt":{"rendered":"<p>Esfera com aproximadamente 10 mil\u00edmetros de di\u00e2metro.<\/p>","protected":false},"featured_media":3033,"comment_status":"closed","ping_status":"closed","template":"","meta":[],"product_brand":[116],"product_cat":[91],"product_tag":[114,170,131,126,194,169,130,125,128,132,119,179],"artista-joalheira":[63],"class_list":{"0":"post-3034","1":"product","2":"type-product","3":"status-publish","4":"has-post-thumbnail","6":"product_brand-nucleo-joalheria","7":"product_cat-aneis","8":"product_tag-anel","9":"product_tag-art-jewel","10":"product_tag-arte-vestivel","11":"product_tag-colecao-de-joias","12":"product_tag-helena-guimaraes","13":"product_tag-jewelry","14":"product_tag-joia-arte","15":"product_tag-joia-colecionavel","16":"product_tag-joyeria","17":"product_tag-nucleo","18":"product_tag-nucleo-joalheria","19":"product_tag-pedra-natural","20":"artista-joalheira-helena-guimaraes","22":"first","23":"instock","24":"shipping-taxable","25":"purchasable","26":"product-type-simple"},"_links":{"self":[{"href":"https:\/\/nucleojoalheria.org\/en\/wp-json\/wp\/v2\/product\/3034","targetHints":{"allow":["GET"]}}],"collection":[{"href":"https:\/\/nucleojoalheria.org\/en\/wp-json\/wp\/v2\/product"}],"about":[{"href":"https:\/\/nucleojoalheria.org\/en\/wp-json\/wp\/v2\/types\/product"}],"replies":[{"embeddable":true,"href":"https:\/\/nucleojoalheria.org\/en\/wp-json\/wp\/v2\/comments?post=3034"}],"wp:featuredmedia":[{"embeddable":true,"href":"https:\/\/nucleojoalheria.org\/en\/wp-json\/wp\/v2\/media\/3033"}],"wp:attachment":[{"href":"https:\/\/nucleojoalheria.org\/en\/wp-json\/wp\/v2\/media?parent=3034"}],"wp:term":[{"taxonomy":"product_brand","embeddable":true,"href":"https:\/\/nucleojoalheria.org\/en\/wp-json\/wp\/v2\/product_brand?post=3034"},{"taxonomy":"product_cat","embeddable":true,"href":"https:\/\/nucleojoalheria.org\/en\/wp-json\/wp\/v2\/product_cat?post=3034"},{"taxonomy":"product_tag","embeddable":true,"href":"https:\/\/nucleojoalheria.org\/en\/wp-json\/wp\/v2\/product_tag?post=3034"},{"taxonomy":"artista-joalheira","embeddable":true,"href":"https:\/\/nucleojoalheria.org\/en\/wp-json\/wp\/v2\/artista-joalheira?post=3034"}],"curies":[{"name":"wp","href":"https:\/\/api.w.org\/{rel}","templated":true}]}}