{"id":3048,"date":"2025-06-19T18:21:39","date_gmt":"2025-06-19T21:21:39","guid":{"rendered":"https:\/\/nucleojoalheria.org\/?post_type=product&#038;p=3048"},"modified":"2025-06-27T17:17:42","modified_gmt":"2025-06-27T20:17:42","slug":"anel-anga","status":"publish","type":"product","link":"https:\/\/nucleojoalheria.org\/en\/product\/anel-anga\/","title":{"rendered":"Anel Anga"},"content":{"rendered":"<div dir=\"ltr\">\n<div class=\"input-box\">\n<div id=\"waffle-rich-text-editor\" class=\"cell-input editable\" dir=\"ltr\" role=\"combobox\" aria-label=\"D10\">\n<p>Mini esculturas para o dedo.<\/p>\n<p>O trabalho da artista joalheira Helena Guimar\u00e3es fala sobre<span style=\"font-weight: 400\"> experimentar a vida com liberdade e poesia atrav\u00e9s da joalheria.<\/span><\/p>\n<p>Pe\u00e7as feitas em Prata 950 e polymer clay.<\/p>\n<p>Conhe\u00e7a outros modelos do Anel Anga dispon\u00edveis na plataforma do N\u00facleo.<\/p>\n<\/div>\n<\/div>\n<\/div>\n<div><\/div>","protected":false},"excerpt":{"rendered":"<p>Mini esculturas para o dedo. O trabalho da artista joalheira Helena Guimar\u00e3es fala sobre experimentar a vida com liberdade e poesia atrav\u00e9s da joalheria. Pe\u00e7as feitas em Prata 950 e polymer clay. Conhe\u00e7a outros modelos do Anel Anga dispon\u00edveis na plataforma do N\u00facleo.<\/p>","protected":false},"featured_media":3043,"comment_status":"closed","ping_status":"closed","template":"","meta":[],"product_brand":[116],"product_cat":[91,111,100],"product_tag":[],"artista-joalheira":[63],"class_list":{"0":"post-3048","1":"product","2":"type-product","3":"status-publish","4":"has-post-thumbnail","6":"product_brand-nucleo-joalheria","7":"product_cat-aneis","8":"product_cat-multiplas-materialidades","9":"product_cat-prata","10":"artista-joalheira-helena-guimaraes","12":"first","13":"instock","14":"shipping-taxable","15":"purchasable","16":"product-type-simple"},"_links":{"self":[{"href":"https:\/\/nucleojoalheria.org\/en\/wp-json\/wp\/v2\/product\/3048","targetHints":{"allow":["GET"]}}],"collection":[{"href":"https:\/\/nucleojoalheria.org\/en\/wp-json\/wp\/v2\/product"}],"about":[{"href":"https:\/\/nucleojoalheria.org\/en\/wp-json\/wp\/v2\/types\/product"}],"replies":[{"embeddable":true,"href":"https:\/\/nucleojoalheria.org\/en\/wp-json\/wp\/v2\/comments?post=3048"}],"wp:featuredmedia":[{"embeddable":true,"href":"https:\/\/nucleojoalheria.org\/en\/wp-json\/wp\/v2\/media\/3043"}],"wp:attachment":[{"href":"https:\/\/nucleojoalheria.org\/en\/wp-json\/wp\/v2\/media?parent=3048"}],"wp:term":[{"taxonomy":"product_brand","embeddable":true,"href":"https:\/\/nucleojoalheria.org\/en\/wp-json\/wp\/v2\/product_brand?post=3048"},{"taxonomy":"product_cat","embeddable":true,"href":"https:\/\/nucleojoalheria.org\/en\/wp-json\/wp\/v2\/product_cat?post=3048"},{"taxonomy":"product_tag","embeddable":true,"href":"https:\/\/nucleojoalheria.org\/en\/wp-json\/wp\/v2\/product_tag?post=3048"},{"taxonomy":"artista-joalheira","embeddable":true,"href":"https:\/\/nucleojoalheria.org\/en\/wp-json\/wp\/v2\/artista-joalheira?post=3048"}],"curies":[{"name":"wp","href":"https:\/\/api.w.org\/{rel}","templated":true}]}}