{"id":3054,"date":"2025-06-20T14:51:50","date_gmt":"2025-06-20T17:51:50","guid":{"rendered":"https:\/\/nucleojoalheria.org\/?post_type=product&#038;p=3054"},"modified":"2025-06-27T16:39:01","modified_gmt":"2025-06-27T19:39:01","slug":"colar-broche-pinha","status":"publish","type":"product","link":"https:\/\/nucleojoalheria.org\/en\/product\/colar-broche-pinha\/","title":{"rendered":"Colar Broche Pinha"},"content":{"rendered":"<p><span style=\"font-weight: 400\">A pele da natureza representada pelas cascas e seu processo de transforma\u00e7\u00e3o at\u00e9 se tornar duradoura e eterna.Texturas \u00fanicas, preservando diferentes formas e colora\u00e7\u00f5es.Uma fonte inesgot\u00e1vel de possibilidades.<\/span><\/p>\n<p><span style=\"font-weight: 400\">Fogo, mat\u00e9ria, envelhecimento, renascimento, singularidade e beleza do r\u00fastico.T\u00e9cnicas ancestrais e modernas.<\/span><\/p>\n<p>Pe\u00e7a que pode ser usada como colar ou broche. <span style=\"font-weight: 400\">Equil\u00edbrio entre est\u00e9tica e funcionalidade.<\/span><\/p>","protected":false},"excerpt":{"rendered":"<p><span style=\"font-weight: 400\">Vencer o limite da mat\u00e9ria. Transforma\u00e7\u00e3o, envelhecimento e renascimento. O mist\u00e9rio e a descoberta nas joias produzidas.<\/span><\/p>","protected":false},"featured_media":3055,"comment_status":"closed","ping_status":"closed","template":"","meta":[],"product_brand":[116],"product_cat":[95,101,92,108,96,98,110],"product_tag":[170,131,134,136,118,126,169,129,125,128,132,127],"artista-joalheira":[195],"class_list":{"0":"post-3054","1":"product","2":"type-product","3":"status-publish","4":"has-post-thumbnail","6":"product_brand-nucleo-joalheria","7":"product_cat-broches","8":"product_cat-cobre-latao-bronze","9":"product_cat-colares","10":"product_cat-materiais-alternativos","11":"product_cat-objetos-usaveis-wearable-art","12":"product_cat-objetos-esculturas","13":"product_cat-organicos-naturais","14":"product_tag-art-jewel","15":"product_tag-arte-vestivel","16":"product_tag-broche","17":"product_tag-brooch","18":"product_tag-colar","19":"product_tag-colecao-de-joias","20":"product_tag-jewelry","21":"product_tag-joalheria-contemporanea","22":"product_tag-joia-colecionavel","23":"product_tag-joyeria","24":"product_tag-nucleo","25":"product_tag-wearable-art","26":"artista-joalheira-lili-veinert","28":"first","29":"instock","30":"shipping-taxable","31":"purchasable","32":"product-type-simple"},"_links":{"self":[{"href":"https:\/\/nucleojoalheria.org\/en\/wp-json\/wp\/v2\/product\/3054","targetHints":{"allow":["GET"]}}],"collection":[{"href":"https:\/\/nucleojoalheria.org\/en\/wp-json\/wp\/v2\/product"}],"about":[{"href":"https:\/\/nucleojoalheria.org\/en\/wp-json\/wp\/v2\/types\/product"}],"replies":[{"embeddable":true,"href":"https:\/\/nucleojoalheria.org\/en\/wp-json\/wp\/v2\/comments?post=3054"}],"wp:featuredmedia":[{"embeddable":true,"href":"https:\/\/nucleojoalheria.org\/en\/wp-json\/wp\/v2\/media\/3055"}],"wp:attachment":[{"href":"https:\/\/nucleojoalheria.org\/en\/wp-json\/wp\/v2\/media?parent=3054"}],"wp:term":[{"taxonomy":"product_brand","embeddable":true,"href":"https:\/\/nucleojoalheria.org\/en\/wp-json\/wp\/v2\/product_brand?post=3054"},{"taxonomy":"product_cat","embeddable":true,"href":"https:\/\/nucleojoalheria.org\/en\/wp-json\/wp\/v2\/product_cat?post=3054"},{"taxonomy":"product_tag","embeddable":true,"href":"https:\/\/nucleojoalheria.org\/en\/wp-json\/wp\/v2\/product_tag?post=3054"},{"taxonomy":"artista-joalheira","embeddable":true,"href":"https:\/\/nucleojoalheria.org\/en\/wp-json\/wp\/v2\/artista-joalheira?post=3054"}],"curies":[{"name":"wp","href":"https:\/\/api.w.org\/{rel}","templated":true}]}}