{"id":3060,"date":"2025-06-20T14:56:28","date_gmt":"2025-06-20T17:56:28","guid":{"rendered":"https:\/\/nucleojoalheria.org\/?post_type=product&#038;p=3060"},"modified":"2025-06-27T17:10:09","modified_gmt":"2025-06-27T20:10:09","slug":"colar-gaiola","status":"publish","type":"product","link":"https:\/\/nucleojoalheria.org\/en\/product\/colar-gaiola\/","title":{"rendered":"Colar Gaiola"},"content":{"rendered":"<p><span style=\"font-weight: 400\">Dualidade entre for\u00e7a e fragilidade.\u00a0<\/span><\/p>\n<p><span style=\"font-weight: 400\">A pele da natureza representada pelas cascas e seu processo de transforma\u00e7\u00e3o at\u00e9 se tornar duradoura e eterna.Texturas \u00fanicas, preservando diferentes formas e colora\u00e7\u00f5es.Uma fonte inesgot\u00e1vel de possibilidades.<\/span><\/p>\n<p><span style=\"font-weight: 400\">Fogo, mat\u00e9ria, envelhecimento, renascimento, singularidade e beleza do r\u00fastico. T\u00e9cnicas ancestrais e modernas s\u00e3o parte central do trabalho da artista joalheira Lili Veinert.<\/span><\/p>","protected":false},"excerpt":{"rendered":"<p><span style=\"font-weight: 400\">Fogo, mat\u00e9ria, envelhecimento, renascimento, singularidade e beleza do r\u00fastico. T\u00e9cnicas ancestrais e modernas<\/span><\/p>","protected":false},"featured_media":3064,"comment_status":"closed","ping_status":"closed","template":"","meta":[],"product_brand":[116],"product_cat":[101,92,110],"product_tag":[170,131,118,126,169,128,196,143,132,127],"artista-joalheira":[195],"class_list":{"0":"post-3060","1":"product","2":"type-product","3":"status-publish","4":"has-post-thumbnail","6":"product_brand-nucleo-joalheria","7":"product_cat-cobre-latao-bronze","8":"product_cat-colares","9":"product_cat-organicos-naturais","10":"product_tag-art-jewel","11":"product_tag-arte-vestivel","12":"product_tag-colar","13":"product_tag-colecao-de-joias","14":"product_tag-jewelry","15":"product_tag-joyeria","16":"product_tag-lili-veinert","17":"product_tag-necklace","18":"product_tag-nucleo","19":"product_tag-wearable-art","20":"artista-joalheira-lili-veinert","22":"first","23":"instock","24":"shipping-taxable","25":"purchasable","26":"product-type-simple"},"_links":{"self":[{"href":"https:\/\/nucleojoalheria.org\/en\/wp-json\/wp\/v2\/product\/3060","targetHints":{"allow":["GET"]}}],"collection":[{"href":"https:\/\/nucleojoalheria.org\/en\/wp-json\/wp\/v2\/product"}],"about":[{"href":"https:\/\/nucleojoalheria.org\/en\/wp-json\/wp\/v2\/types\/product"}],"replies":[{"embeddable":true,"href":"https:\/\/nucleojoalheria.org\/en\/wp-json\/wp\/v2\/comments?post=3060"}],"wp:featuredmedia":[{"embeddable":true,"href":"https:\/\/nucleojoalheria.org\/en\/wp-json\/wp\/v2\/media\/3064"}],"wp:attachment":[{"href":"https:\/\/nucleojoalheria.org\/en\/wp-json\/wp\/v2\/media?parent=3060"}],"wp:term":[{"taxonomy":"product_brand","embeddable":true,"href":"https:\/\/nucleojoalheria.org\/en\/wp-json\/wp\/v2\/product_brand?post=3060"},{"taxonomy":"product_cat","embeddable":true,"href":"https:\/\/nucleojoalheria.org\/en\/wp-json\/wp\/v2\/product_cat?post=3060"},{"taxonomy":"product_tag","embeddable":true,"href":"https:\/\/nucleojoalheria.org\/en\/wp-json\/wp\/v2\/product_tag?post=3060"},{"taxonomy":"artista-joalheira","embeddable":true,"href":"https:\/\/nucleojoalheria.org\/en\/wp-json\/wp\/v2\/artista-joalheira?post=3060"}],"curies":[{"name":"wp","href":"https:\/\/api.w.org\/{rel}","templated":true}]}}