{"id":3075,"date":"2025-06-20T15:08:12","date_gmt":"2025-06-20T18:08:12","guid":{"rendered":"https:\/\/nucleojoalheria.org\/?post_type=product&#038;p=3075"},"modified":"2025-06-27T16:52:02","modified_gmt":"2025-06-27T19:52:02","slug":"anel-dragao","status":"publish","type":"product","link":"https:\/\/nucleojoalheria.org\/en\/product\/anel-dragao\/","title":{"rendered":"Anel Drag\u00e3o"},"content":{"rendered":"<p>A artista Lili Veinert traduz em sua s\u00e9rie <strong>Pele de Drag\u00e3o\u00a0<\/strong>um mergulho na sua ancestralidade e na sabedoria dos processos naturais do ser humana.<\/p>\n<p><span style=\"font-weight: 400\">Inspirada na era medieval, reinos da fantasia, mitologia e a rota da seda. Encantada pelas texturas, padr\u00f5es e cores do oriente antigo.<\/span><\/p>\n<p>Sua arte explora as texturas da pele interagindo com o passar do tempo, a artista prop\u00f5e o contato com o f<span style=\"font-weight: 400\">ogo, a mat\u00e9ria, o envelhecimento, o renascimento, a singularidade e a beleza do r\u00fastico.<\/span><\/p>","protected":false},"excerpt":{"rendered":"<p><span style=\"font-weight: 400\">O drag\u00e3o, o envelhecimento e a sabedoria.\u00a0<\/span><\/p>","protected":false},"featured_media":3079,"comment_status":"closed","ping_status":"closed","template":"","meta":[],"product_brand":[116],"product_cat":[91,101,96,98],"product_tag":[114,170,126,169,129,130,125,128,196,132,119,124,137],"artista-joalheira":[195],"class_list":{"0":"post-3075","1":"product","2":"type-product","3":"status-publish","4":"has-post-thumbnail","6":"product_brand-nucleo-joalheria","7":"product_cat-aneis","8":"product_cat-cobre-latao-bronze","9":"product_cat-objetos-usaveis-wearable-art","10":"product_cat-objetos-esculturas","11":"product_tag-anel","12":"product_tag-art-jewel","13":"product_tag-colecao-de-joias","14":"product_tag-jewelry","15":"product_tag-joalheria-contemporanea","16":"product_tag-joia-arte","17":"product_tag-joia-colecionavel","18":"product_tag-joyeria","19":"product_tag-lili-veinert","20":"product_tag-nucleo","21":"product_tag-nucleo-joalheria","22":"product_tag-obra-vestivel","23":"product_tag-ring","24":"artista-joalheira-lili-veinert","26":"first","27":"instock","28":"shipping-taxable","29":"purchasable","30":"product-type-simple"},"_links":{"self":[{"href":"https:\/\/nucleojoalheria.org\/en\/wp-json\/wp\/v2\/product\/3075","targetHints":{"allow":["GET"]}}],"collection":[{"href":"https:\/\/nucleojoalheria.org\/en\/wp-json\/wp\/v2\/product"}],"about":[{"href":"https:\/\/nucleojoalheria.org\/en\/wp-json\/wp\/v2\/types\/product"}],"replies":[{"embeddable":true,"href":"https:\/\/nucleojoalheria.org\/en\/wp-json\/wp\/v2\/comments?post=3075"}],"wp:featuredmedia":[{"embeddable":true,"href":"https:\/\/nucleojoalheria.org\/en\/wp-json\/wp\/v2\/media\/3079"}],"wp:attachment":[{"href":"https:\/\/nucleojoalheria.org\/en\/wp-json\/wp\/v2\/media?parent=3075"}],"wp:term":[{"taxonomy":"product_brand","embeddable":true,"href":"https:\/\/nucleojoalheria.org\/en\/wp-json\/wp\/v2\/product_brand?post=3075"},{"taxonomy":"product_cat","embeddable":true,"href":"https:\/\/nucleojoalheria.org\/en\/wp-json\/wp\/v2\/product_cat?post=3075"},{"taxonomy":"product_tag","embeddable":true,"href":"https:\/\/nucleojoalheria.org\/en\/wp-json\/wp\/v2\/product_tag?post=3075"},{"taxonomy":"artista-joalheira","embeddable":true,"href":"https:\/\/nucleojoalheria.org\/en\/wp-json\/wp\/v2\/artista-joalheira?post=3075"}],"curies":[{"name":"wp","href":"https:\/\/api.w.org\/{rel}","templated":true}]}}