{"id":3134,"date":"2025-06-20T15:59:52","date_gmt":"2025-06-20T18:59:52","guid":{"rendered":"https:\/\/nucleojoalheria.org\/?post_type=product&#038;p=3134"},"modified":"2025-10-25T13:58:02","modified_gmt":"2025-10-25T16:58:02","slug":"colar-i-pedro-generoso","status":"publish","type":"product","link":"https:\/\/nucleojoalheria.org\/en\/product\/colar-i-pedro-generoso\/","title":{"rendered":"Colar I Pedro Generoso"},"content":{"rendered":"<p>O interessante nos mat\u00e9rias para cria\u00e7\u00e3o \u00e9 quando se altera o sentido daquilo que \u00e9 pr\u00e9-estabelecido como meta.<\/p>\n<p>As pe\u00e7as esculturais do artista joalheiro Pedro Generoso carregam em si for\u00e7a e pot\u00eancia, alinhados com volumes que remetem e aprofundam camadas da mat\u00e9ria prima protagonista do trabalho do artista, a madeira.<\/p>\n<p>Conhe\u00e7a outras pe\u00e7as do artista na loja do N\u00facleo.<\/p>","protected":false},"excerpt":{"rendered":"<p>Pe\u00e7as que carregam em si a for\u00e7a e a pot\u00eancia, alinhados com volumes que remetem e aprofundam camadas da mat\u00e9ria prima protagonista do trabalho do artista, a madeira.<\/p>","protected":false},"featured_media":3097,"comment_status":"closed","ping_status":"closed","template":"","meta":[],"product_brand":[116],"product_cat":[92,104,96,98],"product_tag":[],"artista-joalheira":[72],"class_list":{"0":"post-3134","1":"product","2":"type-product","3":"status-publish","4":"has-post-thumbnail","6":"product_brand-nucleo-joalheria","7":"product_cat-colares","8":"product_cat-madeira","9":"product_cat-objetos-usaveis-wearable-art","10":"product_cat-objetos-esculturas","11":"artista-joalheira-pedro-generoso","13":"first","14":"instock","15":"shipping-taxable","16":"purchasable","17":"product-type-simple"},"_links":{"self":[{"href":"https:\/\/nucleojoalheria.org\/en\/wp-json\/wp\/v2\/product\/3134","targetHints":{"allow":["GET"]}}],"collection":[{"href":"https:\/\/nucleojoalheria.org\/en\/wp-json\/wp\/v2\/product"}],"about":[{"href":"https:\/\/nucleojoalheria.org\/en\/wp-json\/wp\/v2\/types\/product"}],"replies":[{"embeddable":true,"href":"https:\/\/nucleojoalheria.org\/en\/wp-json\/wp\/v2\/comments?post=3134"}],"wp:featuredmedia":[{"embeddable":true,"href":"https:\/\/nucleojoalheria.org\/en\/wp-json\/wp\/v2\/media\/3097"}],"wp:attachment":[{"href":"https:\/\/nucleojoalheria.org\/en\/wp-json\/wp\/v2\/media?parent=3134"}],"wp:term":[{"taxonomy":"product_brand","embeddable":true,"href":"https:\/\/nucleojoalheria.org\/en\/wp-json\/wp\/v2\/product_brand?post=3134"},{"taxonomy":"product_cat","embeddable":true,"href":"https:\/\/nucleojoalheria.org\/en\/wp-json\/wp\/v2\/product_cat?post=3134"},{"taxonomy":"product_tag","embeddable":true,"href":"https:\/\/nucleojoalheria.org\/en\/wp-json\/wp\/v2\/product_tag?post=3134"},{"taxonomy":"artista-joalheira","embeddable":true,"href":"https:\/\/nucleojoalheria.org\/en\/wp-json\/wp\/v2\/artista-joalheira?post=3134"}],"curies":[{"name":"wp","href":"https:\/\/api.w.org\/{rel}","templated":true}]}}