{"id":3241,"date":"2025-06-20T18:41:48","date_gmt":"2025-06-20T21:41:48","guid":{"rendered":"https:\/\/nucleojoalheria.org\/?post_type=product&#038;p=3241"},"modified":"2025-06-25T10:33:08","modified_gmt":"2025-06-25T13:33:08","slug":"pulseira-virgilio-bahde","status":"publish","type":"product","link":"https:\/\/nucleojoalheria.org\/en\/product\/pulseira-virgilio-bahde\/","title":{"rendered":"Pulseira Atravessadores"},"content":{"rendered":"<p>Da s\u00e9rie &#8220;Atravessadores para Corpos&#8221; do artista joalheiro Virg\u00edlio Bahde. Feito em nitrilo, a\u00e7o, prata e quartzo.<\/p>","protected":false},"excerpt":{"rendered":"<p>Um objeto de poder, feito em nitrilo, a\u00e7o, prata e cristal de quartzo.<\/p>","protected":false},"featured_media":3224,"comment_status":"closed","ping_status":"closed","template":"","meta":[],"product_brand":[116],"product_cat":[108,103,93],"product_tag":[],"artista-joalheira":[197],"class_list":{"0":"post-3241","1":"product","2":"type-product","3":"status-publish","4":"has-post-thumbnail","6":"product_brand-nucleo-joalheria","7":"product_cat-materiais-alternativos","8":"product_cat-pedra-mineral","9":"product_cat-pulseiras","10":"artista-joalheira-virgilio-bahde","12":"first","13":"instock","14":"shipping-taxable","15":"purchasable","16":"product-type-simple"},"_links":{"self":[{"href":"https:\/\/nucleojoalheria.org\/en\/wp-json\/wp\/v2\/product\/3241","targetHints":{"allow":["GET"]}}],"collection":[{"href":"https:\/\/nucleojoalheria.org\/en\/wp-json\/wp\/v2\/product"}],"about":[{"href":"https:\/\/nucleojoalheria.org\/en\/wp-json\/wp\/v2\/types\/product"}],"replies":[{"embeddable":true,"href":"https:\/\/nucleojoalheria.org\/en\/wp-json\/wp\/v2\/comments?post=3241"}],"wp:featuredmedia":[{"embeddable":true,"href":"https:\/\/nucleojoalheria.org\/en\/wp-json\/wp\/v2\/media\/3224"}],"wp:attachment":[{"href":"https:\/\/nucleojoalheria.org\/en\/wp-json\/wp\/v2\/media?parent=3241"}],"wp:term":[{"taxonomy":"product_brand","embeddable":true,"href":"https:\/\/nucleojoalheria.org\/en\/wp-json\/wp\/v2\/product_brand?post=3241"},{"taxonomy":"product_cat","embeddable":true,"href":"https:\/\/nucleojoalheria.org\/en\/wp-json\/wp\/v2\/product_cat?post=3241"},{"taxonomy":"product_tag","embeddable":true,"href":"https:\/\/nucleojoalheria.org\/en\/wp-json\/wp\/v2\/product_tag?post=3241"},{"taxonomy":"artista-joalheira","embeddable":true,"href":"https:\/\/nucleojoalheria.org\/en\/wp-json\/wp\/v2\/artista-joalheira?post=3241"}],"curies":[{"name":"wp","href":"https:\/\/api.w.org\/{rel}","templated":true}]}}