{"id":3307,"date":"2025-06-20T19:29:26","date_gmt":"2025-06-20T22:29:26","guid":{"rendered":"https:\/\/nucleojoalheria.org\/?post_type=product&#038;p=3307"},"modified":"2025-10-16T21:25:47","modified_gmt":"2025-10-17T00:25:47","slug":"colar-monstro-ii","status":"publish","type":"product","link":"https:\/\/nucleojoalheria.org\/en\/product\/colar-monstro-ii\/","title":{"rendered":"Colar Monstro I"},"content":{"rendered":"<p>Da s\u00e9rie &#8220;Jardim de L\u00e1grimas&#8221;, trabalho da artista joalheira Carol Gomes. Emo\u00e7\u00f5es, transforma\u00e7\u00f5es e personifica\u00e7\u00f5es se entrela\u00e7am em diferentes aspectos dessa s\u00e9rie, em que cada pe\u00e7a \u00e9 tida como um talism\u00e3 de prote\u00e7\u00e3o e auto-express\u00e3o.<\/p>\n<p>No cerne desta s\u00e9rie, celebra-se o h\u00edbrido. Fundindo o natural com o sint\u00e9tico, o ancestral com o futurista, o sagrado com o profano.<\/p>\n<pre class=\"tw-data-text tw-text-large tw-ta\" dir=\"ltr\" data-placeholder=\"Tradu\u00e7\u00e3o\" aria-label=\"Texto traduzido: esta mistura incorpora a alteridade\" data-ved=\"2ahUKEwja6bKh3YqOAxXyCLkGHbUFAW8Q3ewLegQIDRAV\"><span class=\"Y2IQFc\" lang=\"pt\">Essa mistura incorpora a alteridade e desafia as normas convencionais, refletindo o flu\u00eddo, o diverso <\/span><span class=\"Y2IQFc\" lang=\"pt\">e a natureza complexa da identidade humana que transcende limites r\u00edgidos.\r\n\r\nA diversidade de materiais e m\u00e9todos reflete a interseccionalidade das nossas identidades. E<\/span><span class=\"Y2IQFc\" lang=\"pt\">la reconhece a multiplicidade de camadas e influ\u00eancias que formam nosso senso de identidade e como essas camadas se cruzam para moldar nossas experi\u00eancias e percep\u00e7\u00f5es.\r\n\r\nEsta s\u00e9rie reconhece o corpo como um local de resist\u00eancia, cura e express\u00e3o art\u00edstica. Nos convida a uma imers\u00e3o consciente em nossos sentidos e nosso corpo, almejando uma explora\u00e7\u00e3o da nossa consci\u00eancia e da nossa psique.<\/span><\/pre>\n<p>&nbsp;<\/p>","protected":false},"excerpt":{"rendered":"<p>Um ser \u00fanico, em forma de obra vest\u00edvel, tido como um talism\u00e3 de prote\u00e7\u00e3o e auto-express\u00e3o.<\/p>","protected":false},"featured_media":3287,"comment_status":"closed","ping_status":"closed","template":"","meta":[],"product_brand":[116],"product_cat":[92,108,111,96,98],"product_tag":[],"artista-joalheira":[68],"class_list":{"0":"post-3307","1":"product","2":"type-product","3":"status-publish","4":"has-post-thumbnail","6":"product_brand-nucleo-joalheria","7":"product_cat-colares","8":"product_cat-materiais-alternativos","9":"product_cat-multiplas-materialidades","10":"product_cat-objetos-usaveis-wearable-art","11":"product_cat-objetos-esculturas","12":"artista-joalheira-monstro-joias","14":"first","15":"instock","16":"shipping-taxable","17":"purchasable","18":"product-type-simple"},"_links":{"self":[{"href":"https:\/\/nucleojoalheria.org\/en\/wp-json\/wp\/v2\/product\/3307","targetHints":{"allow":["GET"]}}],"collection":[{"href":"https:\/\/nucleojoalheria.org\/en\/wp-json\/wp\/v2\/product"}],"about":[{"href":"https:\/\/nucleojoalheria.org\/en\/wp-json\/wp\/v2\/types\/product"}],"replies":[{"embeddable":true,"href":"https:\/\/nucleojoalheria.org\/en\/wp-json\/wp\/v2\/comments?post=3307"}],"wp:featuredmedia":[{"embeddable":true,"href":"https:\/\/nucleojoalheria.org\/en\/wp-json\/wp\/v2\/media\/3287"}],"wp:attachment":[{"href":"https:\/\/nucleojoalheria.org\/en\/wp-json\/wp\/v2\/media?parent=3307"}],"wp:term":[{"taxonomy":"product_brand","embeddable":true,"href":"https:\/\/nucleojoalheria.org\/en\/wp-json\/wp\/v2\/product_brand?post=3307"},{"taxonomy":"product_cat","embeddable":true,"href":"https:\/\/nucleojoalheria.org\/en\/wp-json\/wp\/v2\/product_cat?post=3307"},{"taxonomy":"product_tag","embeddable":true,"href":"https:\/\/nucleojoalheria.org\/en\/wp-json\/wp\/v2\/product_tag?post=3307"},{"taxonomy":"artista-joalheira","embeddable":true,"href":"https:\/\/nucleojoalheria.org\/en\/wp-json\/wp\/v2\/artista-joalheira?post=3307"}],"curies":[{"name":"wp","href":"https:\/\/api.w.org\/{rel}","templated":true}]}}