{"id":8500,"date":"2025-11-24T13:38:10","date_gmt":"2025-11-24T16:38:10","guid":{"rendered":"https:\/\/nucleojoalheria.org\/?post_type=product&#038;p=8500"},"modified":"2026-01-20T17:48:02","modified_gmt":"2026-01-20T20:48:02","slug":"fraguimentos-de-penumbras","status":"publish","type":"product","link":"https:\/\/nucleojoalheria.org\/en\/product\/fraguimentos-de-penumbras\/","title":{"rendered":"Fraguimentos de penumbras"},"content":{"rendered":"<p><strong>\ud83c\uddf5\ud83c\uddf9 Portugu\u00eas<\/strong><br \/>\nAno: 2024<\/p>\n<p>Objeto: Colar<\/p>\n<p>Dimens\u00f5es: 50 cm x 30 cm x 10 cm<\/p>\n<p>T\u00e9cnica: Origami t\u00eaxtil, cianotipia, costura e bordado \u00e0 m\u00e3o.<\/p>\n<p>Materiais: Len\u00e7os de tecidos antigos, rendas, linhas de bordar, fotografias e prata 950.<\/p>\n<p>A\u00f1o: 2024<\/p>\n<p>Objeto: Collar<\/p>\n<p>Dimensiones: 50 cm x 30 cm x 10 cm<\/p>\n<p>T\u00e9cnica: Origami textil, cianotipia, costura y bordado a mano.<\/p>\n<p>Materiales: Pa\u00f1uelos de telas antiguos, encajes, hilos de bordar, fotograf\u00edas y plata 950.<\/p>\n<p>&nbsp;<\/p>","protected":false},"excerpt":{"rendered":"<p><strong>\ud83c\uddf5\ud83c\uddf9 Portugu\u00eas<\/strong><br \/>\nColar de Annabella Rehbein Jofr\u00e9<\/p>\n<p>Selecionado para participar da BJW. Uma pe\u00e7a que celebra a fus\u00e3o de t\u00e9cnicas t\u00eaxteis e a ourivesaria contempor\u00e2nea.<\/p>\n<p><strong>\ud83c\uddea\ud83c\uddf8 Espa\u00f1ol<\/strong><br \/>\nCollar de Annabella Rehbein Jofr\u00e9<\/p>\n<p>Seleccionado para participar en la BJW. Una pieza que celebra la fusi\u00f3n de t\u00e9cnicas textiles y la orfebrer\u00eda contempor\u00e1nea.<\/p>","protected":false},"featured_media":8503,"comment_status":"closed","ping_status":"closed","template":"","meta":[],"product_brand":[],"product_cat":[23],"product_tag":[],"artista-joalheira":[],"class_list":{"0":"post-8500","1":"product","2":"type-product","3":"status-publish","4":"has-post-thumbnail","6":"product_cat-por-tipo-de-peca","8":"first","9":"instock","10":"shipping-taxable","11":"purchasable","12":"product-type-simple"},"_links":{"self":[{"href":"https:\/\/nucleojoalheria.org\/en\/wp-json\/wp\/v2\/product\/8500","targetHints":{"allow":["GET"]}}],"collection":[{"href":"https:\/\/nucleojoalheria.org\/en\/wp-json\/wp\/v2\/product"}],"about":[{"href":"https:\/\/nucleojoalheria.org\/en\/wp-json\/wp\/v2\/types\/product"}],"replies":[{"embeddable":true,"href":"https:\/\/nucleojoalheria.org\/en\/wp-json\/wp\/v2\/comments?post=8500"}],"wp:featuredmedia":[{"embeddable":true,"href":"https:\/\/nucleojoalheria.org\/en\/wp-json\/wp\/v2\/media\/8503"}],"wp:attachment":[{"href":"https:\/\/nucleojoalheria.org\/en\/wp-json\/wp\/v2\/media?parent=8500"}],"wp:term":[{"taxonomy":"product_brand","embeddable":true,"href":"https:\/\/nucleojoalheria.org\/en\/wp-json\/wp\/v2\/product_brand?post=8500"},{"taxonomy":"product_cat","embeddable":true,"href":"https:\/\/nucleojoalheria.org\/en\/wp-json\/wp\/v2\/product_cat?post=8500"},{"taxonomy":"product_tag","embeddable":true,"href":"https:\/\/nucleojoalheria.org\/en\/wp-json\/wp\/v2\/product_tag?post=8500"},{"taxonomy":"artista-joalheira","embeddable":true,"href":"https:\/\/nucleojoalheria.org\/en\/wp-json\/wp\/v2\/artista-joalheira?post=8500"}],"curies":[{"name":"wp","href":"https:\/\/api.w.org\/{rel}","templated":true}]}}