{"id":8504,"date":"2025-11-24T13:57:13","date_gmt":"2025-11-24T16:57:13","guid":{"rendered":"https:\/\/nucleojoalheria.org\/?post_type=product&#038;p=8504"},"modified":"2025-11-27T10:00:39","modified_gmt":"2025-11-27T13:00:39","slug":"colar-calice","status":"publish","type":"product","link":"https:\/\/nucleojoalheria.org\/en\/product\/colar-calice\/","title":{"rendered":"Colar C\u00e1lice"},"content":{"rendered":"<p>Colar<br \/>\nMaterial: Feltro, prata e missangas<br \/>\nT\u00e9cnica: Termoformado<br \/>\nDimens\u00f5es: 28 X 25 X 5 cm<br \/>\nFot\u00f3grafa: Daniela Marcondes<br \/>\nAno: 2024<\/p>","protected":false},"excerpt":{"rendered":"<p>Colar de Carmen Ciancio<\/p>\n<p>Selecionado para participar da BJW. Uma pe\u00e7a que celebra a fus\u00e3o de t\u00e9cnicas t\u00eaxteis e a joalheria contempor\u00e2nea.<\/p>","protected":false},"featured_media":8506,"comment_status":"closed","ping_status":"closed","template":"","meta":[],"product_brand":[],"product_cat":[92],"product_tag":[],"artista-joalheira":[58],"class_list":{"0":"post-8504","1":"product","2":"type-product","3":"status-publish","4":"has-post-thumbnail","6":"product_cat-colares","7":"artista-joalheira-carmen-ciancio","9":"first","10":"instock","11":"shipping-taxable","12":"purchasable","13":"product-type-simple"},"_links":{"self":[{"href":"https:\/\/nucleojoalheria.org\/en\/wp-json\/wp\/v2\/product\/8504","targetHints":{"allow":["GET"]}}],"collection":[{"href":"https:\/\/nucleojoalheria.org\/en\/wp-json\/wp\/v2\/product"}],"about":[{"href":"https:\/\/nucleojoalheria.org\/en\/wp-json\/wp\/v2\/types\/product"}],"replies":[{"embeddable":true,"href":"https:\/\/nucleojoalheria.org\/en\/wp-json\/wp\/v2\/comments?post=8504"}],"wp:featuredmedia":[{"embeddable":true,"href":"https:\/\/nucleojoalheria.org\/en\/wp-json\/wp\/v2\/media\/8506"}],"wp:attachment":[{"href":"https:\/\/nucleojoalheria.org\/en\/wp-json\/wp\/v2\/media?parent=8504"}],"wp:term":[{"taxonomy":"product_brand","embeddable":true,"href":"https:\/\/nucleojoalheria.org\/en\/wp-json\/wp\/v2\/product_brand?post=8504"},{"taxonomy":"product_cat","embeddable":true,"href":"https:\/\/nucleojoalheria.org\/en\/wp-json\/wp\/v2\/product_cat?post=8504"},{"taxonomy":"product_tag","embeddable":true,"href":"https:\/\/nucleojoalheria.org\/en\/wp-json\/wp\/v2\/product_tag?post=8504"},{"taxonomy":"artista-joalheira","embeddable":true,"href":"https:\/\/nucleojoalheria.org\/en\/wp-json\/wp\/v2\/artista-joalheira?post=8504"}],"curies":[{"name":"wp","href":"https:\/\/api.w.org\/{rel}","templated":true}]}}