{"id":8521,"date":"2025-11-24T15:47:21","date_gmt":"2025-11-24T18:47:21","guid":{"rendered":"https:\/\/nucleojoalheria.org\/?post_type=product&#038;p=8521"},"modified":"2025-11-24T15:47:22","modified_gmt":"2025-11-24T18:47:22","slug":"brinco-protectio","status":"publish","type":"product","link":"https:\/\/nucleojoalheria.org\/en\/product\/brinco-protectio\/","title":{"rendered":"Brinco PROTECTIO"},"content":{"rendered":"<p>T\u00e9cnica: Ourivesaria &#8211; Colagem &#8211; Pintura \u2013 Rebites<br \/>\nMateriais: Lat\u00e3o &#8211; Prata &#8211; Cobre &#8211; Tinta &#8211; Poliamida<br \/>\nAno 2022<br \/>\nFotos: Gislaine Ribeiro<\/p>","protected":false},"excerpt":{"rendered":"<p>Brinco de Gislaine Ribeiro Selecionado para participar da BJW. Uma pe\u00e7a que celebra a fus\u00e3o de t\u00e9cnicas t\u00eaxteis e a ourivesaria contempor\u00e2nea.<\/p>","protected":false},"featured_media":8522,"comment_status":"closed","ping_status":"closed","template":"","meta":[],"product_brand":[],"product_cat":[94],"product_tag":[],"artista-joalheira":[233],"class_list":{"0":"post-8521","1":"product","2":"type-product","3":"status-publish","4":"has-post-thumbnail","6":"product_cat-brincos","7":"artista-joalheira-gislaine-ribeiro","9":"first","10":"instock","11":"shipping-taxable","12":"purchasable","13":"product-type-simple"},"_links":{"self":[{"href":"https:\/\/nucleojoalheria.org\/en\/wp-json\/wp\/v2\/product\/8521","targetHints":{"allow":["GET"]}}],"collection":[{"href":"https:\/\/nucleojoalheria.org\/en\/wp-json\/wp\/v2\/product"}],"about":[{"href":"https:\/\/nucleojoalheria.org\/en\/wp-json\/wp\/v2\/types\/product"}],"replies":[{"embeddable":true,"href":"https:\/\/nucleojoalheria.org\/en\/wp-json\/wp\/v2\/comments?post=8521"}],"wp:featuredmedia":[{"embeddable":true,"href":"https:\/\/nucleojoalheria.org\/en\/wp-json\/wp\/v2\/media\/8522"}],"wp:attachment":[{"href":"https:\/\/nucleojoalheria.org\/en\/wp-json\/wp\/v2\/media?parent=8521"}],"wp:term":[{"taxonomy":"product_brand","embeddable":true,"href":"https:\/\/nucleojoalheria.org\/en\/wp-json\/wp\/v2\/product_brand?post=8521"},{"taxonomy":"product_cat","embeddable":true,"href":"https:\/\/nucleojoalheria.org\/en\/wp-json\/wp\/v2\/product_cat?post=8521"},{"taxonomy":"product_tag","embeddable":true,"href":"https:\/\/nucleojoalheria.org\/en\/wp-json\/wp\/v2\/product_tag?post=8521"},{"taxonomy":"artista-joalheira","embeddable":true,"href":"https:\/\/nucleojoalheria.org\/en\/wp-json\/wp\/v2\/artista-joalheira?post=8521"}],"curies":[{"name":"wp","href":"https:\/\/api.w.org\/{rel}","templated":true}]}}