{"id":8552,"date":"2025-11-27T10:56:41","date_gmt":"2025-11-27T13:56:41","guid":{"rendered":"https:\/\/nucleojoalheria.org\/?post_type=product&#038;p=8552"},"modified":"2025-11-27T10:56:42","modified_gmt":"2025-11-27T13:56:42","slug":"anel-penca","status":"publish","type":"product","link":"https:\/\/nucleojoalheria.org\/en\/product\/anel-penca\/","title":{"rendered":"Anel Penca"},"content":{"rendered":"<p>\ud83c\udde7\ud83c\uddf7 Portugu\u00eas<br \/>\nAno: 2024 Anel feito com papel\u00e3o, massa de papel\u00e3o (pasta de cart\u00f3n), p\u00e1tina de tinta acr\u00edlica e cavilhas (tarugos) de bambu. T\u00e9cnica: Modelagem, papier-m\u00e2ch\u00e9 (papel mach\u00ea).<\/p>\n<p>Medidas em cm: 11 x 4 x 2,5cm<\/p>\n<p>Peso: 14g<\/p>\n<p>\ud83c\uddea\ud83c\uddf8 Espa\u00f1ol<br \/>\nA\u00f1o: 2024 Anillo realizado con cart\u00f3n, pasta de cart\u00f3n, p\u00e1tina de pintura acr\u00edlica y tarugos de bamb\u00fa. T\u00e9cnica: Modelado, papel mach\u00e9.<\/p>\n<p>Medidas en cm: 11 x\u00a04 x 2,5<\/p>\n<p>Peso: 14gr<\/p>","protected":false},"excerpt":{"rendered":"<p>Anel de Patricia Mogni<\/p>\n<p>Artista selecionada para participar da BJW<\/p>","protected":false},"featured_media":8555,"comment_status":"closed","ping_status":"closed","template":"","meta":[],"product_brand":[],"product_cat":[91],"product_tag":[],"artista-joalheira":[],"class_list":{"0":"post-8552","1":"product","2":"type-product","3":"status-publish","4":"has-post-thumbnail","6":"product_cat-aneis","8":"first","9":"instock","10":"shipping-taxable","11":"purchasable","12":"product-type-simple"},"_links":{"self":[{"href":"https:\/\/nucleojoalheria.org\/en\/wp-json\/wp\/v2\/product\/8552","targetHints":{"allow":["GET"]}}],"collection":[{"href":"https:\/\/nucleojoalheria.org\/en\/wp-json\/wp\/v2\/product"}],"about":[{"href":"https:\/\/nucleojoalheria.org\/en\/wp-json\/wp\/v2\/types\/product"}],"replies":[{"embeddable":true,"href":"https:\/\/nucleojoalheria.org\/en\/wp-json\/wp\/v2\/comments?post=8552"}],"wp:featuredmedia":[{"embeddable":true,"href":"https:\/\/nucleojoalheria.org\/en\/wp-json\/wp\/v2\/media\/8555"}],"wp:attachment":[{"href":"https:\/\/nucleojoalheria.org\/en\/wp-json\/wp\/v2\/media?parent=8552"}],"wp:term":[{"taxonomy":"product_brand","embeddable":true,"href":"https:\/\/nucleojoalheria.org\/en\/wp-json\/wp\/v2\/product_brand?post=8552"},{"taxonomy":"product_cat","embeddable":true,"href":"https:\/\/nucleojoalheria.org\/en\/wp-json\/wp\/v2\/product_cat?post=8552"},{"taxonomy":"product_tag","embeddable":true,"href":"https:\/\/nucleojoalheria.org\/en\/wp-json\/wp\/v2\/product_tag?post=8552"},{"taxonomy":"artista-joalheira","embeddable":true,"href":"https:\/\/nucleojoalheria.org\/en\/wp-json\/wp\/v2\/artista-joalheira?post=8552"}],"curies":[{"name":"wp","href":"https:\/\/api.w.org\/{rel}","templated":true}]}}