{"id":8553,"date":"2025-11-27T11:03:18","date_gmt":"2025-11-27T14:03:18","guid":{"rendered":"https:\/\/nucleojoalheria.org\/?post_type=product&#038;p=8553"},"modified":"2025-11-27T11:03:19","modified_gmt":"2025-11-27T14:03:19","slug":"bracelete-tanti-overo","status":"publish","type":"product","link":"https:\/\/nucleojoalheria.org\/en\/product\/bracelete-tanti-overo\/","title":{"rendered":"Bracelete Tanti overo"},"content":{"rendered":"<p><strong>\ud83c\udde7\ud83c\uddf7 Portugu\u00eas <\/strong><\/p>\n<p>Ano: 2024 Bracelete feito com papel\u00e3o, massa de papel\u00e3o colorida (pasta de cart\u00f3n coloreado) e massa de papel branco. T\u00e9cnica: Modelagem, papier-m\u00e2ch\u00e9 (papel mach\u00ea).<\/p>\n<p>Medidas em cm: 6 x 10,5 x 2,5<\/p>\n<p>Peso: 60g<\/p>\n<p><strong>\ud83c\uddea\ud83c\uddf8 Espa\u00f1ol<\/strong><br \/>\nA\u00f1o: 2024 Brazalete realizado con cart\u00f3n, pasta de cart\u00f3n coloreado y pasta de papel blanco. T\u00e9cnica: Modelado, papel mach\u00e9.<\/p>\n<p>Medidas en cm: 6 x 10,5 x\u00a02,5<\/p>\n<p>Peso: 60gr<\/p>\n<p>&nbsp;<\/p>","protected":false},"excerpt":{"rendered":"<p>Bracelete de Patricia Mogni<\/p>\n<p>Artista selecionada para participar da BJW<\/p>","protected":false},"featured_media":8556,"comment_status":"closed","ping_status":"closed","template":"","meta":[],"product_brand":[],"product_cat":[93],"product_tag":[],"artista-joalheira":[],"class_list":{"0":"post-8553","1":"product","2":"type-product","3":"status-publish","4":"has-post-thumbnail","6":"product_cat-pulseiras","8":"first","9":"instock","10":"shipping-taxable","11":"purchasable","12":"product-type-simple"},"_links":{"self":[{"href":"https:\/\/nucleojoalheria.org\/en\/wp-json\/wp\/v2\/product\/8553","targetHints":{"allow":["GET"]}}],"collection":[{"href":"https:\/\/nucleojoalheria.org\/en\/wp-json\/wp\/v2\/product"}],"about":[{"href":"https:\/\/nucleojoalheria.org\/en\/wp-json\/wp\/v2\/types\/product"}],"replies":[{"embeddable":true,"href":"https:\/\/nucleojoalheria.org\/en\/wp-json\/wp\/v2\/comments?post=8553"}],"wp:featuredmedia":[{"embeddable":true,"href":"https:\/\/nucleojoalheria.org\/en\/wp-json\/wp\/v2\/media\/8556"}],"wp:attachment":[{"href":"https:\/\/nucleojoalheria.org\/en\/wp-json\/wp\/v2\/media?parent=8553"}],"wp:term":[{"taxonomy":"product_brand","embeddable":true,"href":"https:\/\/nucleojoalheria.org\/en\/wp-json\/wp\/v2\/product_brand?post=8553"},{"taxonomy":"product_cat","embeddable":true,"href":"https:\/\/nucleojoalheria.org\/en\/wp-json\/wp\/v2\/product_cat?post=8553"},{"taxonomy":"product_tag","embeddable":true,"href":"https:\/\/nucleojoalheria.org\/en\/wp-json\/wp\/v2\/product_tag?post=8553"},{"taxonomy":"artista-joalheira","embeddable":true,"href":"https:\/\/nucleojoalheria.org\/en\/wp-json\/wp\/v2\/artista-joalheira?post=8553"}],"curies":[{"name":"wp","href":"https:\/\/api.w.org\/{rel}","templated":true}]}}