{"id":8587,"date":"2025-11-27T13:12:22","date_gmt":"2025-11-27T16:12:22","guid":{"rendered":"https:\/\/nucleojoalheria.org\/?post_type=product&#038;p=8587"},"modified":"2025-11-27T13:12:23","modified_gmt":"2025-11-27T16:12:23","slug":"campo-minado","status":"publish","type":"product","link":"https:\/\/nucleojoalheria.org\/en\/product\/campo-minado\/","title":{"rendered":"Campo Minado"},"content":{"rendered":"<p><strong>\ud83c\uddf5\ud83c\uddf9 Portugu\u00eas<\/strong><\/p>\n<p>Tipo de pe\u00e7a: Pingente (ou Colgante) Medidas: 35 x 10 x 0,5 cm<\/p>\n<p>Materiais: Pasta de sementes de soja, cola vin\u00edlica, sementes de soja fundidas em bronze, fio.<\/p>\n<p>T\u00e9cnica: Constru\u00e7\u00e3o com pasta de soja.<\/p>\n<p><strong>\ud83c\uddea\ud83c\uddf8 Espa\u00f1ol<\/strong><\/p>\n<p>Tipo de pieza: Colgante<\/p>\n<p>Medidas: 35 x 10 x 0,5 cm<\/p>\n<p>Materiales: Pasta de semillas de soja, cola vin\u00edlica, semillas de soja fundidas en bronce, hilo.<\/p>\n<p>T\u00e9cnica: Construcci\u00f3n con pasta de soja.<\/p>","protected":false},"excerpt":{"rendered":"<p>Pe\u00e7a de Vicky Biagiola<\/p>\n<p>Artista selecionada para participar da BJW.<\/p>","protected":false},"featured_media":8594,"comment_status":"closed","ping_status":"closed","template":"","meta":[],"product_brand":[],"product_cat":[23],"product_tag":[],"artista-joalheira":[],"class_list":{"0":"post-8587","1":"product","2":"type-product","3":"status-publish","4":"has-post-thumbnail","6":"product_cat-por-tipo-de-peca","8":"first","9":"instock","10":"shipping-taxable","11":"purchasable","12":"product-type-simple"},"_links":{"self":[{"href":"https:\/\/nucleojoalheria.org\/en\/wp-json\/wp\/v2\/product\/8587","targetHints":{"allow":["GET"]}}],"collection":[{"href":"https:\/\/nucleojoalheria.org\/en\/wp-json\/wp\/v2\/product"}],"about":[{"href":"https:\/\/nucleojoalheria.org\/en\/wp-json\/wp\/v2\/types\/product"}],"replies":[{"embeddable":true,"href":"https:\/\/nucleojoalheria.org\/en\/wp-json\/wp\/v2\/comments?post=8587"}],"wp:featuredmedia":[{"embeddable":true,"href":"https:\/\/nucleojoalheria.org\/en\/wp-json\/wp\/v2\/media\/8594"}],"wp:attachment":[{"href":"https:\/\/nucleojoalheria.org\/en\/wp-json\/wp\/v2\/media?parent=8587"}],"wp:term":[{"taxonomy":"product_brand","embeddable":true,"href":"https:\/\/nucleojoalheria.org\/en\/wp-json\/wp\/v2\/product_brand?post=8587"},{"taxonomy":"product_cat","embeddable":true,"href":"https:\/\/nucleojoalheria.org\/en\/wp-json\/wp\/v2\/product_cat?post=8587"},{"taxonomy":"product_tag","embeddable":true,"href":"https:\/\/nucleojoalheria.org\/en\/wp-json\/wp\/v2\/product_tag?post=8587"},{"taxonomy":"artista-joalheira","embeddable":true,"href":"https:\/\/nucleojoalheria.org\/en\/wp-json\/wp\/v2\/artista-joalheira?post=8587"}],"curies":[{"name":"wp","href":"https:\/\/api.w.org\/{rel}","templated":true}]}}