{"id":2231,"date":"2025-04-06T13:46:31","date_gmt":"2025-04-06T16:46:31","guid":{"rendered":"https:\/\/darkorange-eagle-896731.hostingersite.com\/?page_id=2231"},"modified":"2025-04-06T14:04:01","modified_gmt":"2025-04-06T17:04:01","slug":"vivencias","status":"publish","type":"page","link":"https:\/\/nucleojoalheria.org\/es\/escola-laboratorio\/vivencias\/","title":{"rendered":"Viv\u00eancias"},"content":{"rendered":"<div data-elementor-type=\"wp-page\" data-elementor-id=\"2231\" class=\"elementor elementor-2231\" data-elementor-post-type=\"page\">\n\t\t\t\t<div class=\"elementor-element elementor-element-5d3e8b9 e-con-full e-flex e-con e-parent\" data-id=\"5d3e8b9\" data-element_type=\"container\" data-e-type=\"container\" data-settings=\"{&quot;background_background&quot;:&quot;classic&quot;,&quot;jet_parallax_layout_list&quot;:[]}\">\n\t\t\t\t<div class=\"elementor-element elementor-element-c7ee453 elementor-widget elementor-widget-heading\" data-id=\"c7ee453\" data-element_type=\"widget\" data-e-type=\"widget\" data-widget_type=\"heading.default\">\n\t\t\t\t\t<h2 class=\"elementor-heading-title elementor-size-default\">Bem-vindo \u00e0s nossas viv\u00eancias na joalheria \n<\/h2>\t\t\t\t<\/div>\n\t\t\t\t<div class=\"elementor-element elementor-element-8479ae3 elementor-widget elementor-widget-text-editor\" data-id=\"8479ae3\" data-element_type=\"widget\" data-e-type=\"widget\" data-widget_type=\"text-editor.default\">\n\t\t\t\t\t\t\t\t\t<p>Descubra o fascinante mundo da cria\u00e7\u00e3o de joias com nossas viv\u00eancias \u00fanicas, projetadas para todos que desejam transformar suas ideias em pe\u00e7as preciosas. Oferecemos tr\u00eas viv\u00eancias exclusivas para atender aos diversos interesses e necessidades de cada participante:<\/p>\t\t\t\t\t\t\t\t<\/div>\n\t\t\t\t<\/div>\n\t\t<div class=\"elementor-element elementor-element-fabb925 e-con-full e-flex e-con e-parent\" data-id=\"fabb925\" data-element_type=\"container\" data-e-type=\"container\" data-settings=\"{&quot;background_background&quot;:&quot;classic&quot;,&quot;jet_parallax_layout_list&quot;:[]}\">\n\t\t\t\t<\/div>\n\t\t<div class=\"elementor-element elementor-element-cb8ca5a e-con-full e-flex e-con e-parent\" data-id=\"cb8ca5a\" data-element_type=\"container\" data-e-type=\"container\" data-settings=\"{&quot;jet_parallax_layout_list&quot;:[]}\">\n\t\t<div class=\"elementor-element elementor-element-d37f3dd e-con-full e-flex e-con e-child\" data-id=\"d37f3dd\" data-element_type=\"container\" data-e-type=\"container\" data-settings=\"{&quot;background_background&quot;:&quot;classic&quot;,&quot;jet_parallax_layout_list&quot;:[]}\">\n\t\t<div class=\"elementor-element elementor-element-131a840 e-con-full e-flex e-con e-child\" data-id=\"131a840\" data-element_type=\"container\" data-e-type=\"container\" data-settings=\"{&quot;background_background&quot;:&quot;classic&quot;,&quot;jet_parallax_layout_list&quot;:[]}\">\n\t\t\t\t<\/div>\n\t\t<div class=\"elementor-element elementor-element-e319ae8 e-con-full e-flex e-con e-child\" data-id=\"e319ae8\" data-element_type=\"container\" data-e-type=\"container\" data-settings=\"{&quot;jet_parallax_layout_list&quot;:[]}\">\n\t\t\t\t<div class=\"elementor-element elementor-element-c3ac084 elementor-widget elementor-widget-heading\" data-id=\"c3ac084\" data-element_type=\"widget\" data-e-type=\"widget\" data-widget_type=\"heading.default\">\n\t\t\t\t\t<h2 class=\"elementor-heading-title elementor-size-default\">Viv\u00eancia 01:<br>\nAlian\u00e7as de Casais<\/h2>\t\t\t\t<\/div>\n\t\t\t\t<div class=\"elementor-element elementor-element-1af0967 elementor-widget elementor-widget-text-editor\" data-id=\"1af0967\" data-element_type=\"widget\" data-e-type=\"widget\" data-widget_type=\"text-editor.default\">\n\t\t\t\t\t\t\t\t\t<p>Celebre o amor e a uni\u00e3o de uma forma \u00fanica e inesquec\u00edvel! Nesta experi\u00eancia exclusiva, casais t\u00eam a oportunidade de confeccionar suas pr\u00f3prias alian\u00e7as. Sob a orienta\u00e7\u00e3o de nossos mestres joalheiros, o casal participa de todo o processo do desenvolvimento de suas alian\u00e7as. Este momento especial se tornar\u00e1 uma lembran\u00e7a eterna, marcada pela criatividade e pelo amor.<\/p>\t\t\t\t\t\t\t\t<\/div>\n\t\t\t\t<div class=\"elementor-element elementor-element-624f3fb elementor-align-justify elementor-widget elementor-widget-button\" data-id=\"624f3fb\" data-element_type=\"widget\" data-e-type=\"widget\" data-widget_type=\"button.default\">\n\t\t\t\t\t\t\t\t\t\t<a class=\"elementor-button elementor-size-sm\" role=\"button\">\n\t\t\t\t\t\t<span class=\"elementor-button-content-wrapper\">\n\t\t\t\t\t\t\t\t\t<span class=\"elementor-button-text\">+ info em breve<\/span>\n\t\t\t\t\t<\/span>\n\t\t\t\t\t<\/a>\n\t\t\t\t\t\t\t\t<\/div>\n\t\t\t\t<\/div>\n\t\t\t\t<\/div>\n\t\t<div class=\"elementor-element elementor-element-ff6f9c9 e-con-full e-flex e-con e-child\" data-id=\"ff6f9c9\" data-element_type=\"container\" data-e-type=\"container\" data-settings=\"{&quot;background_background&quot;:&quot;classic&quot;,&quot;jet_parallax_layout_list&quot;:[]}\">\n\t\t<div class=\"elementor-element elementor-element-cf30a85 e-con-full e-flex e-con e-child\" data-id=\"cf30a85\" data-element_type=\"container\" data-e-type=\"container\" data-settings=\"{&quot;background_background&quot;:&quot;classic&quot;,&quot;jet_parallax_layout_list&quot;:[]}\">\n\t\t\t\t<\/div>\n\t\t<div class=\"elementor-element elementor-element-58daced e-con-full e-flex e-con e-child\" data-id=\"58daced\" data-element_type=\"container\" data-e-type=\"container\" data-settings=\"{&quot;jet_parallax_layout_list&quot;:[]}\">\n\t\t\t\t<div class=\"elementor-element elementor-element-92f7ac0 elementor-widget elementor-widget-heading\" data-id=\"92f7ac0\" data-element_type=\"widget\" data-e-type=\"widget\" data-widget_type=\"heading.default\">\n\t\t\t\t\t<h2 class=\"elementor-heading-title elementor-size-default\">Viv\u00eancia 02:<br>\nCria\u00e7\u00e3o de Joias Exclusivas<\/h2>\t\t\t\t<\/div>\n\t\t\t\t<div class=\"elementor-element elementor-element-6dcd2b4 elementor-widget elementor-widget-text-editor\" data-id=\"6dcd2b4\" data-element_type=\"widget\" data-e-type=\"widget\" data-widget_type=\"text-editor.default\">\n\t\t\t\t\t\t\t\t\tLiberte sua criatividade e participe do processo de cria\u00e7\u00e3o de joias exclusivas. Nesta viv\u00eancia, voc\u00ea poder\u00e1 desenhar an\u00e9is, alian\u00e7as ou outras joias especiais, enquanto nossos ourives experientes se encarregam de desenvolver suas ideias em pe\u00e7as \u00fanicas e personalizadas. Com a orienta\u00e7\u00e3o de nossos mestres joalheiros, suas cria\u00e7\u00f5es ganhar\u00e3o vida, refletindo sua personalidade.\t\t\t\t\t\t\t\t<\/div>\n\t\t\t\t<div class=\"elementor-element elementor-element-b0ba009 elementor-align-justify elementor-widget elementor-widget-button\" data-id=\"b0ba009\" data-element_type=\"widget\" data-e-type=\"widget\" data-widget_type=\"button.default\">\n\t\t\t\t\t\t\t\t\t\t<a class=\"elementor-button elementor-size-sm\" role=\"button\">\n\t\t\t\t\t\t<span class=\"elementor-button-content-wrapper\">\n\t\t\t\t\t\t\t\t\t<span class=\"elementor-button-text\">+ info em breve<\/span>\n\t\t\t\t\t<\/span>\n\t\t\t\t\t<\/a>\n\t\t\t\t\t\t\t\t<\/div>\n\t\t\t\t<\/div>\n\t\t\t\t<\/div>\n\t\t<div class=\"elementor-element elementor-element-735e6c4 e-con-full e-flex e-con e-child\" data-id=\"735e6c4\" data-element_type=\"container\" data-e-type=\"container\" data-settings=\"{&quot;background_background&quot;:&quot;classic&quot;,&quot;jet_parallax_layout_list&quot;:[]}\">\n\t\t<div class=\"elementor-element elementor-element-656cbbe e-con-full e-flex e-con e-child\" data-id=\"656cbbe\" data-element_type=\"container\" data-e-type=\"container\" data-settings=\"{&quot;background_background&quot;:&quot;classic&quot;,&quot;jet_parallax_layout_list&quot;:[]}\">\n\t\t\t\t<\/div>\n\t\t<div class=\"elementor-element elementor-element-df76bb9 e-con-full e-flex e-con e-child\" data-id=\"df76bb9\" data-element_type=\"container\" data-e-type=\"container\" data-settings=\"{&quot;jet_parallax_layout_list&quot;:[]}\">\n\t\t\t\t<div class=\"elementor-element elementor-element-8f29226 elementor-widget elementor-widget-heading\" data-id=\"8f29226\" data-element_type=\"widget\" data-e-type=\"widget\" data-widget_type=\"heading.default\">\n\t\t\t\t\t<h2 class=\"elementor-heading-title elementor-size-default\">Viv\u00eancia 03:<br>Ressignifica\u00e7\u00e3o de Joias Antigas<\/h2>\t\t\t\t<\/div>\n\t\t\t\t<div class=\"elementor-element elementor-element-1b2eb09 elementor-widget elementor-widget-text-editor\" data-id=\"1b2eb09\" data-element_type=\"widget\" data-e-type=\"widget\" data-widget_type=\"text-editor.default\">\n\t\t\t\t\t\t\t\t\t<p>Celebre o amor e a uni\u00e3o de uma forma \u00fanica e inesquec\u00edvel! Nesta experi\u00eancia exclusiva, casais t\u00eam a oportunidade de confeccionar suas pr\u00f3prias alian\u00e7as. Sob a orienta\u00e7\u00e3o de nossos mestres joalheiros, o casal participa de todo o processo do desenvolvimento de suas alian\u00e7as. Este momento especial se tornar\u00e1 uma lembran\u00e7a eterna, marcada pela criatividade e pelo amor.<\/p>\t\t\t\t\t\t\t\t<\/div>\n\t\t\t\t<div class=\"elementor-element elementor-element-f063cec elementor-align-justify elementor-widget elementor-widget-button\" data-id=\"f063cec\" data-element_type=\"widget\" data-e-type=\"widget\" data-widget_type=\"button.default\">\n\t\t\t\t\t\t\t\t\t\t<a class=\"elementor-button elementor-size-sm\" role=\"button\">\n\t\t\t\t\t\t<span class=\"elementor-button-content-wrapper\">\n\t\t\t\t\t\t\t\t\t<span class=\"elementor-button-text\">+ info em breve<\/span>\n\t\t\t\t\t<\/span>\n\t\t\t\t\t<\/a>\n\t\t\t\t\t\t\t\t<\/div>\n\t\t\t\t<\/div>\n\t\t\t\t<\/div>\n\t\t\t\t<\/div>\n\t\t\t\t<\/div>","protected":false},"excerpt":{"rendered":"<p>Bem-vindo \u00e0s nossas viv\u00eancias na joalheria Descubra o fascinante mundo da cria\u00e7\u00e3o de joias com nossas viv\u00eancias \u00fanicas, projetadas para todos que desejam transformar suas ideias em pe\u00e7as preciosas. Oferecemos tr\u00eas viv\u00eancias exclusivas para atender aos diversos interesses e necessidades de cada participante: Viv\u00eancia 01: Alian\u00e7as de Casais Celebre o amor e a uni\u00e3o de [&hellip;]<\/p>\n","protected":false},"author":65,"featured_media":0,"parent":1410,"menu_order":0,"comment_status":"closed","ping_status":"closed","template":"","meta":{"footnotes":""},"class_list":["post-2231","page","type-page","status-publish","hentry"],"_links":{"self":[{"href":"https:\/\/nucleojoalheria.org\/es\/wp-json\/wp\/v2\/pages\/2231","targetHints":{"allow":["GET"]}}],"collection":[{"href":"https:\/\/nucleojoalheria.org\/es\/wp-json\/wp\/v2\/pages"}],"about":[{"href":"https:\/\/nucleojoalheria.org\/es\/wp-json\/wp\/v2\/types\/page"}],"author":[{"embeddable":true,"href":"https:\/\/nucleojoalheria.org\/es\/wp-json\/wp\/v2\/users\/65"}],"replies":[{"embeddable":true,"href":"https:\/\/nucleojoalheria.org\/es\/wp-json\/wp\/v2\/comments?post=2231"}],"version-history":[{"count":0,"href":"https:\/\/nucleojoalheria.org\/es\/wp-json\/wp\/v2\/pages\/2231\/revisions"}],"up":[{"embeddable":true,"href":"https:\/\/nucleojoalheria.org\/es\/wp-json\/wp\/v2\/pages\/1410"}],"wp:attachment":[{"href":"https:\/\/nucleojoalheria.org\/es\/wp-json\/wp\/v2\/media?parent=2231"}],"curies":[{"name":"wp","href":"https:\/\/api.w.org\/{rel}","templated":true}]}}