{"id":8092,"date":"2025-10-27T13:40:05","date_gmt":"2025-10-27T16:40:05","guid":{"rendered":"https:\/\/nucleojoalheria.org\/?page_id=8092"},"modified":"2025-10-27T14:56:54","modified_gmt":"2025-10-27T17:56:54","slug":"inscricao-evento-online-bjw","status":"publish","type":"page","link":"https:\/\/nucleojoalheria.org\/es\/bjw-brazil-jewelry-week-6a-edicao\/inscricao-evento-online-bjw\/","title":{"rendered":"Inscri\u00e7\u00e3o Evento Online &#8211; BJW"},"content":{"rendered":"<div data-elementor-type=\"wp-page\" data-elementor-id=\"8092\" class=\"elementor elementor-8092\" data-elementor-post-type=\"page\">\n\t\t\t\t<div class=\"elementor-element elementor-element-e33d871 e-flex e-con-boxed e-con e-parent\" data-id=\"e33d871\" data-element_type=\"container\" data-e-type=\"container\" data-settings=\"{&quot;jet_parallax_layout_list&quot;:[]}\">\n\t\t\t\t\t<div class=\"e-con-inner\">\n\t\t\t\t<div class=\"elementor-element elementor-element-2a89809 elementor-widget__width-initial elementor-widget elementor-widget-heading\" data-id=\"2a89809\" data-element_type=\"widget\" data-e-type=\"widget\" data-widget_type=\"heading.default\">\n\t\t\t\t\t<h2 class=\"elementor-heading-title elementor-size-default\">Asegure su Acceso Online a la 6\u00aa Edici\u00f3n de la Brazil Jewelry Week<\/h2>\t\t\t\t<\/div>\n\t\t\t\t<div class=\"elementor-element elementor-element-13243bf elementor-widget__width-initial elementor-widget elementor-widget-text-editor\" data-id=\"13243bf\" data-element_type=\"widget\" data-e-type=\"widget\" data-widget_type=\"text-editor.default\">\n\t\t\t\t\t\t\t\t\t<p>Inscr\u00edbase para recibir el enlace de transmisi\u00f3n en vivo del Simposio de Joyer\u00eda Contempor\u00e1nea de Am\u00e9rica Latina. Siga todas las ponencias el 28 de noviembre, con la flexibilidad de verlas desde cualquier parte del mundo.<\/p>\t\t\t\t\t\t\t\t<\/div>\n\t\t<div class=\"elementor-element elementor-element-a079faa e-con-full e-flex e-con e-child\" data-id=\"a079faa\" data-element_type=\"container\" data-e-type=\"container\" data-settings=\"{&quot;background_background&quot;:&quot;classic&quot;,&quot;jet_parallax_layout_list&quot;:[]}\">\n\t\t\t\t<div class=\"elementor-element elementor-element-a9b51c1 elementor-widget elementor-widget-shortcode\" data-id=\"a9b51c1\" data-element_type=\"widget\" data-e-type=\"widget\" data-widget_type=\"shortcode.default\">\n\t\t\t\t\t\t\t<div class=\"elementor-shortcode\">\n\t\t\t<form id=\"sib_signup_form_5\" method=\"post\" class=\"sib_signup_form\" action=\"\">\n\t\t\t\t<div class=\"sib_loader\" style=\"display:none;\"><img\n\t\t\t\t\t\t\tsrc=\"https:\/\/nucleojoalheria.org\/wp-includes\/images\/spinner.gif\" alt=\"loader\"><\/div>\n\t\t\t\t<input type=\"hidden\" name=\"sib_form_action\" value=\"subscribe_form_submit\">\n\t\t\t\t<input type=\"hidden\" name=\"sib_form_id\" value=\"5\">\n                <input type=\"hidden\" name=\"sib_form_alert_notice\" value=\"Please fill out this field\">\n                <input type=\"hidden\" name=\"sib_form_invalid_email_notice\" value=\"Your email address is invalid\">\n                <input type=\"hidden\" name=\"sib_security\" value=\"6909607346\">\n\t\t\t\t<div class=\"sib_signup_box_inside_5\">\n\t\t\t\t\t<div style=\"\/*display:none*\/\" class=\"sib_msg_disp\">\n\t\t\t\t\t<\/div>\n                    \t\t\t\t\t<p class=\"sib-FIRSTNAME-area\"> \r\n    <label class=\"sib-FIRSTNAME-area\"><\/label> \r\n    <input type=\"text\" class=\"sib-FIRSTNAME-area\" name=\"FIRSTNAME\" placeholder=\"Nombre\" required=\"required\"> \r\n<\/p>\r\n<p class=\"sib-LASTNAME-area\"> \r\n    <input type=\"text\" class=\"sib-LASTNAME-area\" name=\"LASTNAME\" placeholder=\"Apellido\"> \r\n<\/p>\r\n<p class=\"sib-email-area\"> \r\n    <label class=\"sib-email-area\"><\/label> \r\n    <input type=\"email\" class=\"sib-email-area\" name=\"email\" placeholder=\"Correo electr\u00f3nico\" value=\"\" required=\"required\"> \r\n<\/p>\r\n<p> \r\n    \t\t<input\n\t\t\t\ttype=\"hidden\"\n\t\t\t\tclass=\"hcaptcha-widget-id\"\n\t\t\t\tname=\"hcaptcha-widget-id\"\n\t\t\t\tvalue=\"eyJzb3VyY2UiOlsibWFpbGluXC9zZW5kaW5ibHVlLnBocCJdLCJmb3JtX2lkIjo1fQ==-82d26e514d1d2bd4c2e196ac92d43813\">\n\t\t\t\t<h-captcha\n\t\t\tclass=\"h-captcha\"\n\t\t\tdata-sitekey=\"8f607fd2-7e62-4490-a914-291eb636409a\"\n\t\t\tdata-theme=\"light\"\n\t\t\tdata-size=\"invisible\"\n\t\t\tdata-auto=\"true\"\n\t\t\tdata-ajax=\"false\"\n\t\t\tdata-force=\"false\">\n\t\t<\/h-captcha>\n\t\t<input type=\"hidden\" id=\"hcaptcha_sendinblue_nonce\" name=\"hcaptcha_sendinblue_nonce\" value=\"cf08d63e64\" \/><input type=\"hidden\" name=\"_wp_http_referer\" value=\"\/es\/wp-json\/wp\/v2\/pages\/8092\" \/><input type=\"submit\" class=\"sib-default-btn\" name=\"submit\" value=\"Inscreva-se\"> \r\n<\/p>\r\n\t\t\t\t<\/div>\n\t\t\t<input type=\"hidden\" name=\"trp-form-language\" value=\"es\"\/><\/form>\n\t\t\t<style>\n\t\t\t\tform#sib_signup_form_5 p.sib-alert-message {\n    padding: 6px 12px;\n    margin-bottom: 20px;\n    border: 1px solid transparent;\n    border-radius: 4px;\n    -webkit-box-sizing: border-box;\n    -moz-box-sizing: border-box;\n    box-sizing: border-box;\n}\nform#sib_signup_form_5 p.sib-alert-message-error {\n    background-color: #f2dede;\n    border-color: #ebccd1;\n    color: #a94442;\n}\nform#sib_signup_form_5 p.sib-alert-message-success {\n    background-color: #dff0d8;\n    border-color: #d6e9c6;\n    color: #3c763d;\n}\nform#sib_signup_form_5 p.sib-alert-message-warning {\n    background-color: #fcf8e3;\n    border-color: #faebcc;\n    color: #8a6d3b;\n}\n\t\t\t<\/style>\n\t\t\t<\/div>\n\t\t\t\t\t\t<\/div>\n\t\t\t\t<\/div>\n\t\t\t\t\t<\/div>\n\t\t\t\t<\/div>\n\t\t\t\t<\/div>","protected":false},"excerpt":{"rendered":"<p>Garanta seu Acesso Online \u00e0 6\u00aa Edi\u00e7\u00e3o da Brazil Jewelry Week Inscreva-se para receber o link de transmiss\u00e3o ao vivo do Simp\u00f3sio de Joalheria Contempor\u00e2nea da Am\u00e9rica Latina. Acompanhe todas as palestras no dia 28 de novembro, com a flexibilidade de assistir de qualquer lugar do mundo.<\/p>","protected":false},"author":65,"featured_media":0,"parent":4383,"menu_order":0,"comment_status":"closed","ping_status":"closed","template":"","meta":{"footnotes":""},"class_list":["post-8092","page","type-page","status-publish","hentry"],"_links":{"self":[{"href":"https:\/\/nucleojoalheria.org\/es\/wp-json\/wp\/v2\/pages\/8092","targetHints":{"allow":["GET"]}}],"collection":[{"href":"https:\/\/nucleojoalheria.org\/es\/wp-json\/wp\/v2\/pages"}],"about":[{"href":"https:\/\/nucleojoalheria.org\/es\/wp-json\/wp\/v2\/types\/page"}],"author":[{"embeddable":true,"href":"https:\/\/nucleojoalheria.org\/es\/wp-json\/wp\/v2\/users\/65"}],"replies":[{"embeddable":true,"href":"https:\/\/nucleojoalheria.org\/es\/wp-json\/wp\/v2\/comments?post=8092"}],"version-history":[{"count":0,"href":"https:\/\/nucleojoalheria.org\/es\/wp-json\/wp\/v2\/pages\/8092\/revisions"}],"up":[{"embeddable":true,"href":"https:\/\/nucleojoalheria.org\/es\/wp-json\/wp\/v2\/pages\/4383"}],"wp:attachment":[{"href":"https:\/\/nucleojoalheria.org\/es\/wp-json\/wp\/v2\/media?parent=8092"}],"curies":[{"name":"wp","href":"https:\/\/api.w.org\/{rel}","templated":true}]}}