{"id":8436,"date":"2025-11-13T22:06:34","date_gmt":"2025-11-14T01:06:34","guid":{"rendered":"https:\/\/nucleojoalheria.org\/?page_id=8436"},"modified":"2026-01-20T13:53:10","modified_gmt":"2026-01-20T16:53:10","slug":"sac","status":"publish","type":"page","link":"https:\/\/nucleojoalheria.org\/es\/sac\/","title":{"rendered":"SAC"},"content":{"rendered":"\t\t<div data-elementor-type=\"wp-page\" data-elementor-id=\"8436\" class=\"elementor elementor-8436\" data-elementor-post-type=\"page\">\n\t\t\t\t<div class=\"elementor-element elementor-element-e7a5d8c e-flex e-con-boxed e-con e-parent\" data-id=\"e7a5d8c\" data-element_type=\"container\" data-e-type=\"container\" data-settings=\"{&quot;background_background&quot;:&quot;classic&quot;,&quot;jet_parallax_layout_list&quot;:[]}\">\n\t\t\t\t\t<div class=\"e-con-inner\">\n\t\t\t\t<div class=\"elementor-element elementor-element-2b50862 elementor-widget__width-initial elementor-widget-tablet__width-initial elementor-widget elementor-widget-heading\" data-id=\"2b50862\" data-element_type=\"widget\" data-e-type=\"widget\" data-widget_type=\"heading.default\">\n\t\t\t\t\t<h1 class=\"elementor-heading-title elementor-size-default\">Um Espa\u00e7o de Di\u00e1logo Aberto<\/h1>\t\t\t\t<\/div>\n\t\t\t\t\t<\/div>\n\t\t\t\t<\/div>\n\t\t<div class=\"elementor-element elementor-element-2852d78 e-flex e-con-boxed e-con e-parent\" data-id=\"2852d78\" data-element_type=\"container\" data-e-type=\"container\" data-settings=\"{&quot;jet_parallax_layout_list&quot;:[]}\">\n\t\t\t\t\t<div class=\"e-con-inner\">\n\t\t<div class=\"elementor-element elementor-element-382dd96 e-con-full e-flex e-con e-child\" data-id=\"382dd96\" data-element_type=\"container\" data-e-type=\"container\" data-settings=\"{&quot;jet_parallax_layout_list&quot;:[]}\">\n\t\t\t\t<div class=\"elementor-element elementor-element-6c508d3 elementor-widget__width-inherit elementor-widget-tablet__width-inherit elementor-widget elementor-widget-text-editor\" data-id=\"6c508d3\" data-element_type=\"widget\" data-e-type=\"widget\" data-widget_type=\"text-editor.default\">\n\t\t\t\t\t\t\t\t\t<p>Somos uma comunidade de joalheiros contempor\u00e2neos da Am\u00e9rica Latina, conectados por desafios, sonhos e pelo desejo de fortalecer o nosso fazer \u2014 entre n\u00f3s e para os outros.<\/p><p>Muitas das nossas a\u00e7\u00f5es s\u00e3o constru\u00eddas sem um mapa definido, de forma honesta, intuitiva e em constante movimento.<\/p><p>Este SAC \u00e9 um espa\u00e7o de di\u00e1logo aberto, criado para acolher vis\u00f5es, cr\u00edticas e sugest\u00f5es que nos ajudem a evoluir e construir, juntos, o caminho do N\u00facleo.<\/p>\t\t\t\t\t\t\t\t<\/div>\n\t\t\t\t<\/div>\n\t\t<div class=\"elementor-element elementor-element-7bd4e43 e-con-full e-flex e-con e-child\" data-id=\"7bd4e43\" data-element_type=\"container\" data-e-type=\"container\" data-settings=\"{&quot;background_background&quot;:&quot;classic&quot;,&quot;jet_parallax_layout_list&quot;:[]}\">\n\t\t\t\t<div class=\"elementor-element elementor-element-af2d665 elementor-widget elementor-widget-heading\" data-id=\"af2d665\" data-element_type=\"widget\" data-e-type=\"widget\" data-widget_type=\"heading.default\">\n\t\t\t\t\t<h2 class=\"elementor-heading-title elementor-size-default\">Compartilhe sua Vis\u00e3o Conosco<\/h2>\t\t\t\t<\/div>\n\t\t\t\t<div class=\"elementor-element elementor-element-ef2ff36 elementor-widget__width-inherit elementor-widget-tablet__width-inherit elementor-widget elementor-widget-text-editor\" data-id=\"ef2ff36\" data-element_type=\"widget\" data-e-type=\"widget\" data-widget_type=\"text-editor.default\">\n\t\t\t\t\t\t\t\t\t<p>Seja uma d\u00favida, uma cr\u00edtica construtiva ou uma nova ideia, sua voz \u00e9 fundamental para esta constru\u00e7\u00e3o. Por favor, utilize o formul\u00e1rio abaixo para enviar sua mensagem. Estamos ouvindo.<\/p>\t\t\t\t\t\t\t\t<\/div>\n\t\t<div class=\"elementor-element elementor-element-328ed1e e-con-full elementor-hidden-tablet elementor-hidden-mobile e-flex e-con e-child\" data-id=\"328ed1e\" data-element_type=\"container\" data-e-type=\"container\" data-settings=\"{&quot;background_background&quot;:&quot;classic&quot;,&quot;jet_parallax_layout_list&quot;:[]}\">\n\t\t\t\t<div class=\"elementor-element elementor-element-54528bd elementor-button-align-stretch elementor-widget elementor-widget-form\" data-id=\"54528bd\" data-element_type=\"widget\" data-e-type=\"widget\" data-settings=\"{&quot;step_next_label&quot;:&quot;Next&quot;,&quot;step_previous_label&quot;:&quot;Previous&quot;,&quot;button_width&quot;:&quot;100&quot;,&quot;step_type&quot;:&quot;number_text&quot;,&quot;step_icon_shape&quot;:&quot;circle&quot;}\" data-widget_type=\"form.default\">\n\t\t\t\t\t\t\t<form class=\"elementor-form\" method=\"post\" name=\"Formul\u00e1rio SAC\" aria-label=\"Formul\u00e1rio SAC\">\n\t\t\t<input type=\"hidden\" name=\"post_id\" value=\"8436\"\/>\n\t\t\t<input type=\"hidden\" name=\"form_id\" value=\"54528bd\"\/>\n\t\t\t<input type=\"hidden\" name=\"referer_title\" value=\"SAC\" \/>\n\n\t\t\t\t\t\t\t<input type=\"hidden\" name=\"queried_id\" value=\"8436\"\/>\n\t\t\t\n\t\t\t<div class=\"elementor-form-fields-wrapper elementor-labels-above\">\n\t\t\t\t\t\t\t\t<div class=\"elementor-field-type-text elementor-field-group elementor-column elementor-field-group-nome elementor-col-100 elementor-field-required\">\n\t\t\t\t\t\t\t\t\t\t\t\t<label for=\"form-field-nome\" class=\"elementor-field-label\">\n\t\t\t\t\t\t\t\tSeu nome\t\t\t\t\t\t\t<\/label>\n\t\t\t\t\t\t\t\t\t\t\t\t\t\t<input size=\"1\" type=\"text\" name=\"form_fields[nome]\" id=\"form-field-nome\" class=\"elementor-field elementor-size-md  elementor-field-textual\" placeholder=\"Nome e Sobrenome\" required=\"required\">\n\t\t\t\t\t\t\t\t\t\t\t<\/div>\n\t\t\t\t\t\t\t\t<div class=\"elementor-field-type-email elementor-field-group elementor-column elementor-field-group-email elementor-col-100 elementor-field-required\">\n\t\t\t\t\t\t\t\t\t\t\t\t<label for=\"form-field-email\" class=\"elementor-field-label\">\n\t\t\t\t\t\t\t\tSeu melhor e-mail\t\t\t\t\t\t\t<\/label>\n\t\t\t\t\t\t\t\t\t\t\t\t\t\t<input size=\"1\" type=\"email\" name=\"form_fields[email]\" id=\"form-field-email\" class=\"elementor-field elementor-size-md  elementor-field-textual\" placeholder=\"voce@email.com\" required=\"required\">\n\t\t\t\t\t\t\t\t\t\t\t<\/div>\n\t\t\t\t\t\t\t\t<div class=\"elementor-field-type-tel elementor-field-group elementor-column elementor-field-group-telefone elementor-col-100 elementor-field-required\">\n\t\t\t\t\t\t\t\t\t\t\t\t<label for=\"form-field-telefone\" class=\"elementor-field-label\">\n\t\t\t\t\t\t\t\tTelefone \/ WhatsApp\t\t\t\t\t\t\t<\/label>\n\t\t\t\t\t\t\t\t<input size=\"1\" type=\"tel\" name=\"form_fields[telefone]\" id=\"form-field-telefone\" class=\"elementor-field elementor-size-md  elementor-field-textual\" placeholder=\"(XX) 9XXXX-XXXX\" required=\"required\" pattern=\"[0-9()#&amp;+*-=.]+\" title=\"Solo se aceptan n\u00fameros y caracteres de tel\u00e9fono (#,-,*,etc).\">\n\n\t\t\t\t\t\t<\/div>\n\t\t\t\t\t\t\t\t<div class=\"elementor-field-type-select elementor-field-group elementor-column elementor-field-group-assunto elementor-col-100 elementor-field-required\">\n\t\t\t\t\t\t\t\t\t\t\t\t<label for=\"form-field-assunto\" class=\"elementor-field-label\">\n\t\t\t\t\t\t\t\tSobre o que gostaria de falar?\t\t\t\t\t\t\t<\/label>\n\t\t\t\t\t\t\t\t<div class=\"elementor-field elementor-select-wrapper remove-before \">\n\t\t\t<div class=\"select-caret-down-wrapper\">\n\t\t\t\t<svg aria-hidden=\"true\" class=\"e-font-icon-svg e-eicon-caret-down\" viewBox=\"0 0 571.4 571.4\" xmlns=\"http:\/\/www.w3.org\/2000\/svg\"><path d=\"M571 393Q571 407 561 418L311 668Q300 679 286 679T261 668L11 418Q0 407 0 393T11 368 36 357H536Q550 357 561 368T571 393Z\"><\/path><\/svg>\t\t\t<\/div>\n\t\t\t<select name=\"form_fields[assunto]\" id=\"form-field-assunto\" class=\"elementor-field-textual elementor-size-md\" required=\"required\">\n\t\t\t\t\t\t\t\t\t<option value=\"Gostaria de fazer uma sugest\u00e3o\">Gostaria de fazer uma sugest\u00e3o<\/option>\n\t\t\t\t\t\t\t\t\t<option value=\"Quero compartilhar uma vis\u00e3o \/ ideia\">Quero compartilhar uma vis\u00e3o \/ ideia<\/option>\n\t\t\t\t\t\t\t\t\t<option value=\"Tenho uma cr\u00edtica construtiva\">Tenho uma cr\u00edtica construtiva<\/option>\n\t\t\t\t\t\t\t\t\t<option value=\"Tenho uma d\u00favida\">Tenho uma d\u00favida<\/option>\n\t\t\t\t\t\t\t\t\t<option value=\"Gostaria de propor uma parceria\">Gostaria de propor uma parceria<\/option>\n\t\t\t\t\t\t\t\t\t<option value=\"Outro assunto\">Outro assunto<\/option>\n\t\t\t\t\t\t\t<\/select>\n\t\t<\/div>\n\t\t\t\t\t\t<\/div>\n\t\t\t\t\t\t\t\t<div class=\"elementor-field-type-textarea elementor-field-group elementor-column elementor-field-group-mensagem elementor-col-100 elementor-field-required\">\n\t\t\t\t\t\t\t\t\t\t\t\t<label for=\"form-field-mensagem\" class=\"elementor-field-label\">\n\t\t\t\t\t\t\t\tSua mensagem\t\t\t\t\t\t\t<\/label>\n\t\t\t\t\t\t<textarea class=\"elementor-field-textual elementor-field  elementor-size-md\" name=\"form_fields[mensagem]\" id=\"form-field-mensagem\" rows=\"6\" placeholder=\"Escreva aqui sua mensagem. Sinta-se \u00e0 vontade para detalhar sua vis\u00e3o, d\u00favida ou sugest\u00e3o...\" required=\"required\"><\/textarea>\t\t\t\t<\/div>\n\t\t\t\t\t\t\t\t<div class=\"elementor-field-type-acceptance elementor-field-group elementor-column elementor-field-group-field_43c9f1d elementor-col-100 elementor-field-required\">\n\t\t\t\t\t\t\t<div class=\"elementor-field-subgroup\">\n\t\t\t<span class=\"elementor-field-option\">\n\t\t\t\t<input type=\"checkbox\" name=\"form_fields[field_43c9f1d]\" id=\"form-field-field_43c9f1d\" class=\"elementor-field elementor-size-md  elementor-acceptance-field\" required=\"required\" checked=\"checked\">\n\t\t\t\t<label for=\"form-field-field_43c9f1d\">Li e concordo com a <a href=\"https:\/\/nucleojoalheria.org\/politica-de-privacidade\/\" target=\"_blank\" style=\"color: #FFFFFF;\">Pol\u00edtica de Privacidade<\/a> do N\u00facleo.<\/label>\t\t\t<\/span>\n\t\t<\/div>\n\t\t\t\t\t\t<\/div>\n\t\t\t\t\t\t\t\t<div class=\"elementor-field-type-recaptcha_v3 elementor-field-group elementor-column elementor-field-group-field_b268981 elementor-col-100 recaptcha_v3-bottomleft\">\n\t\t\t\t\t<div class=\"elementor-field\" id=\"form-field-field_b268981\"><div class=\"elementor-g-recaptcha\" data-sitekey=\"6LcKHRErAAAAAH-ox2x4l-ceIEtGe2KaWH_vuqGQ\" data-type=\"v3\" data-action=\"Form\" data-badge=\"bottomleft\" data-size=\"invisible\"><\/div><\/div>\t\t\t\t<\/div>\n\t\t\t\t\t\t\t\t<div class=\"elementor-field-group elementor-column elementor-field-type-submit elementor-col-100 e-form__buttons\">\n\t\t\t\t\t<button class=\"elementor-button elementor-size-lg\" type=\"submit\">\n\t\t\t\t\t\t<span class=\"elementor-button-content-wrapper\">\n\t\t\t\t\t\t\t\t\t\t\t\t\t\t\t\t\t\t\t\t\t\t<span class=\"elementor-button-text\">Enviar Mensagem<\/span>\n\t\t\t\t\t\t\t\t\t\t\t\t\t<\/span>\n\t\t\t\t\t<\/button>\n\t\t\t\t<\/div>\n\t\t\t<\/div>\n\t\t<\/form>\n\t\t\t\t\t\t<\/div>\n\t\t\t\t<\/div>\n\t\t\t\t<\/div>\n\t\t<div class=\"elementor-element elementor-element-d6cd70f e-con-full elementor-hidden-desktop e-flex e-con e-child\" data-id=\"d6cd70f\" data-element_type=\"container\" data-e-type=\"container\" data-settings=\"{&quot;background_background&quot;:&quot;classic&quot;,&quot;jet_parallax_layout_list&quot;:[]}\">\n\t\t\t\t<div class=\"elementor-element elementor-element-1c9f84b elementor-button-align-stretch elementor-widget elementor-widget-form\" data-id=\"1c9f84b\" data-element_type=\"widget\" data-e-type=\"widget\" data-settings=\"{&quot;step_next_label&quot;:&quot;Next&quot;,&quot;step_previous_label&quot;:&quot;Previous&quot;,&quot;button_width&quot;:&quot;100&quot;,&quot;step_type&quot;:&quot;number_text&quot;,&quot;step_icon_shape&quot;:&quot;circle&quot;}\" data-widget_type=\"form.default\">\n\t\t\t\t\t\t\t<form class=\"elementor-form\" method=\"post\" name=\"Formul\u00e1rio SAC\" aria-label=\"Formul\u00e1rio SAC\">\n\t\t\t<input type=\"hidden\" name=\"post_id\" value=\"8436\"\/>\n\t\t\t<input type=\"hidden\" name=\"form_id\" value=\"1c9f84b\"\/>\n\t\t\t<input type=\"hidden\" name=\"referer_title\" value=\"SAC\" \/>\n\n\t\t\t\t\t\t\t<input type=\"hidden\" name=\"queried_id\" value=\"8436\"\/>\n\t\t\t\n\t\t\t<div class=\"elementor-form-fields-wrapper elementor-labels-above\">\n\t\t\t\t\t\t\t\t<div class=\"elementor-field-type-text elementor-field-group elementor-column elementor-field-group-name elementor-col-100 elementor-field-required\">\n\t\t\t\t\t\t\t\t\t\t\t\t<label for=\"form-field-name\" class=\"elementor-field-label\">\n\t\t\t\t\t\t\t\tSeu nome\t\t\t\t\t\t\t<\/label>\n\t\t\t\t\t\t\t\t\t\t\t\t\t\t<input size=\"1\" type=\"text\" name=\"form_fields[name]\" id=\"form-field-name\" class=\"elementor-field elementor-size-md  elementor-field-textual\" placeholder=\"Nome e Sobrenome\" required=\"required\">\n\t\t\t\t\t\t\t\t\t\t\t<\/div>\n\t\t\t\t\t\t\t\t<div class=\"elementor-field-type-email elementor-field-group elementor-column elementor-field-group-email elementor-col-100 elementor-field-required\">\n\t\t\t\t\t\t\t\t\t\t\t\t<label for=\"form-field-email\" class=\"elementor-field-label\">\n\t\t\t\t\t\t\t\tSeu melhor e-mail\t\t\t\t\t\t\t<\/label>\n\t\t\t\t\t\t\t\t\t\t\t\t\t\t<input size=\"1\" type=\"email\" name=\"form_fields[email]\" id=\"form-field-email\" class=\"elementor-field elementor-size-md  elementor-field-textual\" placeholder=\"voce@email.com\" required=\"required\">\n\t\t\t\t\t\t\t\t\t\t\t<\/div>\n\t\t\t\t\t\t\t\t<div class=\"elementor-field-type-tel elementor-field-group elementor-column elementor-field-group-field_75655ff elementor-col-100 elementor-field-required\">\n\t\t\t\t\t\t\t\t\t\t\t\t<label for=\"form-field-field_75655ff\" class=\"elementor-field-label\">\n\t\t\t\t\t\t\t\tTelefone \/ WhatsApp\t\t\t\t\t\t\t<\/label>\n\t\t\t\t\t\t\t\t<input size=\"1\" type=\"tel\" name=\"form_fields[field_75655ff]\" id=\"form-field-field_75655ff\" class=\"elementor-field elementor-size-md  elementor-field-textual\" placeholder=\"(XX) 9XXXX-XXXX\" required=\"required\" pattern=\"[0-9()#&amp;+*-=.]+\" title=\"Solo se aceptan n\u00fameros y caracteres de tel\u00e9fono (#,-,*,etc).\">\n\n\t\t\t\t\t\t<\/div>\n\t\t\t\t\t\t\t\t<div class=\"elementor-field-type-select elementor-field-group elementor-column elementor-field-group-field_5478be4 elementor-col-100 elementor-field-required\">\n\t\t\t\t\t\t\t\t\t\t\t\t<label for=\"form-field-field_5478be4\" class=\"elementor-field-label\">\n\t\t\t\t\t\t\t\tSobre o que gostaria de falar?\t\t\t\t\t\t\t<\/label>\n\t\t\t\t\t\t\t\t<div class=\"elementor-field elementor-select-wrapper remove-before \">\n\t\t\t<div class=\"select-caret-down-wrapper\">\n\t\t\t\t<svg aria-hidden=\"true\" class=\"e-font-icon-svg e-eicon-caret-down\" viewBox=\"0 0 571.4 571.4\" xmlns=\"http:\/\/www.w3.org\/2000\/svg\"><path d=\"M571 393Q571 407 561 418L311 668Q300 679 286 679T261 668L11 418Q0 407 0 393T11 368 36 357H536Q550 357 561 368T571 393Z\"><\/path><\/svg>\t\t\t<\/div>\n\t\t\t<select name=\"form_fields[field_5478be4]\" id=\"form-field-field_5478be4\" class=\"elementor-field-textual elementor-size-md\" required=\"required\">\n\t\t\t\t\t\t\t\t\t<option value=\"Gostaria de fazer uma sugest\u00e3o\">Gostaria de fazer uma sugest\u00e3o<\/option>\n\t\t\t\t\t\t\t\t\t<option value=\"Quero compartilhar uma vis\u00e3o \/ ideia\">Quero compartilhar uma vis\u00e3o \/ ideia<\/option>\n\t\t\t\t\t\t\t\t\t<option value=\"Tenho uma cr\u00edtica construtiva\">Tenho uma cr\u00edtica construtiva<\/option>\n\t\t\t\t\t\t\t\t\t<option value=\"Tenho uma d\u00favida\">Tenho uma d\u00favida<\/option>\n\t\t\t\t\t\t\t\t\t<option value=\"Gostaria de propor uma parceria\">Gostaria de propor uma parceria<\/option>\n\t\t\t\t\t\t\t\t\t<option value=\"Outro assunto\">Outro assunto<\/option>\n\t\t\t\t\t\t\t<\/select>\n\t\t<\/div>\n\t\t\t\t\t\t<\/div>\n\t\t\t\t\t\t\t\t<div class=\"elementor-field-type-textarea elementor-field-group elementor-column elementor-field-group-field_d9a82e5 elementor-col-100 elementor-field-required\">\n\t\t\t\t\t\t\t\t\t\t\t\t<label for=\"form-field-field_d9a82e5\" class=\"elementor-field-label\">\n\t\t\t\t\t\t\t\tSua mensagem\t\t\t\t\t\t\t<\/label>\n\t\t\t\t\t\t<textarea class=\"elementor-field-textual elementor-field  elementor-size-md\" name=\"form_fields[field_d9a82e5]\" id=\"form-field-field_d9a82e5\" rows=\"6\" placeholder=\"Escreva aqui sua mensagem. Sinta-se \u00e0 vontade para detalhar sua vis\u00e3o, d\u00favida ou sugest\u00e3o...\" required=\"required\"><\/textarea>\t\t\t\t<\/div>\n\t\t\t\t\t\t\t\t<div class=\"elementor-field-type-acceptance elementor-field-group elementor-column elementor-field-group-field_43c9f1d elementor-col-100 elementor-field-required\">\n\t\t\t\t\t\t\t\t\t\t\t\t<label for=\"form-field-field_43c9f1d\" class=\"elementor-field-label\">\n\t\t\t\t\t\t\t\tConsentimento (LGPD)\t\t\t\t\t\t\t<\/label>\n\t\t\t\t\t\t\t\t<div class=\"elementor-field-subgroup\">\n\t\t\t<span class=\"elementor-field-option\">\n\t\t\t\t<input type=\"checkbox\" name=\"form_fields[field_43c9f1d]\" id=\"form-field-field_43c9f1d\" class=\"elementor-field elementor-size-md  elementor-acceptance-field\" required=\"required\" checked=\"checked\">\n\t\t\t\t<label for=\"form-field-field_43c9f1d\">Li e concordo com a [link para a Pol\u00edtica de Privacidade] do N\u00facleo.<\/label>\t\t\t<\/span>\n\t\t<\/div>\n\t\t\t\t\t\t<\/div>\n\t\t\t\t\t\t\t\t<div class=\"elementor-field-group elementor-column elementor-field-type-submit elementor-col-100 e-form__buttons\">\n\t\t\t\t\t<button class=\"elementor-button elementor-size-lg\" type=\"submit\">\n\t\t\t\t\t\t<span class=\"elementor-button-content-wrapper\">\n\t\t\t\t\t\t\t\t\t\t\t\t\t\t\t\t\t\t\t\t\t\t<span class=\"elementor-button-text\">Enviar Mensagem<\/span>\n\t\t\t\t\t\t\t\t\t\t\t\t\t<\/span>\n\t\t\t\t\t<\/button>\n\t\t\t\t<\/div>\n\t\t\t<\/div>\n\t\t<\/form>\n\t\t\t\t\t\t<\/div>\n\t\t\t\t<\/div>\n\t\t\t\t\t<\/div>\n\t\t\t\t<\/div>\n\t\t\t\t<\/div>\n\t\t","protected":false},"excerpt":{"rendered":"<p>Um Espa\u00e7o de Di\u00e1logo Aberto Somos uma comunidade de joalheiros contempor\u00e2neos da Am\u00e9rica Latina, conectados por desafios, sonhos e pelo desejo de fortalecer o nosso fazer \u2014 entre n\u00f3s e para os outros. Muitas das nossas a\u00e7\u00f5es s\u00e3o constru\u00eddas sem um mapa definido, de forma honesta, intuitiva e em constante movimento. Este SAC \u00e9 um [&hellip;]<\/p>\n","protected":false},"author":65,"featured_media":0,"parent":0,"menu_order":0,"comment_status":"closed","ping_status":"closed","template":"","meta":{"footnotes":""},"class_list":["post-8436","page","type-page","status-publish","hentry"],"_links":{"self":[{"href":"https:\/\/nucleojoalheria.org\/es\/wp-json\/wp\/v2\/pages\/8436","targetHints":{"allow":["GET"]}}],"collection":[{"href":"https:\/\/nucleojoalheria.org\/es\/wp-json\/wp\/v2\/pages"}],"about":[{"href":"https:\/\/nucleojoalheria.org\/es\/wp-json\/wp\/v2\/types\/page"}],"author":[{"embeddable":true,"href":"https:\/\/nucleojoalheria.org\/es\/wp-json\/wp\/v2\/users\/65"}],"replies":[{"embeddable":true,"href":"https:\/\/nucleojoalheria.org\/es\/wp-json\/wp\/v2\/comments?post=8436"}],"version-history":[{"count":0,"href":"https:\/\/nucleojoalheria.org\/es\/wp-json\/wp\/v2\/pages\/8436\/revisions"}],"wp:attachment":[{"href":"https:\/\/nucleojoalheria.org\/es\/wp-json\/wp\/v2\/media?parent=8436"}],"curies":[{"name":"wp","href":"https:\/\/api.w.org\/{rel}","templated":true}]}}