{"id":2710,"date":"2025-06-18T22:26:22","date_gmt":"2025-06-19T01:26:22","guid":{"rendered":"https:\/\/nucleojoalheria.org\/?post_type=product&#038;p=2710"},"modified":"2025-06-19T14:52:45","modified_gmt":"2025-06-19T17:52:45","slug":"anel-arrepio-azul","status":"publish","type":"product","link":"https:\/\/nucleojoalheria.org\/es\/producto\/anel-arrepio-azul\/","title":{"rendered":"Anel Arrepio Azul"},"content":{"rendered":"<p data-sourcepos=\"13:1-13:275\">O anel <strong>Arrepio Azul<\/strong> se destaca como uma estrutura que se eleva e se expande, criando uma presen\u00e7a escultural nos dedos de quem o usa.<\/p>\n<p data-sourcepos=\"15:1-15:330\">A artista joalheira Carmen Ciancio, imprime sua identidade visual nesta obra, fortemente marcada por uma composi\u00e7\u00e3o que transmite energia e complexidade. A textura \u00e9 um elemento-chave, adicionando profundidade e interesse t\u00e1til ao design.<\/p>\n<p data-sourcepos=\"17:1-17:251\"><strong>Arrepio Azul<\/strong> \u00e9 uma escolha para quem busca uma pe\u00e7a de design contempor\u00e2neo com assinatura art\u00edstica. Ele n\u00e3o apenas adorna, mas dialoga com a individualidade, propondo um ponto de destaque que reflete apre\u00e7o pela inova\u00e7\u00e3o e pela est\u00e9tica singular.<\/p>","protected":false},"excerpt":{"rendered":"<p>A materialidade do feltro e do couro em uma forma escultural.<\/p>","protected":false},"featured_media":2711,"comment_status":"closed","ping_status":"closed","template":"","meta":[],"product_brand":[116],"product_cat":[91,111,96,98,105,97],"product_tag":[114,131,133,126,129,123,130,125,128,132,119,124,137,127],"artista-joalheira":[58],"class_list":{"0":"post-2710","1":"product","2":"type-product","3":"status-publish","4":"has-post-thumbnail","6":"product_brand-nucleo-joalheria","7":"product_cat-aneis","8":"product_cat-multiplas-materialidades","9":"product_cat-objetos-usaveis-wearable-art","10":"product_cat-objetos-esculturas","11":"product_cat-tecido-fios","12":"product_cat-texteis-pecas-em-tecido","13":"product_tag-anel","14":"product_tag-arte-vestivel","15":"product_tag-carmen-ciancio","16":"product_tag-colecao-de-joias","17":"product_tag-joalheria-contemporanea","18":"product_tag-joia","19":"product_tag-joia-arte","20":"product_tag-joia-colecionavel","21":"product_tag-joyeria","22":"product_tag-nucleo","23":"product_tag-nucleo-joalheria","24":"product_tag-obra-vestivel","25":"product_tag-ring","26":"product_tag-wearable-art","27":"artista-joalheira-carmen-ciancio","29":"first","30":"instock","31":"shipping-taxable","32":"purchasable","33":"product-type-simple"},"_links":{"self":[{"href":"https:\/\/nucleojoalheria.org\/es\/wp-json\/wp\/v2\/product\/2710","targetHints":{"allow":["GET"]}}],"collection":[{"href":"https:\/\/nucleojoalheria.org\/es\/wp-json\/wp\/v2\/product"}],"about":[{"href":"https:\/\/nucleojoalheria.org\/es\/wp-json\/wp\/v2\/types\/product"}],"replies":[{"embeddable":true,"href":"https:\/\/nucleojoalheria.org\/es\/wp-json\/wp\/v2\/comments?post=2710"}],"wp:featuredmedia":[{"embeddable":true,"href":"https:\/\/nucleojoalheria.org\/es\/wp-json\/wp\/v2\/media\/2711"}],"wp:attachment":[{"href":"https:\/\/nucleojoalheria.org\/es\/wp-json\/wp\/v2\/media?parent=2710"}],"wp:term":[{"taxonomy":"product_brand","embeddable":true,"href":"https:\/\/nucleojoalheria.org\/es\/wp-json\/wp\/v2\/product_brand?post=2710"},{"taxonomy":"product_cat","embeddable":true,"href":"https:\/\/nucleojoalheria.org\/es\/wp-json\/wp\/v2\/product_cat?post=2710"},{"taxonomy":"product_tag","embeddable":true,"href":"https:\/\/nucleojoalheria.org\/es\/wp-json\/wp\/v2\/product_tag?post=2710"},{"taxonomy":"artista-joalheira","embeddable":true,"href":"https:\/\/nucleojoalheria.org\/es\/wp-json\/wp\/v2\/artista-joalheira?post=2710"}],"curies":[{"name":"wp","href":"https:\/\/api.w.org\/{rel}","templated":true}]}}