{"id":2715,"date":"2025-06-18T22:34:17","date_gmt":"2025-06-19T01:34:17","guid":{"rendered":"https:\/\/nucleojoalheria.org\/?post_type=product&#038;p=2715"},"modified":"2025-06-19T14:52:45","modified_gmt":"2025-06-19T17:52:45","slug":"anel-arrepio-colorido","status":"publish","type":"product","link":"https:\/\/nucleojoalheria.org\/es\/producto\/anel-arrepio-colorido\/","title":{"rendered":"Anel Arrepio Colorido"},"content":{"rendered":"<p>Pulsando em cores vivas, o anel <strong>Arrepio Colorido<\/strong> de Carmen Ciancio \u00e9 uma manifesta\u00e7\u00e3o t\u00e1til.<\/p>\n<p data-sourcepos=\"13:1-13:347\">N\u00e3o \u00e9 apenas uma forma, mas um emaranhado de vida onde a maestria da artista joalheira se revela na manipula\u00e7\u00e3o do <strong>feltro<\/strong> e do <strong>couro<\/strong>.<\/p>\n<p data-sourcepos=\"13:1-13:347\">Hastes coloridas, se erguem e se retorcem, criam um volume din\u00e2mico que parece desafiar a est\u00e1tica, convidando ao toque e \u00e0 observa\u00e7\u00e3o minuciosa.<\/p>\n<p data-sourcepos=\"15:1-15:360\">Sua paleta \u00e9 um espet\u00e1culo \u00e0 parte e dan\u00e7am sobre uma base escura, formando um conjunto que evoca uma vitalidade org\u00e2nica. Esta pe\u00e7a \u00e9 para quem n\u00e3o teme expressar-se com aud\u00e1cia, buscando no vestir uma extens\u00e3o de sua pr\u00f3pria energia criativa e uma afirma\u00e7\u00e3o de sua singularidade vibrante.<\/p>","protected":false},"excerpt":{"rendered":"<p>Feltro e couro se enredam em um design que irradia energia e originalidade.<\/p>","protected":false},"featured_media":2716,"comment_status":"closed","ping_status":"closed","template":"","meta":[],"product_brand":[116],"product_cat":[91,111,96,98,105,97],"product_tag":[114,131,133,126,129,123,130,125,128,132,119,124,137,127],"artista-joalheira":[58],"class_list":{"0":"post-2715","1":"product","2":"type-product","3":"status-publish","4":"has-post-thumbnail","6":"product_brand-nucleo-joalheria","7":"product_cat-aneis","8":"product_cat-multiplas-materialidades","9":"product_cat-objetos-usaveis-wearable-art","10":"product_cat-objetos-esculturas","11":"product_cat-tecido-fios","12":"product_cat-texteis-pecas-em-tecido","13":"product_tag-anel","14":"product_tag-arte-vestivel","15":"product_tag-carmen-ciancio","16":"product_tag-colecao-de-joias","17":"product_tag-joalheria-contemporanea","18":"product_tag-joia","19":"product_tag-joia-arte","20":"product_tag-joia-colecionavel","21":"product_tag-joyeria","22":"product_tag-nucleo","23":"product_tag-nucleo-joalheria","24":"product_tag-obra-vestivel","25":"product_tag-ring","26":"product_tag-wearable-art","27":"artista-joalheira-carmen-ciancio","29":"first","30":"instock","31":"shipping-taxable","32":"purchasable","33":"product-type-simple"},"_links":{"self":[{"href":"https:\/\/nucleojoalheria.org\/es\/wp-json\/wp\/v2\/product\/2715","targetHints":{"allow":["GET"]}}],"collection":[{"href":"https:\/\/nucleojoalheria.org\/es\/wp-json\/wp\/v2\/product"}],"about":[{"href":"https:\/\/nucleojoalheria.org\/es\/wp-json\/wp\/v2\/types\/product"}],"replies":[{"embeddable":true,"href":"https:\/\/nucleojoalheria.org\/es\/wp-json\/wp\/v2\/comments?post=2715"}],"wp:featuredmedia":[{"embeddable":true,"href":"https:\/\/nucleojoalheria.org\/es\/wp-json\/wp\/v2\/media\/2716"}],"wp:attachment":[{"href":"https:\/\/nucleojoalheria.org\/es\/wp-json\/wp\/v2\/media?parent=2715"}],"wp:term":[{"taxonomy":"product_brand","embeddable":true,"href":"https:\/\/nucleojoalheria.org\/es\/wp-json\/wp\/v2\/product_brand?post=2715"},{"taxonomy":"product_cat","embeddable":true,"href":"https:\/\/nucleojoalheria.org\/es\/wp-json\/wp\/v2\/product_cat?post=2715"},{"taxonomy":"product_tag","embeddable":true,"href":"https:\/\/nucleojoalheria.org\/es\/wp-json\/wp\/v2\/product_tag?post=2715"},{"taxonomy":"artista-joalheira","embeddable":true,"href":"https:\/\/nucleojoalheria.org\/es\/wp-json\/wp\/v2\/artista-joalheira?post=2715"}],"curies":[{"name":"wp","href":"https:\/\/api.w.org\/{rel}","templated":true}]}}