{"id":2727,"date":"2025-06-19T11:20:23","date_gmt":"2025-06-19T14:20:23","guid":{"rendered":"https:\/\/nucleojoalheria.org\/?post_type=product&#038;p=2727"},"modified":"2025-06-19T14:52:45","modified_gmt":"2025-06-19T17:52:45","slug":"anel-fragmentos","status":"publish","type":"product","link":"https:\/\/nucleojoalheria.org\/es\/producto\/anel-fragmentos\/","title":{"rendered":"Anel Fragmentos"},"content":{"rendered":"<p><strong>Fragmentos<\/strong> \u00e9 um anel para quem busca uma pe\u00e7a que dialogue com a complexidade da forma e da mat\u00e9ria, vestindo uma express\u00e3o art\u00edstica \u00fanica e visceral.<\/p>\n<p>A artista manipula <strong>feltro<\/strong> e <strong>couro<\/strong> para criar uma massa de volumes irregulares e superf\u00edcies corrugadas, onde cada dobra e fenda contribui para a narrativa da pe\u00e7a.<\/p>\n<p>Como se a forma emergisse de um processo org\u00e2nico e quase bruto.<\/p>","protected":false},"excerpt":{"rendered":"<p>Fragmentos \u00e9 uma pe\u00e7a que convida ao di\u00e1logo com a mat\u00e9ria e a forma, oferecendo uma express\u00e3o art\u00edstica de autenticidade visceral.<\/p>","protected":false},"featured_media":2729,"comment_status":"closed","ping_status":"closed","template":"","meta":[],"product_brand":[116],"product_cat":[91],"product_tag":[114,131,133,126,129,123,130,125,128,132,119,124,137,127],"artista-joalheira":[58],"class_list":{"0":"post-2727","1":"product","2":"type-product","3":"status-publish","4":"has-post-thumbnail","6":"product_brand-nucleo-joalheria","7":"product_cat-aneis","8":"product_tag-anel","9":"product_tag-arte-vestivel","10":"product_tag-carmen-ciancio","11":"product_tag-colecao-de-joias","12":"product_tag-joalheria-contemporanea","13":"product_tag-joia","14":"product_tag-joia-arte","15":"product_tag-joia-colecionavel","16":"product_tag-joyeria","17":"product_tag-nucleo","18":"product_tag-nucleo-joalheria","19":"product_tag-obra-vestivel","20":"product_tag-ring","21":"product_tag-wearable-art","22":"artista-joalheira-carmen-ciancio","24":"first","25":"instock","26":"shipping-taxable","27":"purchasable","28":"product-type-simple"},"_links":{"self":[{"href":"https:\/\/nucleojoalheria.org\/es\/wp-json\/wp\/v2\/product\/2727","targetHints":{"allow":["GET"]}}],"collection":[{"href":"https:\/\/nucleojoalheria.org\/es\/wp-json\/wp\/v2\/product"}],"about":[{"href":"https:\/\/nucleojoalheria.org\/es\/wp-json\/wp\/v2\/types\/product"}],"replies":[{"embeddable":true,"href":"https:\/\/nucleojoalheria.org\/es\/wp-json\/wp\/v2\/comments?post=2727"}],"wp:featuredmedia":[{"embeddable":true,"href":"https:\/\/nucleojoalheria.org\/es\/wp-json\/wp\/v2\/media\/2729"}],"wp:attachment":[{"href":"https:\/\/nucleojoalheria.org\/es\/wp-json\/wp\/v2\/media?parent=2727"}],"wp:term":[{"taxonomy":"product_brand","embeddable":true,"href":"https:\/\/nucleojoalheria.org\/es\/wp-json\/wp\/v2\/product_brand?post=2727"},{"taxonomy":"product_cat","embeddable":true,"href":"https:\/\/nucleojoalheria.org\/es\/wp-json\/wp\/v2\/product_cat?post=2727"},{"taxonomy":"product_tag","embeddable":true,"href":"https:\/\/nucleojoalheria.org\/es\/wp-json\/wp\/v2\/product_tag?post=2727"},{"taxonomy":"artista-joalheira","embeddable":true,"href":"https:\/\/nucleojoalheria.org\/es\/wp-json\/wp\/v2\/artista-joalheira?post=2727"}],"curies":[{"name":"wp","href":"https:\/\/api.w.org\/{rel}","templated":true}]}}