{"id":2852,"date":"2025-06-19T15:23:41","date_gmt":"2025-06-19T18:23:41","guid":{"rendered":"https:\/\/nucleojoalheria.org\/?post_type=product&#038;p=2852"},"modified":"2025-06-27T17:58:07","modified_gmt":"2025-06-27T20:58:07","slug":"choker-a-flor-da-pele","status":"publish","type":"product","link":"https:\/\/nucleojoalheria.org\/es\/producto\/choker-a-flor-da-pele\/","title":{"rendered":"Gargantilla estrecha"},"content":{"rendered":"<p>Memorias de dor e del\u00edcia.<\/p>\n<p><span style=\"font-weight: 400\">A pele, joia da cria\u00e7\u00e3o, carrega mem\u00f3rias que se desenham em camadas de tempo e <\/span><span style=\"font-weight: 400\">vida. Em minha arte, em diferentes texturas, ela carrega mensagens de uma exist\u00eancia <\/span><span style=\"font-weight: 400\">\u00fanica.<\/span><\/p>","protected":false},"excerpt":{"rendered":"<p>Memorias de dor e del\u00edcia.<\/p>","protected":false},"featured_media":2853,"comment_status":"closed","ping_status":"closed","template":"","meta":[],"product_brand":[116],"product_cat":[101,92,108,96],"product_tag":[131,156,118,126,129,123,130,125,128,147,143,132,119,124,158,157,127],"artista-joalheira":[75],"class_list":{"0":"post-2852","1":"product","2":"type-product","3":"status-publish","4":"has-post-thumbnail","6":"product_brand-nucleo-joalheria","7":"product_cat-cobre-latao-bronze","8":"product_cat-colares","9":"product_cat-materiais-alternativos","10":"product_cat-objetos-usaveis-wearable-art","11":"product_tag-arte-vestivel","12":"product_tag-choker","13":"product_tag-colar","14":"product_tag-colecao-de-joias","15":"product_tag-joalheria-contemporanea","16":"product_tag-joia","17":"product_tag-joia-arte","18":"product_tag-joia-colecionavel","19":"product_tag-joyeria","20":"product_tag-latao","21":"product_tag-necklace","22":"product_tag-nucleo","23":"product_tag-nucleo-joalheria","24":"product_tag-obra-vestivel","25":"product_tag-regina-giovanolli","26":"product_tag-silicone","27":"product_tag-wearable-art","28":"artista-joalheira-regina-giovanolli","30":"first","31":"instock","32":"shipping-taxable","33":"purchasable","34":"product-type-simple"},"_links":{"self":[{"href":"https:\/\/nucleojoalheria.org\/es\/wp-json\/wp\/v2\/product\/2852","targetHints":{"allow":["GET"]}}],"collection":[{"href":"https:\/\/nucleojoalheria.org\/es\/wp-json\/wp\/v2\/product"}],"about":[{"href":"https:\/\/nucleojoalheria.org\/es\/wp-json\/wp\/v2\/types\/product"}],"replies":[{"embeddable":true,"href":"https:\/\/nucleojoalheria.org\/es\/wp-json\/wp\/v2\/comments?post=2852"}],"wp:featuredmedia":[{"embeddable":true,"href":"https:\/\/nucleojoalheria.org\/es\/wp-json\/wp\/v2\/media\/2853"}],"wp:attachment":[{"href":"https:\/\/nucleojoalheria.org\/es\/wp-json\/wp\/v2\/media?parent=2852"}],"wp:term":[{"taxonomy":"product_brand","embeddable":true,"href":"https:\/\/nucleojoalheria.org\/es\/wp-json\/wp\/v2\/product_brand?post=2852"},{"taxonomy":"product_cat","embeddable":true,"href":"https:\/\/nucleojoalheria.org\/es\/wp-json\/wp\/v2\/product_cat?post=2852"},{"taxonomy":"product_tag","embeddable":true,"href":"https:\/\/nucleojoalheria.org\/es\/wp-json\/wp\/v2\/product_tag?post=2852"},{"taxonomy":"artista-joalheira","embeddable":true,"href":"https:\/\/nucleojoalheria.org\/es\/wp-json\/wp\/v2\/artista-joalheira?post=2852"}],"curies":[{"name":"wp","href":"https:\/\/api.w.org\/{rel}","templated":true}]}}