{"id":2858,"date":"2025-06-19T15:27:29","date_gmt":"2025-06-19T18:27:29","guid":{"rendered":"https:\/\/nucleojoalheria.org\/?post_type=product&#038;p=2858"},"modified":"2025-06-27T17:58:37","modified_gmt":"2025-06-27T20:58:37","slug":"anel-a-flor-da-pele-g","status":"publish","type":"product","link":"https:\/\/nucleojoalheria.org\/es\/producto\/anel-a-flor-da-pele-g\/","title":{"rendered":"Anel \u00c0 Flor da Pele (G)"},"content":{"rendered":"<p>Memorias de dor e del\u00edcia.<\/p>\n<p><span style=\"font-weight: 400\">A pele, joia da cria\u00e7\u00e3o, carrega mem\u00f3rias que se desenham em camadas de tempo e <\/span><span style=\"font-weight: 400\">vida. Em minha arte, em diferentes texturas, ela carrega mensagens de uma exist\u00eancia <\/span><span style=\"font-weight: 400\">\u00fanica.<\/span><\/p>","protected":false},"excerpt":{"rendered":"<p>Memorias de dor e del\u00edcia.<\/p>","protected":false},"featured_media":2859,"comment_status":"closed","ping_status":"closed","template":"","meta":[],"product_brand":[116],"product_cat":[91,101,96,98,159],"product_tag":[114,131,126,129,123,130,125,128,147,132,119,124,158,157,127],"artista-joalheira":[75],"class_list":{"0":"post-2858","1":"product","2":"type-product","3":"status-publish","4":"has-post-thumbnail","6":"product_brand-nucleo-joalheria","7":"product_cat-aneis","8":"product_cat-cobre-latao-bronze","9":"product_cat-objetos-usaveis-wearable-art","10":"product_cat-objetos-esculturas","11":"product_cat-silicone","12":"product_tag-anel","13":"product_tag-arte-vestivel","14":"product_tag-colecao-de-joias","15":"product_tag-joalheria-contemporanea","16":"product_tag-joia","17":"product_tag-joia-arte","18":"product_tag-joia-colecionavel","19":"product_tag-joyeria","20":"product_tag-latao","21":"product_tag-nucleo","22":"product_tag-nucleo-joalheria","23":"product_tag-obra-vestivel","24":"product_tag-regina-giovanolli","25":"product_tag-silicone","26":"product_tag-wearable-art","27":"artista-joalheira-regina-giovanolli","29":"first","30":"instock","31":"shipping-taxable","32":"purchasable","33":"product-type-simple"},"_links":{"self":[{"href":"https:\/\/nucleojoalheria.org\/es\/wp-json\/wp\/v2\/product\/2858","targetHints":{"allow":["GET"]}}],"collection":[{"href":"https:\/\/nucleojoalheria.org\/es\/wp-json\/wp\/v2\/product"}],"about":[{"href":"https:\/\/nucleojoalheria.org\/es\/wp-json\/wp\/v2\/types\/product"}],"replies":[{"embeddable":true,"href":"https:\/\/nucleojoalheria.org\/es\/wp-json\/wp\/v2\/comments?post=2858"}],"wp:featuredmedia":[{"embeddable":true,"href":"https:\/\/nucleojoalheria.org\/es\/wp-json\/wp\/v2\/media\/2859"}],"wp:attachment":[{"href":"https:\/\/nucleojoalheria.org\/es\/wp-json\/wp\/v2\/media?parent=2858"}],"wp:term":[{"taxonomy":"product_brand","embeddable":true,"href":"https:\/\/nucleojoalheria.org\/es\/wp-json\/wp\/v2\/product_brand?post=2858"},{"taxonomy":"product_cat","embeddable":true,"href":"https:\/\/nucleojoalheria.org\/es\/wp-json\/wp\/v2\/product_cat?post=2858"},{"taxonomy":"product_tag","embeddable":true,"href":"https:\/\/nucleojoalheria.org\/es\/wp-json\/wp\/v2\/product_tag?post=2858"},{"taxonomy":"artista-joalheira","embeddable":true,"href":"https:\/\/nucleojoalheria.org\/es\/wp-json\/wp\/v2\/artista-joalheira?post=2858"}],"curies":[{"name":"wp","href":"https:\/\/api.w.org\/{rel}","templated":true}]}}