{"id":2868,"date":"2025-06-19T15:38:49","date_gmt":"2025-06-19T18:38:49","guid":{"rendered":"https:\/\/nucleojoalheria.org\/?post_type=product&#038;p=2868"},"modified":"2025-06-27T18:00:53","modified_gmt":"2025-06-27T21:00:53","slug":"brinco-paixoes-viscerais","status":"publish","type":"product","link":"https:\/\/nucleojoalheria.org\/es\/producto\/brinco-paixoes-viscerais\/","title":{"rendered":"Brinco Paix\u00f5es Viscerais"},"content":{"rendered":"<p>Materialidade que traz \u00e0 superf\u00edcie o que n\u00e3o sou capaz de dizer.<\/p>\n<p><span style=\"font-weight: 400\">A pele, joia da cria\u00e7\u00e3o, carrega mem\u00f3rias que se desenham em camadas de tempo e <\/span><span style=\"font-weight: 400\">vida. Em minha arte, em diferentes texturas, ela carrega mensagens de uma exist\u00eancia <\/span><span style=\"font-weight: 400\">\u00fanica.<\/span><\/p>","protected":false},"excerpt":{"rendered":"<p>Materialidade que traz \u00e0 superf\u00edcie o que n\u00e3o sou capaz de dizer.<\/p>","protected":false},"featured_media":2870,"comment_status":"closed","ping_status":"closed","template":"","meta":[],"product_brand":[116],"product_cat":[94,101,96,98,105,97],"product_tag":[131,138,160,126,139,129,123,130,125,128,161,132,119,124,158,127],"artista-joalheira":[75],"class_list":{"0":"post-2868","1":"product","2":"type-product","3":"status-publish","4":"has-post-thumbnail","6":"product_brand-nucleo-joalheria","7":"product_cat-brincos","8":"product_cat-cobre-latao-bronze","9":"product_cat-objetos-usaveis-wearable-art","10":"product_cat-objetos-esculturas","11":"product_cat-tecido-fios","12":"product_cat-texteis-pecas-em-tecido","13":"product_tag-arte-vestivel","14":"product_tag-brinco","15":"product_tag-cobre","16":"product_tag-colecao-de-joias","17":"product_tag-earrings","18":"product_tag-joalheria-contemporanea","19":"product_tag-joia","20":"product_tag-joia-arte","21":"product_tag-joia-colecionavel","22":"product_tag-joyeria","23":"product_tag-la","24":"product_tag-nucleo","25":"product_tag-nucleo-joalheria","26":"product_tag-obra-vestivel","27":"product_tag-regina-giovanolli","28":"product_tag-wearable-art","29":"artista-joalheira-regina-giovanolli","31":"first","32":"instock","33":"shipping-taxable","34":"purchasable","35":"product-type-simple"},"_links":{"self":[{"href":"https:\/\/nucleojoalheria.org\/es\/wp-json\/wp\/v2\/product\/2868","targetHints":{"allow":["GET"]}}],"collection":[{"href":"https:\/\/nucleojoalheria.org\/es\/wp-json\/wp\/v2\/product"}],"about":[{"href":"https:\/\/nucleojoalheria.org\/es\/wp-json\/wp\/v2\/types\/product"}],"replies":[{"embeddable":true,"href":"https:\/\/nucleojoalheria.org\/es\/wp-json\/wp\/v2\/comments?post=2868"}],"wp:featuredmedia":[{"embeddable":true,"href":"https:\/\/nucleojoalheria.org\/es\/wp-json\/wp\/v2\/media\/2870"}],"wp:attachment":[{"href":"https:\/\/nucleojoalheria.org\/es\/wp-json\/wp\/v2\/media?parent=2868"}],"wp:term":[{"taxonomy":"product_brand","embeddable":true,"href":"https:\/\/nucleojoalheria.org\/es\/wp-json\/wp\/v2\/product_brand?post=2868"},{"taxonomy":"product_cat","embeddable":true,"href":"https:\/\/nucleojoalheria.org\/es\/wp-json\/wp\/v2\/product_cat?post=2868"},{"taxonomy":"product_tag","embeddable":true,"href":"https:\/\/nucleojoalheria.org\/es\/wp-json\/wp\/v2\/product_tag?post=2868"},{"taxonomy":"artista-joalheira","embeddable":true,"href":"https:\/\/nucleojoalheria.org\/es\/wp-json\/wp\/v2\/artista-joalheira?post=2868"}],"curies":[{"name":"wp","href":"https:\/\/api.w.org\/{rel}","templated":true}]}}