{"id":2871,"date":"2025-06-19T15:41:57","date_gmt":"2025-06-19T18:41:57","guid":{"rendered":"https:\/\/nucleojoalheria.org\/?post_type=product&#038;p=2871"},"modified":"2025-06-27T18:01:12","modified_gmt":"2025-06-27T21:01:12","slug":"anel-no-na-gargante","status":"publish","type":"product","link":"https:\/\/nucleojoalheria.org\/es\/producto\/anel-no-na-gargante\/","title":{"rendered":"Anel N\u00f3 na Garganta"},"content":{"rendered":"<p>Materialidade que traz \u00e0 superf\u00edcie o que n\u00e3o sou capaz de dizer.<\/p>\n<p><span style=\"font-weight: 400\">A pele, joia da cria\u00e7\u00e3o, carrega mem\u00f3rias que se desenham em camadas de tempo e <\/span><span style=\"font-weight: 400\">vida. Em minha arte, em diferentes texturas, ela carrega mensagens de uma exist\u00eancia <\/span><span style=\"font-weight: 400\">\u00fanica.<\/span><\/p>","protected":false},"excerpt":{"rendered":"<p>Materialidade que traz \u00e0 superf\u00edcie o que n\u00e3o sou capaz de dizer.<\/p>","protected":false},"featured_media":2872,"comment_status":"closed","ping_status":"closed","template":"","meta":[],"product_brand":[116],"product_cat":[91,101,96,98,97],"product_tag":[114,131,160,126,162,129,123,130,125,128,132,119,124,158,137],"artista-joalheira":[75],"class_list":{"0":"post-2871","1":"product","2":"type-product","3":"status-publish","4":"has-post-thumbnail","6":"product_brand-nucleo-joalheria","7":"product_cat-aneis","8":"product_cat-cobre-latao-bronze","9":"product_cat-objetos-usaveis-wearable-art","10":"product_cat-objetos-esculturas","11":"product_cat-texteis-pecas-em-tecido","12":"product_tag-anel","13":"product_tag-arte-vestivel","14":"product_tag-cobre","15":"product_tag-colecao-de-joias","16":"product_tag-croche","17":"product_tag-joalheria-contemporanea","18":"product_tag-joia","19":"product_tag-joia-arte","20":"product_tag-joia-colecionavel","21":"product_tag-joyeria","22":"product_tag-nucleo","23":"product_tag-nucleo-joalheria","24":"product_tag-obra-vestivel","25":"product_tag-regina-giovanolli","26":"product_tag-ring","27":"artista-joalheira-regina-giovanolli","29":"first","30":"instock","31":"shipping-taxable","32":"purchasable","33":"product-type-simple"},"_links":{"self":[{"href":"https:\/\/nucleojoalheria.org\/es\/wp-json\/wp\/v2\/product\/2871","targetHints":{"allow":["GET"]}}],"collection":[{"href":"https:\/\/nucleojoalheria.org\/es\/wp-json\/wp\/v2\/product"}],"about":[{"href":"https:\/\/nucleojoalheria.org\/es\/wp-json\/wp\/v2\/types\/product"}],"replies":[{"embeddable":true,"href":"https:\/\/nucleojoalheria.org\/es\/wp-json\/wp\/v2\/comments?post=2871"}],"wp:featuredmedia":[{"embeddable":true,"href":"https:\/\/nucleojoalheria.org\/es\/wp-json\/wp\/v2\/media\/2872"}],"wp:attachment":[{"href":"https:\/\/nucleojoalheria.org\/es\/wp-json\/wp\/v2\/media?parent=2871"}],"wp:term":[{"taxonomy":"product_brand","embeddable":true,"href":"https:\/\/nucleojoalheria.org\/es\/wp-json\/wp\/v2\/product_brand?post=2871"},{"taxonomy":"product_cat","embeddable":true,"href":"https:\/\/nucleojoalheria.org\/es\/wp-json\/wp\/v2\/product_cat?post=2871"},{"taxonomy":"product_tag","embeddable":true,"href":"https:\/\/nucleojoalheria.org\/es\/wp-json\/wp\/v2\/product_tag?post=2871"},{"taxonomy":"artista-joalheira","embeddable":true,"href":"https:\/\/nucleojoalheria.org\/es\/wp-json\/wp\/v2\/artista-joalheira?post=2871"}],"curies":[{"name":"wp","href":"https:\/\/api.w.org\/{rel}","templated":true}]}}