{"id":2874,"date":"2025-06-19T15:47:12","date_gmt":"2025-06-19T18:47:12","guid":{"rendered":"https:\/\/nucleojoalheria.org\/?post_type=product&#038;p=2874"},"modified":"2025-06-27T17:56:30","modified_gmt":"2025-06-27T20:56:30","slug":"colar-poema","status":"publish","type":"product","link":"https:\/\/nucleojoalheria.org\/es\/producto\/colar-poema\/","title":{"rendered":"Collar de poemas"},"content":{"rendered":"<p><span style=\"font-weight: 400\">A pele, joia da cria\u00e7\u00e3o, carrega mem\u00f3rias que se desenham em camadas de tempo e <\/span><span style=\"font-weight: 400\">vida. Em minha arte, em diferentes texturas, ela carrega mensagens de uma exist\u00eancia <\/span><span style=\"font-weight: 400\">\u00fanica.<\/span><\/p>\n<p>A beleza que mora no imperfeito, no mundano, capturada num ato de liberdade.<\/p>\n<p>&nbsp;<\/p>\n<p>&nbsp;<\/p>","protected":false},"excerpt":{"rendered":"<p>A beleza que mora no imperfeito, no mundano, capturada num ato de liberdade.<\/p>","protected":false},"featured_media":2875,"comment_status":"closed","ping_status":"closed","template":"","meta":[],"product_brand":[116],"product_cat":[101,92,96,98,159,97],"product_tag":[131,160,118,126,155,162,129,123,130,125,128,161,147,143,132,119,124,158,157,127],"artista-joalheira":[75],"class_list":{"0":"post-2874","1":"product","2":"type-product","3":"status-publish","4":"has-post-thumbnail","6":"product_brand-nucleo-joalheria","7":"product_cat-cobre-latao-bronze","8":"product_cat-colares","9":"product_cat-objetos-usaveis-wearable-art","10":"product_cat-objetos-esculturas","11":"product_cat-silicone","12":"product_cat-texteis-pecas-em-tecido","13":"product_tag-arte-vestivel","14":"product_tag-cobre","15":"product_tag-colar","16":"product_tag-colecao-de-joias","17":"product_tag-corrente","18":"product_tag-croche","19":"product_tag-joalheria-contemporanea","20":"product_tag-joia","21":"product_tag-joia-arte","22":"product_tag-joia-colecionavel","23":"product_tag-joyeria","24":"product_tag-la","25":"product_tag-latao","26":"product_tag-necklace","27":"product_tag-nucleo","28":"product_tag-nucleo-joalheria","29":"product_tag-obra-vestivel","30":"product_tag-regina-giovanolli","31":"product_tag-silicone","32":"product_tag-wearable-art","33":"artista-joalheira-regina-giovanolli","35":"first","36":"instock","37":"shipping-taxable","38":"purchasable","39":"product-type-simple"},"_links":{"self":[{"href":"https:\/\/nucleojoalheria.org\/es\/wp-json\/wp\/v2\/product\/2874","targetHints":{"allow":["GET"]}}],"collection":[{"href":"https:\/\/nucleojoalheria.org\/es\/wp-json\/wp\/v2\/product"}],"about":[{"href":"https:\/\/nucleojoalheria.org\/es\/wp-json\/wp\/v2\/types\/product"}],"replies":[{"embeddable":true,"href":"https:\/\/nucleojoalheria.org\/es\/wp-json\/wp\/v2\/comments?post=2874"}],"wp:featuredmedia":[{"embeddable":true,"href":"https:\/\/nucleojoalheria.org\/es\/wp-json\/wp\/v2\/media\/2875"}],"wp:attachment":[{"href":"https:\/\/nucleojoalheria.org\/es\/wp-json\/wp\/v2\/media?parent=2874"}],"wp:term":[{"taxonomy":"product_brand","embeddable":true,"href":"https:\/\/nucleojoalheria.org\/es\/wp-json\/wp\/v2\/product_brand?post=2874"},{"taxonomy":"product_cat","embeddable":true,"href":"https:\/\/nucleojoalheria.org\/es\/wp-json\/wp\/v2\/product_cat?post=2874"},{"taxonomy":"product_tag","embeddable":true,"href":"https:\/\/nucleojoalheria.org\/es\/wp-json\/wp\/v2\/product_tag?post=2874"},{"taxonomy":"artista-joalheira","embeddable":true,"href":"https:\/\/nucleojoalheria.org\/es\/wp-json\/wp\/v2\/artista-joalheira?post=2874"}],"curies":[{"name":"wp","href":"https:\/\/api.w.org\/{rel}","templated":true}]}}