{"id":2883,"date":"2025-06-19T16:09:19","date_gmt":"2025-06-19T19:09:19","guid":{"rendered":"https:\/\/nucleojoalheria.org\/?post_type=product&#038;p=2883"},"modified":"2025-06-27T17:50:27","modified_gmt":"2025-06-27T20:50:27","slug":"brinco-peixe","status":"publish","type":"product","link":"https:\/\/nucleojoalheria.org\/es\/producto\/brinco-peixe\/","title":{"rendered":"Brinco Peixe"},"content":{"rendered":"<p>Sorte elevada a escuta.<\/p>\n<p>A <span style=\"font-weight: 400\">artista resgata pe\u00e7as antigas que cont\u00eam identidade hist\u00f3rica atrav\u00e9s de marcas do tempo (porcelanas fragmentadas) e as une na transmiss\u00e3o de pinturas amalgamando o contempor\u00e2neo com sentimentos que perpetuam em diferentes d\u00e9cadas da vida.<\/span><\/p>\n<p>Fragmento de porcelana de 1891, inglesa e pintura de autoria da artista feita diretamente na porcelana \u00e0 m\u00e3o.<\/p>\n<p>Pe\u00e7a unit\u00e1ria.<\/p>","protected":false},"excerpt":{"rendered":"<p>Sorte elevada a escuta. Pe\u00e7a unit\u00e1ria.<\/p>","protected":false},"featured_media":2884,"comment_status":"closed","ping_status":"closed","template":"","meta":[],"product_brand":[116],"product_cat":[94,106,96,98,109],"product_tag":[170,171,131,138,167,126,139,164,168,169,129,123,130,125,166,128,132,119,124,165,127],"artista-joalheira":[163],"class_list":{"0":"post-2883","1":"product","2":"type-product","3":"status-publish","4":"has-post-thumbnail","6":"product_brand-nucleo-joalheria","7":"product_cat-brincos","8":"product_cat-ceramica","9":"product_cat-objetos-usaveis-wearable-art","10":"product_cat-objetos-esculturas","11":"product_cat-reciclados-reutilizados","12":"product_tag-art-jewel","13":"product_tag-art-jewelry","14":"product_tag-arte-vestivel","15":"product_tag-brinco","16":"product_tag-brinco-peixe","17":"product_tag-colecao-de-joias","18":"product_tag-earrings","19":"product_tag-fernanda-sozzi","20":"product_tag-handpainted","21":"product_tag-jewelry","22":"product_tag-joalheria-contemporanea","23":"product_tag-joia","24":"product_tag-joia-arte","25":"product_tag-joia-colecionavel","26":"product_tag-joia-peixe","27":"product_tag-joyeria","28":"product_tag-nucleo","29":"product_tag-nucleo-joalheria","30":"product_tag-obra-vestivel","31":"product_tag-porcelana","32":"product_tag-wearable-art","33":"artista-joalheira-fernanda-sozzi","35":"first","36":"instock","37":"shipping-taxable","38":"purchasable","39":"product-type-simple"},"_links":{"self":[{"href":"https:\/\/nucleojoalheria.org\/es\/wp-json\/wp\/v2\/product\/2883","targetHints":{"allow":["GET"]}}],"collection":[{"href":"https:\/\/nucleojoalheria.org\/es\/wp-json\/wp\/v2\/product"}],"about":[{"href":"https:\/\/nucleojoalheria.org\/es\/wp-json\/wp\/v2\/types\/product"}],"replies":[{"embeddable":true,"href":"https:\/\/nucleojoalheria.org\/es\/wp-json\/wp\/v2\/comments?post=2883"}],"wp:featuredmedia":[{"embeddable":true,"href":"https:\/\/nucleojoalheria.org\/es\/wp-json\/wp\/v2\/media\/2884"}],"wp:attachment":[{"href":"https:\/\/nucleojoalheria.org\/es\/wp-json\/wp\/v2\/media?parent=2883"}],"wp:term":[{"taxonomy":"product_brand","embeddable":true,"href":"https:\/\/nucleojoalheria.org\/es\/wp-json\/wp\/v2\/product_brand?post=2883"},{"taxonomy":"product_cat","embeddable":true,"href":"https:\/\/nucleojoalheria.org\/es\/wp-json\/wp\/v2\/product_cat?post=2883"},{"taxonomy":"product_tag","embeddable":true,"href":"https:\/\/nucleojoalheria.org\/es\/wp-json\/wp\/v2\/product_tag?post=2883"},{"taxonomy":"artista-joalheira","embeddable":true,"href":"https:\/\/nucleojoalheria.org\/es\/wp-json\/wp\/v2\/artista-joalheira?post=2883"}],"curies":[{"name":"wp","href":"https:\/\/api.w.org\/{rel}","templated":true}]}}