{"id":2888,"date":"2025-06-19T16:13:26","date_gmt":"2025-06-19T19:13:26","guid":{"rendered":"https:\/\/nucleojoalheria.org\/?post_type=product&#038;p=2888"},"modified":"2025-06-27T17:49:25","modified_gmt":"2025-06-27T20:49:25","slug":"brinco-sorte","status":"publish","type":"product","link":"https:\/\/nucleojoalheria.org\/es\/producto\/brinco-sorte\/","title":{"rendered":"Brinco Sorte"},"content":{"rendered":"<p>Na simbologia o peixe dourado significa sorte e riqueza para ser levado junto a orelha o canal de escuta.<\/p>\n<p>A <span style=\"font-weight: 400\">artista resgata pe\u00e7as antigas que cont\u00eam identidade hist\u00f3rica atrav\u00e9s de marcas do tempo (porcelanas fragmentadas) e as une na transmiss\u00e3o de pinturas amalgamando o contempor\u00e2neo com sentimentos que perpetuam em diferentes d\u00e9cadas da vida.<\/span><\/p>\n<p>Porcelana japonesa estilo borr\u00e3o, com pintura \u00e0 m\u00e3o dourada em folha de ouro.<\/p>\n<p>Pe\u00e7a unit\u00e1ria.<\/p>","protected":false},"excerpt":{"rendered":"<p>Na simbologia o peixe dourado significa sorte e riqueza para ser levado junto a orelha o canal de escuta. Pe\u00e7a unit\u00e1ria.<\/p>","protected":false},"featured_media":2891,"comment_status":"closed","ping_status":"closed","template":"","meta":[],"product_brand":[116],"product_cat":[94,106,108,96,98,172,109],"product_tag":[170,131,138,173,126,139,164,168,169,129,123,130,125,128,132,119,124,127],"artista-joalheira":[163],"class_list":{"0":"post-2888","1":"product","2":"type-product","3":"status-publish","4":"has-post-thumbnail","6":"product_brand-nucleo-joalheria","7":"product_cat-brincos","8":"product_cat-ceramica","9":"product_cat-materiais-alternativos","10":"product_cat-objetos-usaveis-wearable-art","11":"product_cat-objetos-esculturas","12":"product_cat-porcelana","13":"product_cat-reciclados-reutilizados","14":"product_tag-art-jewel","15":"product_tag-arte-vestivel","16":"product_tag-brinco","17":"product_tag-brinco-sorte","18":"product_tag-colecao-de-joias","19":"product_tag-earrings","20":"product_tag-fernanda-sozzi","21":"product_tag-handpainted","22":"product_tag-jewelry","23":"product_tag-joalheria-contemporanea","24":"product_tag-joia","25":"product_tag-joia-arte","26":"product_tag-joia-colecionavel","27":"product_tag-joyeria","28":"product_tag-nucleo","29":"product_tag-nucleo-joalheria","30":"product_tag-obra-vestivel","31":"product_tag-wearable-art","32":"artista-joalheira-fernanda-sozzi","34":"first","35":"instock","36":"shipping-taxable","37":"product-type-simple"},"_links":{"self":[{"href":"https:\/\/nucleojoalheria.org\/es\/wp-json\/wp\/v2\/product\/2888","targetHints":{"allow":["GET"]}}],"collection":[{"href":"https:\/\/nucleojoalheria.org\/es\/wp-json\/wp\/v2\/product"}],"about":[{"href":"https:\/\/nucleojoalheria.org\/es\/wp-json\/wp\/v2\/types\/product"}],"replies":[{"embeddable":true,"href":"https:\/\/nucleojoalheria.org\/es\/wp-json\/wp\/v2\/comments?post=2888"}],"wp:featuredmedia":[{"embeddable":true,"href":"https:\/\/nucleojoalheria.org\/es\/wp-json\/wp\/v2\/media\/2891"}],"wp:attachment":[{"href":"https:\/\/nucleojoalheria.org\/es\/wp-json\/wp\/v2\/media?parent=2888"}],"wp:term":[{"taxonomy":"product_brand","embeddable":true,"href":"https:\/\/nucleojoalheria.org\/es\/wp-json\/wp\/v2\/product_brand?post=2888"},{"taxonomy":"product_cat","embeddable":true,"href":"https:\/\/nucleojoalheria.org\/es\/wp-json\/wp\/v2\/product_cat?post=2888"},{"taxonomy":"product_tag","embeddable":true,"href":"https:\/\/nucleojoalheria.org\/es\/wp-json\/wp\/v2\/product_tag?post=2888"},{"taxonomy":"artista-joalheira","embeddable":true,"href":"https:\/\/nucleojoalheria.org\/es\/wp-json\/wp\/v2\/artista-joalheira?post=2888"}],"curies":[{"name":"wp","href":"https:\/\/api.w.org\/{rel}","templated":true}]}}