{"id":2933,"date":"2025-06-19T16:33:21","date_gmt":"2025-06-19T19:33:21","guid":{"rendered":"https:\/\/nucleojoalheria.org\/?post_type=product&#038;p=2933"},"modified":"2026-02-16T13:44:49","modified_gmt":"2026-02-16T16:44:49","slug":"brinco-lagrimas","status":"publish","type":"product","link":"https:\/\/nucleojoalheria.org\/es\/producto\/brinco-lagrimas\/","title":{"rendered":"Brinco L\u00e1grimas"},"content":{"rendered":"<p>Numa \u00f3ptica surrealista em que a l\u00e1grima invade a vis\u00e3o como sentimento mais profundo transborda na alma.<\/p>\n<p><span style=\"font-weight: 400\">O trabalho da artista joalheira Fernanda Sozzi resgata pe\u00e7as antigas que cont\u00eam identidade hist\u00f3rica atrav\u00e9s de marcas do tempo e as une na transmiss\u00e3o de pinturas amalgamando o contempor\u00e2neo com sentimentos que perpetuam em diferentes d\u00e9cadas da vida.<\/span><\/p>","protected":false},"excerpt":{"rendered":"<p>Numa \u00f3ptica surrealista em que a l\u00e1grima invade a vis\u00e3o como sentimento mais profundo transborda na alma.<\/p>","protected":false},"featured_media":2934,"comment_status":"closed","ping_status":"closed","template":"","meta":[],"product_brand":[116],"product_cat":[94,101],"product_tag":[131,138,139,176,177,164,169,128,119,127],"artista-joalheira":[163],"class_list":{"0":"post-2933","1":"product","2":"type-product","3":"status-publish","4":"has-post-thumbnail","6":"product_brand-nucleo-joalheria","7":"product_cat-brincos","8":"product_cat-cobre-latao-bronze","9":"product_tag-arte-vestivel","10":"product_tag-brinco","11":"product_tag-earrings","12":"product_tag-eye-jewel","13":"product_tag-eye-jewelry","14":"product_tag-fernanda-sozzi","15":"product_tag-jewelry","16":"product_tag-joyeria","17":"product_tag-nucleo-joalheria","18":"product_tag-wearable-art","19":"artista-joalheira-fernanda-sozzi","21":"first","22":"outofstock","23":"shipping-taxable","24":"purchasable","25":"product-type-simple"},"_links":{"self":[{"href":"https:\/\/nucleojoalheria.org\/es\/wp-json\/wp\/v2\/product\/2933","targetHints":{"allow":["GET"]}}],"collection":[{"href":"https:\/\/nucleojoalheria.org\/es\/wp-json\/wp\/v2\/product"}],"about":[{"href":"https:\/\/nucleojoalheria.org\/es\/wp-json\/wp\/v2\/types\/product"}],"replies":[{"embeddable":true,"href":"https:\/\/nucleojoalheria.org\/es\/wp-json\/wp\/v2\/comments?post=2933"}],"wp:featuredmedia":[{"embeddable":true,"href":"https:\/\/nucleojoalheria.org\/es\/wp-json\/wp\/v2\/media\/2934"}],"wp:attachment":[{"href":"https:\/\/nucleojoalheria.org\/es\/wp-json\/wp\/v2\/media?parent=2933"}],"wp:term":[{"taxonomy":"product_brand","embeddable":true,"href":"https:\/\/nucleojoalheria.org\/es\/wp-json\/wp\/v2\/product_brand?post=2933"},{"taxonomy":"product_cat","embeddable":true,"href":"https:\/\/nucleojoalheria.org\/es\/wp-json\/wp\/v2\/product_cat?post=2933"},{"taxonomy":"product_tag","embeddable":true,"href":"https:\/\/nucleojoalheria.org\/es\/wp-json\/wp\/v2\/product_tag?post=2933"},{"taxonomy":"artista-joalheira","embeddable":true,"href":"https:\/\/nucleojoalheria.org\/es\/wp-json\/wp\/v2\/artista-joalheira?post=2933"}],"curies":[{"name":"wp","href":"https:\/\/api.w.org\/{rel}","templated":true}]}}