{"id":3000,"date":"2025-06-19T17:25:24","date_gmt":"2025-06-19T20:25:24","guid":{"rendered":"https:\/\/nucleojoalheria.org\/?post_type=product&#038;p=3000"},"modified":"2025-06-27T17:30:38","modified_gmt":"2025-06-27T20:30:38","slug":"earcuff-obsession","status":"publish","type":"product","link":"https:\/\/nucleojoalheria.org\/es\/producto\/earcuff-obsession\/","title":{"rendered":"Obsesi\u00f3n por las esposas"},"content":{"rendered":"<p><span style=\"font-weight: 400\">As j\u00f3ias do artista joalheiro Pohl s\u00e3o como as pessoas, singulares em suas caracter\u00edsticas e incompar\u00e1veis em sua ess\u00eancia.<\/span><\/p>\n<p>Com est\u00e9tica singular e t\u00e9cnica o artista cria pe\u00e7as \u00fanicas que inspiram pot\u00eancia.<\/p>","protected":false},"excerpt":{"rendered":"<p><span style=\"font-weight: 400\">As j\u00f3ias s\u00e3o como as pessoas, singulares em suas caracter\u00edsticas e incompar\u00e1veis em sua ess\u00eancia.<\/span><\/p>","protected":false},"featured_media":2973,"comment_status":"closed","ping_status":"closed","template":"","meta":[],"product_brand":[],"product_cat":[23],"product_tag":[170,131,138,189,126,191,169,129,123,125,128,132,119,115,188],"artista-joalheira":[73],"class_list":{"0":"post-3000","1":"product","2":"type-product","3":"status-publish","4":"has-post-thumbnail","6":"product_cat-por-tipo-de-peca","7":"product_tag-art-jewel","8":"product_tag-arte-vestivel","9":"product_tag-brinco","10":"product_tag-bronze","11":"product_tag-colecao-de-joias","12":"product_tag-earcuff","13":"product_tag-jewelry","14":"product_tag-joalheria-contemporanea","15":"product_tag-joia","16":"product_tag-joia-colecionavel","17":"product_tag-joyeria","18":"product_tag-nucleo","19":"product_tag-nucleo-joalheria","20":"product_tag-ouro","21":"product_tag-pohl","22":"artista-joalheira-pohl","24":"first","25":"instock","26":"shipping-taxable","27":"purchasable","28":"product-type-simple"},"_links":{"self":[{"href":"https:\/\/nucleojoalheria.org\/es\/wp-json\/wp\/v2\/product\/3000","targetHints":{"allow":["GET"]}}],"collection":[{"href":"https:\/\/nucleojoalheria.org\/es\/wp-json\/wp\/v2\/product"}],"about":[{"href":"https:\/\/nucleojoalheria.org\/es\/wp-json\/wp\/v2\/types\/product"}],"replies":[{"embeddable":true,"href":"https:\/\/nucleojoalheria.org\/es\/wp-json\/wp\/v2\/comments?post=3000"}],"wp:featuredmedia":[{"embeddable":true,"href":"https:\/\/nucleojoalheria.org\/es\/wp-json\/wp\/v2\/media\/2973"}],"wp:attachment":[{"href":"https:\/\/nucleojoalheria.org\/es\/wp-json\/wp\/v2\/media?parent=3000"}],"wp:term":[{"taxonomy":"product_brand","embeddable":true,"href":"https:\/\/nucleojoalheria.org\/es\/wp-json\/wp\/v2\/product_brand?post=3000"},{"taxonomy":"product_cat","embeddable":true,"href":"https:\/\/nucleojoalheria.org\/es\/wp-json\/wp\/v2\/product_cat?post=3000"},{"taxonomy":"product_tag","embeddable":true,"href":"https:\/\/nucleojoalheria.org\/es\/wp-json\/wp\/v2\/product_tag?post=3000"},{"taxonomy":"artista-joalheira","embeddable":true,"href":"https:\/\/nucleojoalheria.org\/es\/wp-json\/wp\/v2\/artista-joalheira?post=3000"}],"curies":[{"name":"wp","href":"https:\/\/api.w.org\/{rel}","templated":true}]}}