{"id":3026,"date":"2025-06-19T18:08:00","date_gmt":"2025-06-19T21:08:00","guid":{"rendered":"https:\/\/nucleojoalheria.org\/?post_type=product&#038;p=3026"},"modified":"2025-06-27T17:21:13","modified_gmt":"2025-06-27T20:21:13","slug":"anel-forma-m","status":"publish","type":"product","link":"https:\/\/nucleojoalheria.org\/es\/producto\/anel-forma-m\/","title":{"rendered":"Anel Forma (M)"},"content":{"rendered":"<p>Formas simples, org\u00e2nicas e com presen\u00e7a.<\/p>\n<p>O trabalho da artista joalheira Helena Guimar\u00e3es fala sobre<span style=\"font-weight: 400\"> experimentar a vida com liberdade e poesia atrav\u00e9s da joalheria.<\/span><\/p>\n<p>Dispon\u00edvel em tr\u00eas tamanhos P, M e G.<\/p>\n<p>Anuncio referente ao tamanho M.<\/p>\n<p>Conhe\u00e7a outras pe\u00e7as da artista na plataforma do N\u00facleo.<\/p>","protected":false},"excerpt":{"rendered":"<p>Formas simples, org\u00e2nicas e com presen\u00e7a.<\/p>","protected":false},"featured_media":3022,"comment_status":"closed","ping_status":"closed","template":"","meta":[],"product_brand":[116],"product_cat":[91],"product_tag":[],"artista-joalheira":[63],"class_list":{"0":"post-3026","1":"product","2":"type-product","3":"status-publish","4":"has-post-thumbnail","6":"product_brand-nucleo-joalheria","7":"product_cat-aneis","8":"artista-joalheira-helena-guimaraes","10":"first","11":"instock","12":"shipping-taxable","13":"purchasable","14":"product-type-simple"},"_links":{"self":[{"href":"https:\/\/nucleojoalheria.org\/es\/wp-json\/wp\/v2\/product\/3026","targetHints":{"allow":["GET"]}}],"collection":[{"href":"https:\/\/nucleojoalheria.org\/es\/wp-json\/wp\/v2\/product"}],"about":[{"href":"https:\/\/nucleojoalheria.org\/es\/wp-json\/wp\/v2\/types\/product"}],"replies":[{"embeddable":true,"href":"https:\/\/nucleojoalheria.org\/es\/wp-json\/wp\/v2\/comments?post=3026"}],"wp:featuredmedia":[{"embeddable":true,"href":"https:\/\/nucleojoalheria.org\/es\/wp-json\/wp\/v2\/media\/3022"}],"wp:attachment":[{"href":"https:\/\/nucleojoalheria.org\/es\/wp-json\/wp\/v2\/media?parent=3026"}],"wp:term":[{"taxonomy":"product_brand","embeddable":true,"href":"https:\/\/nucleojoalheria.org\/es\/wp-json\/wp\/v2\/product_brand?post=3026"},{"taxonomy":"product_cat","embeddable":true,"href":"https:\/\/nucleojoalheria.org\/es\/wp-json\/wp\/v2\/product_cat?post=3026"},{"taxonomy":"product_tag","embeddable":true,"href":"https:\/\/nucleojoalheria.org\/es\/wp-json\/wp\/v2\/product_tag?post=3026"},{"taxonomy":"artista-joalheira","embeddable":true,"href":"https:\/\/nucleojoalheria.org\/es\/wp-json\/wp\/v2\/artista-joalheira?post=3026"}],"curies":[{"name":"wp","href":"https:\/\/api.w.org\/{rel}","templated":true}]}}