{"id":3028,"date":"2025-06-19T18:13:49","date_gmt":"2025-06-19T21:13:49","guid":{"rendered":"https:\/\/nucleojoalheria.org\/?post_type=product&#038;p=3028"},"modified":"2025-06-27T17:19:03","modified_gmt":"2025-06-27T20:19:03","slug":"anel-cor-g","status":"publish","type":"product","link":"https:\/\/nucleojoalheria.org\/es\/producto\/anel-cor-g\/","title":{"rendered":"Anel Cor (G)"},"content":{"rendered":"<p>O trabalho da artista joalheira Helena Guimar\u00e3es fala sobre<span style=\"font-weight: 400\"> experimentar a vida com liberdade e poesia atrav\u00e9s da joalheria.<\/span><\/p>\n<p>Os an\u00e9is Cor prop\u00f5e a sutileza da cor em uma pe\u00e7a elegante e divertida.<\/p>","protected":false},"excerpt":{"rendered":"<p>Esfera com aproximadamente 12 mil\u00edmetros de di\u00e2metro.<\/p>","protected":false},"featured_media":3031,"comment_status":"closed","ping_status":"closed","template":"","meta":[],"product_brand":[116],"product_cat":[91,103,100],"product_tag":[114,170,194,169,119,137],"artista-joalheira":[63],"class_list":{"0":"post-3028","1":"product","2":"type-product","3":"status-publish","4":"has-post-thumbnail","6":"product_brand-nucleo-joalheria","7":"product_cat-aneis","8":"product_cat-pedra-mineral","9":"product_cat-prata","10":"product_tag-anel","11":"product_tag-art-jewel","12":"product_tag-helena-guimaraes","13":"product_tag-jewelry","14":"product_tag-nucleo-joalheria","15":"product_tag-ring","16":"artista-joalheira-helena-guimaraes","18":"first","19":"instock","20":"shipping-taxable","21":"purchasable","22":"product-type-simple"},"_links":{"self":[{"href":"https:\/\/nucleojoalheria.org\/es\/wp-json\/wp\/v2\/product\/3028","targetHints":{"allow":["GET"]}}],"collection":[{"href":"https:\/\/nucleojoalheria.org\/es\/wp-json\/wp\/v2\/product"}],"about":[{"href":"https:\/\/nucleojoalheria.org\/es\/wp-json\/wp\/v2\/types\/product"}],"replies":[{"embeddable":true,"href":"https:\/\/nucleojoalheria.org\/es\/wp-json\/wp\/v2\/comments?post=3028"}],"wp:featuredmedia":[{"embeddable":true,"href":"https:\/\/nucleojoalheria.org\/es\/wp-json\/wp\/v2\/media\/3031"}],"wp:attachment":[{"href":"https:\/\/nucleojoalheria.org\/es\/wp-json\/wp\/v2\/media?parent=3028"}],"wp:term":[{"taxonomy":"product_brand","embeddable":true,"href":"https:\/\/nucleojoalheria.org\/es\/wp-json\/wp\/v2\/product_brand?post=3028"},{"taxonomy":"product_cat","embeddable":true,"href":"https:\/\/nucleojoalheria.org\/es\/wp-json\/wp\/v2\/product_cat?post=3028"},{"taxonomy":"product_tag","embeddable":true,"href":"https:\/\/nucleojoalheria.org\/es\/wp-json\/wp\/v2\/product_tag?post=3028"},{"taxonomy":"artista-joalheira","embeddable":true,"href":"https:\/\/nucleojoalheria.org\/es\/wp-json\/wp\/v2\/artista-joalheira?post=3028"}],"curies":[{"name":"wp","href":"https:\/\/api.w.org\/{rel}","templated":true}]}}