{"id":3067,"date":"2025-06-20T14:59:47","date_gmt":"2025-06-20T17:59:47","guid":{"rendered":"https:\/\/nucleojoalheria.org\/?post_type=product&#038;p=3067"},"modified":"2025-06-27T16:56:40","modified_gmt":"2025-06-27T19:56:40","slug":"brinco-abacate","status":"publish","type":"product","link":"https:\/\/nucleojoalheria.org\/es\/producto\/brinco-abacate\/","title":{"rendered":"Brinco Abacate"},"content":{"rendered":"<p><span style=\"font-weight: 400\">A pele da natureza representada pelas cascas e seu processo de transforma\u00e7\u00e3o at\u00e9 se tornar duradoura e eterna.Texturas \u00fanicas, preservando diferentes formas e colora\u00e7\u00f5es. Uma fonte inesgot\u00e1vel de possibilidades.<\/span><\/p>\n<p><span style=\"font-weight: 400\">Dualidade entre for\u00e7a e fragilidade.\u00a0<\/span><\/p>\n<p>Feita com casca de abacate trabalhada com a t\u00e9cnica da eletroforma\u00e7\u00e3o.<\/p>","protected":false},"excerpt":{"rendered":"<p><span style=\"font-weight: 400\">Dualidade entre for\u00e7a e fragilidade. Brinco Casca de abacate trabalhada com a eletroforma\u00e7\u00e3o.<\/span><\/p>","protected":false},"featured_media":3068,"comment_status":"closed","ping_status":"closed","template":"","meta":[],"product_brand":[116],"product_cat":[94,101,108,110],"product_tag":[170,131,138,126,139,169,129,123,130,128,196,132,119,127],"artista-joalheira":[195],"class_list":{"0":"post-3067","1":"product","2":"type-product","3":"status-publish","4":"has-post-thumbnail","6":"product_brand-nucleo-joalheria","7":"product_cat-brincos","8":"product_cat-cobre-latao-bronze","9":"product_cat-materiais-alternativos","10":"product_cat-organicos-naturais","11":"product_tag-art-jewel","12":"product_tag-arte-vestivel","13":"product_tag-brinco","14":"product_tag-colecao-de-joias","15":"product_tag-earrings","16":"product_tag-jewelry","17":"product_tag-joalheria-contemporanea","18":"product_tag-joia","19":"product_tag-joia-arte","20":"product_tag-joyeria","21":"product_tag-lili-veinert","22":"product_tag-nucleo","23":"product_tag-nucleo-joalheria","24":"product_tag-wearable-art","25":"artista-joalheira-lili-veinert","27":"first","28":"instock","29":"shipping-taxable","30":"purchasable","31":"product-type-simple"},"_links":{"self":[{"href":"https:\/\/nucleojoalheria.org\/es\/wp-json\/wp\/v2\/product\/3067","targetHints":{"allow":["GET"]}}],"collection":[{"href":"https:\/\/nucleojoalheria.org\/es\/wp-json\/wp\/v2\/product"}],"about":[{"href":"https:\/\/nucleojoalheria.org\/es\/wp-json\/wp\/v2\/types\/product"}],"replies":[{"embeddable":true,"href":"https:\/\/nucleojoalheria.org\/es\/wp-json\/wp\/v2\/comments?post=3067"}],"wp:featuredmedia":[{"embeddable":true,"href":"https:\/\/nucleojoalheria.org\/es\/wp-json\/wp\/v2\/media\/3068"}],"wp:attachment":[{"href":"https:\/\/nucleojoalheria.org\/es\/wp-json\/wp\/v2\/media?parent=3067"}],"wp:term":[{"taxonomy":"product_brand","embeddable":true,"href":"https:\/\/nucleojoalheria.org\/es\/wp-json\/wp\/v2\/product_brand?post=3067"},{"taxonomy":"product_cat","embeddable":true,"href":"https:\/\/nucleojoalheria.org\/es\/wp-json\/wp\/v2\/product_cat?post=3067"},{"taxonomy":"product_tag","embeddable":true,"href":"https:\/\/nucleojoalheria.org\/es\/wp-json\/wp\/v2\/product_tag?post=3067"},{"taxonomy":"artista-joalheira","embeddable":true,"href":"https:\/\/nucleojoalheria.org\/es\/wp-json\/wp\/v2\/artista-joalheira?post=3067"}],"curies":[{"name":"wp","href":"https:\/\/api.w.org\/{rel}","templated":true}]}}