{"id":3083,"date":"2025-06-20T15:12:11","date_gmt":"2025-06-20T18:12:11","guid":{"rendered":"https:\/\/nucleojoalheria.org\/?post_type=product&#038;p=3083"},"modified":"2025-06-27T16:45:47","modified_gmt":"2025-06-27T19:45:47","slug":"brinco-dragao-sereia","status":"publish","type":"product","link":"https:\/\/nucleojoalheria.org\/es\/producto\/brinco-dragao-sereia\/","title":{"rendered":"Brinco Drag\u00e3o Sereia"},"content":{"rendered":"<p><span style=\"font-weight: 400\">A pele da natureza representada pelas cascas e seu processo de transforma\u00e7\u00e3o at\u00e9 se tornar duradoura e eterna.Texturas \u00fanicas, preservando diferentes formas e colora\u00e7\u00f5es.Uma fonte inesgot\u00e1vel de possibilidades.<\/span><\/p>\n<p><span style=\"font-weight: 400\">A s\u00e9rie \u201cPele de Drag\u00e3o\u201d preserva as cores das cascas, alinhando-se \u00e0 tem\u00e1tica. Metal em finaliza\u00e7\u00e3o (sem polimento, patinado pelo fogo ou processo de colora\u00e7\u00e3o natural) complementa a narrativa.<\/span><\/p>\n<p>&nbsp;<\/p>","protected":false},"excerpt":{"rendered":"<p>Da s\u00e9rie <strong>Pele de Drag\u00e3o. <\/strong>Aborda <span style=\"font-weight: 400\">o mist\u00e9rio das mat\u00e9rias.<\/span><\/p>","protected":false},"featured_media":3084,"comment_status":"closed","ping_status":"closed","template":"","meta":[],"product_brand":[116],"product_cat":[94,101,110],"product_tag":[170,131,138,126,139,169,129,130,125,128,196,119],"artista-joalheira":[195],"class_list":{"0":"post-3083","1":"product","2":"type-product","3":"status-publish","4":"has-post-thumbnail","6":"product_brand-nucleo-joalheria","7":"product_cat-brincos","8":"product_cat-cobre-latao-bronze","9":"product_cat-organicos-naturais","10":"product_tag-art-jewel","11":"product_tag-arte-vestivel","12":"product_tag-brinco","13":"product_tag-colecao-de-joias","14":"product_tag-earrings","15":"product_tag-jewelry","16":"product_tag-joalheria-contemporanea","17":"product_tag-joia-arte","18":"product_tag-joia-colecionavel","19":"product_tag-joyeria","20":"product_tag-lili-veinert","21":"product_tag-nucleo-joalheria","22":"artista-joalheira-lili-veinert","24":"first","25":"instock","26":"shipping-taxable","27":"purchasable","28":"product-type-simple"},"_links":{"self":[{"href":"https:\/\/nucleojoalheria.org\/es\/wp-json\/wp\/v2\/product\/3083","targetHints":{"allow":["GET"]}}],"collection":[{"href":"https:\/\/nucleojoalheria.org\/es\/wp-json\/wp\/v2\/product"}],"about":[{"href":"https:\/\/nucleojoalheria.org\/es\/wp-json\/wp\/v2\/types\/product"}],"replies":[{"embeddable":true,"href":"https:\/\/nucleojoalheria.org\/es\/wp-json\/wp\/v2\/comments?post=3083"}],"wp:featuredmedia":[{"embeddable":true,"href":"https:\/\/nucleojoalheria.org\/es\/wp-json\/wp\/v2\/media\/3084"}],"wp:attachment":[{"href":"https:\/\/nucleojoalheria.org\/es\/wp-json\/wp\/v2\/media?parent=3083"}],"wp:term":[{"taxonomy":"product_brand","embeddable":true,"href":"https:\/\/nucleojoalheria.org\/es\/wp-json\/wp\/v2\/product_brand?post=3083"},{"taxonomy":"product_cat","embeddable":true,"href":"https:\/\/nucleojoalheria.org\/es\/wp-json\/wp\/v2\/product_cat?post=3083"},{"taxonomy":"product_tag","embeddable":true,"href":"https:\/\/nucleojoalheria.org\/es\/wp-json\/wp\/v2\/product_tag?post=3083"},{"taxonomy":"artista-joalheira","embeddable":true,"href":"https:\/\/nucleojoalheria.org\/es\/wp-json\/wp\/v2\/artista-joalheira?post=3083"}],"curies":[{"name":"wp","href":"https:\/\/api.w.org\/{rel}","templated":true}]}}