{"id":3131,"date":"2025-06-20T15:55:34","date_gmt":"2025-06-20T18:55:34","guid":{"rendered":"https:\/\/nucleojoalheria.org\/?post_type=product&#038;p=3131"},"modified":"2025-06-25T12:05:46","modified_gmt":"2025-06-25T15:05:46","slug":"anel-iv-pedro-generoso","status":"publish","type":"product","link":"https:\/\/nucleojoalheria.org\/es\/producto\/anel-iv-pedro-generoso\/","title":{"rendered":"Anel IV Pedro Generoso"},"content":{"rendered":"<p>O interessante nos mat\u00e9rias para cria\u00e7\u00e3o \u00e9 quando se altera o sentido daquilo que \u00e9 pr\u00e9 estabelecido como meta.<\/p>\n<p>Os an\u00e9is esculturais do artista joalheiro Pedro Generoso carregam em si for\u00e7a e pot\u00eancia, alinhados com volumes que remetem e aprofundam camadas da mat\u00e9ria prima protagonista do trabalho do artista, a madeira.<\/p>\n<p>Conhe\u00e7a outras pe\u00e7as do artista na loja do N\u00facleo.<\/p>","protected":false},"excerpt":{"rendered":"<p>An\u00e9is que carregam em si a for\u00e7a e a pot\u00eancia, alinhados com volumes que remetem e aprofundam camadas da mat\u00e9ria prima protagonista do trabalho do artista, a madeira.<\/p>","protected":false},"featured_media":3115,"comment_status":"closed","ping_status":"closed","template":"","meta":[],"product_brand":[116],"product_cat":[91],"product_tag":[],"artista-joalheira":[72],"class_list":{"0":"post-3131","1":"product","2":"type-product","3":"status-publish","4":"has-post-thumbnail","6":"product_brand-nucleo-joalheria","7":"product_cat-aneis","8":"artista-joalheira-pedro-generoso","10":"first","11":"instock","12":"shipping-taxable","13":"purchasable","14":"product-type-simple"},"_links":{"self":[{"href":"https:\/\/nucleojoalheria.org\/es\/wp-json\/wp\/v2\/product\/3131","targetHints":{"allow":["GET"]}}],"collection":[{"href":"https:\/\/nucleojoalheria.org\/es\/wp-json\/wp\/v2\/product"}],"about":[{"href":"https:\/\/nucleojoalheria.org\/es\/wp-json\/wp\/v2\/types\/product"}],"replies":[{"embeddable":true,"href":"https:\/\/nucleojoalheria.org\/es\/wp-json\/wp\/v2\/comments?post=3131"}],"wp:featuredmedia":[{"embeddable":true,"href":"https:\/\/nucleojoalheria.org\/es\/wp-json\/wp\/v2\/media\/3115"}],"wp:attachment":[{"href":"https:\/\/nucleojoalheria.org\/es\/wp-json\/wp\/v2\/media?parent=3131"}],"wp:term":[{"taxonomy":"product_brand","embeddable":true,"href":"https:\/\/nucleojoalheria.org\/es\/wp-json\/wp\/v2\/product_brand?post=3131"},{"taxonomy":"product_cat","embeddable":true,"href":"https:\/\/nucleojoalheria.org\/es\/wp-json\/wp\/v2\/product_cat?post=3131"},{"taxonomy":"product_tag","embeddable":true,"href":"https:\/\/nucleojoalheria.org\/es\/wp-json\/wp\/v2\/product_tag?post=3131"},{"taxonomy":"artista-joalheira","embeddable":true,"href":"https:\/\/nucleojoalheria.org\/es\/wp-json\/wp\/v2\/artista-joalheira?post=3131"}],"curies":[{"name":"wp","href":"https:\/\/api.w.org\/{rel}","templated":true}]}}