{"id":3156,"date":"2025-06-20T16:09:39","date_gmt":"2025-06-20T19:09:39","guid":{"rendered":"https:\/\/nucleojoalheria.org\/?post_type=product&#038;p=3156"},"modified":"2025-06-25T11:47:46","modified_gmt":"2025-06-25T14:47:46","slug":"brinco-formentera-bubble","status":"publish","type":"product","link":"https:\/\/nucleojoalheria.org\/es\/producto\/brinco-formentera-bubble\/","title":{"rendered":"Brinco Formentera Bubble"},"content":{"rendered":"<p>Quando as diferen\u00e7as se tornam complementares e, ao mesmo tempo, amb\u00edguas. Isso nos torna \u00fanicos.<\/p>\n<p>Pe\u00e7a da s\u00e9rie &#8220;Formentera&#8221; da artista joalheira Raisa D&#8217;amato.<\/p>\n<p>Material: Prata oxidada<\/p>","protected":false},"excerpt":{"rendered":"<p>Quando as diferen\u00e7as se tornam complementares e, ao mesmo tempo, amb\u00edguas. Isso nos torna \u00fanicos.<\/p>","protected":false},"featured_media":3153,"comment_status":"closed","ping_status":"closed","template":"","meta":[],"product_brand":[116],"product_cat":[94,100],"product_tag":[],"artista-joalheira":[74],"class_list":{"0":"post-3156","1":"product","2":"type-product","3":"status-publish","4":"has-post-thumbnail","6":"product_brand-nucleo-joalheria","7":"product_cat-brincos","8":"product_cat-prata","9":"artista-joalheira-raisa-damato","11":"first","12":"instock","13":"shipping-taxable","14":"purchasable","15":"product-type-simple"},"_links":{"self":[{"href":"https:\/\/nucleojoalheria.org\/es\/wp-json\/wp\/v2\/product\/3156","targetHints":{"allow":["GET"]}}],"collection":[{"href":"https:\/\/nucleojoalheria.org\/es\/wp-json\/wp\/v2\/product"}],"about":[{"href":"https:\/\/nucleojoalheria.org\/es\/wp-json\/wp\/v2\/types\/product"}],"replies":[{"embeddable":true,"href":"https:\/\/nucleojoalheria.org\/es\/wp-json\/wp\/v2\/comments?post=3156"}],"wp:featuredmedia":[{"embeddable":true,"href":"https:\/\/nucleojoalheria.org\/es\/wp-json\/wp\/v2\/media\/3153"}],"wp:attachment":[{"href":"https:\/\/nucleojoalheria.org\/es\/wp-json\/wp\/v2\/media?parent=3156"}],"wp:term":[{"taxonomy":"product_brand","embeddable":true,"href":"https:\/\/nucleojoalheria.org\/es\/wp-json\/wp\/v2\/product_brand?post=3156"},{"taxonomy":"product_cat","embeddable":true,"href":"https:\/\/nucleojoalheria.org\/es\/wp-json\/wp\/v2\/product_cat?post=3156"},{"taxonomy":"product_tag","embeddable":true,"href":"https:\/\/nucleojoalheria.org\/es\/wp-json\/wp\/v2\/product_tag?post=3156"},{"taxonomy":"artista-joalheira","embeddable":true,"href":"https:\/\/nucleojoalheria.org\/es\/wp-json\/wp\/v2\/artista-joalheira?post=3156"}],"curies":[{"name":"wp","href":"https:\/\/api.w.org\/{rel}","templated":true}]}}